{"id":96505,"date":"2021-04-09T16:58:37","date_gmt":"2021-04-09T16:58:37","guid":{"rendered":"https:\/\/indi.cat\/?page_id=96505"},"modified":"2021-05-01T17:20:38","modified_gmt":"2021-05-01T17:20:38","slug":"2021-teresa-riesgo","status":"publish","type":"page","link":"https:\/\/indi.cat\/es\/2021-teresa-riesgo\/","title":{"rendered":"Teresa Riesgo"},"content":{"rendered":"<div class=\"wpb-content-wrapper\"><p>[vc_row margin_top=\u00bb50px\u00bb margin_bottom=\u00bb40px\u00bb][vc_column width=\u00bb1\/4&#8243; css=\u00bb.vc_custom_1489653926973{margin-top: -20px !important;}\u00bb][vc_single_image image=\u00bb94703&#8243; img_size=\u00bbfull\u00bb alignment=\u00bbcenter\u00bb image_hovers=\u00bbfalse\u00bb][\/vc_column][vc_column width=\u00bb3\/4&#8243;][vc_column_text el_class=\u00bbtitu-negre\u00bb css=\u00bb.vc_custom_1617987454013{margin-bottom: 40px !important;}\u00bb]Teresa Riesgo[\/vc_column_text][vc_column_text]Secretaria General de Innovaci\u00f3n del Ministerio de Ciencia e Innovaci\u00f3n y Presidenta del Centro para el Desarrollo Tecnol\u00f3gico Industrial (CDTI) desde 2020.<\/p>\n<p>Doctora Ingeniera Industrial por la Universidad Polit\u00e9cnica de Madrid (1996), Catedr\u00e1tica de Tecnolog\u00eda Electr\u00f3nica en la UPM (2003). Ha publicado m\u00e1s de 200 documentos cient\u00edficos, ha participado en m\u00e1s de 60 proyectos de investigaci\u00f3n, en muchos casos con empresas.<\/p>\n<p>Ha sido directora general de I+D+I del Ministerio de Ciencia, Innovaci\u00f3n y Universidades entre julio de 2018 y enero de 2020.[\/vc_column_text][\/vc_column][\/vc_row][vc_row type=\u00bbvc_default\u00bb full_width=\u00bbstretch_row_content_no_spaces\u00bb content_placement=\u00bbmiddle\u00bb css=\u00bb.vc_custom_1489394714797{margin-bottom: -70px !important;background-color: #000000 !important;}\u00bb][vc_column][vc_column_text css=\u00bb.vc_custom_1493106847678{margin-bottom: 5px !important;}\u00bb]<\/p>\n<div style=\"text-align: center; width: 100%;\"><a href=\"https:\/\/twitter.com\/INDI_viladecans\" target=\"_blank\" rel=\"noopener noreferrer\"><img decoding=\"async\" class=\"wp-image-65 size-full\" style=\"margin-right: 3px;\" src=\"https:\/\/indi.cat\/wp-content\/uploads\/twi-b.png\" alt=\"\" width=\"32\" height=\"37\" \/><\/a><a href=\"https:\/\/www.linkedin.com\/company-beta\/11070686\" target=\"_blank\" rel=\"noopener noreferrer\"><img decoding=\"async\" class=\"wp-image-63 size-full\" style=\"margin-right: 3px;\" src=\"https:\/\/indi.cat\/wp-content\/uploads\/link-b.png\" alt=\"\" width=\"32\" height=\"37\" \/><\/a><a href=\"https:\/\/www.youtube.com\/channel\/UCCZB7eGXiFeX1OEJ5z0Gykw\" target=\"_blank\" rel=\"noopener noreferrer\"><img decoding=\"async\" class=\"wp-image-68 size-full\" src=\"https:\/\/indi.cat\/wp-content\/uploads\/you-b-1.png\" alt=\"\" width=\"32\" height=\"37\" \/><\/a><\/div>\n<p>[\/vc_column_text][vc_column_text css=\u00bb.vc_custom_1489394798837{border-bottom-width: 15px !important;}\u00bb el_class=\u00bbblanc\u00bb]<\/p>\n<p style=\"text-align: center;\">#FENTLINDI<\/p>\n<p>[\/vc_column_text][\/vc_column][\/vc_row][vc_row][vc_column][vc_raw_html]PHN0eWxlPg0KLm1lbnUtaXRlbS0yNDYgYSAubWVudS1pdGVtLXRleHQgLm1lbnUtdGV4dCB7PGJyIC8+DQogICAgY29sb3I6ICMwMGE4YjQgIWltcG9ydGFudDs8YnIgLz4NCn08YnIgLz4NCjwvc3R5bGU+[\/vc_raw_html][\/vc_column][\/vc_row]<\/p>\n<\/div>","protected":false},"excerpt":{"rendered":"<p>[vc_row margin_top=\u00bb50px\u00bb margin_bottom=\u00bb40px\u00bb][vc_column width=\u00bb1\/4&#8243; css=\u00bb.vc_custom_1489653926973{margin-top: -20px !important;}\u00bb][vc_single_image image=\u00bb94703&#8243; img_size=\u00bbfull\u00bb alignment=\u00bbcenter\u00bb image_hovers=\u00bbfalse\u00bb][\/vc_column][vc_column width=\u00bb3\/4&#8243;][vc_column_text el_class=\u00bbtitu-negre\u00bb css=\u00bb.vc_custom_1617987454013{margin-bottom: 40px !important;}\u00bb]Teresa Riesgo[\/vc_column_text][vc_column_text]Secretaria General de Innovaci\u00f3n del Ministerio de Ciencia e Innovaci\u00f3n y Presidenta del Centro para el Desarrollo Tecnol\u00f3gico Industrial (CDTI) desde 2020. Doctora Ingeniera Industrial por la Universidad Polit\u00e9cnica de Madrid (1996), Catedr\u00e1tica de Tecnolog\u00eda Electr\u00f3nica en la UPM&hellip;<\/p>\n","protected":false},"author":1,"featured_media":0,"parent":0,"menu_order":0,"comment_status":"closed","ping_status":"closed","template":"","meta":{"footnotes":""},"class_list":["post-96505","page","type-page","status-publish","hentry","description-off"],"yoast_head":"<!-- This site is optimized with the Yoast SEO plugin v27.2 - https:\/\/yoast.com\/product\/yoast-seo-wordpress\/ -->\n<title>Teresa Riesgo - IND+I 2025<\/title>\n<meta name=\"robots\" content=\"index, follow, max-snippet:-1, max-image-preview:large, max-video-preview:-1\" \/>\n<link rel=\"canonical\" href=\"https:\/\/indi.cat\/es\/2021-teresa-riesgo\/\" \/>\n<meta property=\"og:locale\" content=\"es_ES\" \/>\n<meta property=\"og:type\" content=\"article\" \/>\n<meta property=\"og:title\" content=\"Teresa Riesgo - IND+I 2025\" \/>\n<meta property=\"og:description\" content=\"[vc_row margin_top=\u00bb50px\u00bb margin_bottom=\u00bb40px\u00bb][vc_column width=\u00bb1\/4&#8243; css=\u00bb.vc_custom_1489653926973{margin-top: -20px !important;}\u00bb][vc_single_image image=\u00bb94703&#8243; img_size=\u00bbfull\u00bb alignment=\u00bbcenter\u00bb image_hovers=\u00bbfalse\u00bb][\/vc_column][vc_column width=\u00bb3\/4&#8243;][vc_column_text el_class=\u00bbtitu-negre\u00bb css=\u00bb.vc_custom_1617987454013{margin-bottom: 40px !important;}\u00bb]Teresa Riesgo[\/vc_column_text][vc_column_text]Secretaria General de Innovaci\u00f3n del Ministerio de Ciencia e Innovaci\u00f3n y Presidenta del Centro para el Desarrollo Tecnol\u00f3gico Industrial (CDTI) desde 2020. Doctora Ingeniera Industrial por la Universidad Polit\u00e9cnica de Madrid (1996), Catedr\u00e1tica de Tecnolog\u00eda Electr\u00f3nica en la UPM&hellip;\" \/>\n<meta property=\"og:url\" content=\"https:\/\/indi.cat\/es\/2021-teresa-riesgo\/\" \/>\n<meta property=\"og:site_name\" content=\"IND+I 2025\" \/>\n<meta property=\"article:modified_time\" content=\"2021-05-01T17:20:38+00:00\" \/>\n<meta property=\"og:image\" content=\"https:\/\/indi.cat\/wp-content\/uploads\/twi-b.png\" \/>\n<meta name=\"twitter:card\" content=\"summary_large_image\" \/>\n<meta name=\"twitter:site\" content=\"@INDI_viladecans\" \/>\n<script type=\"application\/ld+json\" class=\"yoast-schema-graph\">{\"@context\":\"https:\/\/schema.org\",\"@graph\":[{\"@type\":\"WebPage\",\"@id\":\"https:\/\/indi.cat\/es\/2021-teresa-riesgo\/\",\"url\":\"https:\/\/indi.cat\/es\/2021-teresa-riesgo\/\",\"name\":\"Teresa Riesgo - IND+I 2025\",\"isPartOf\":{\"@id\":\"https:\/\/indi.cat\/#website\"},\"primaryImageOfPage\":{\"@id\":\"https:\/\/indi.cat\/es\/2021-teresa-riesgo\/#primaryimage\"},\"image\":{\"@id\":\"https:\/\/indi.cat\/es\/2021-teresa-riesgo\/#primaryimage\"},\"thumbnailUrl\":\"https:\/\/indi.cat\/wp-content\/uploads\/twi-b.png\",\"datePublished\":\"2021-04-09T16:58:37+00:00\",\"dateModified\":\"2021-05-01T17:20:38+00:00\",\"breadcrumb\":{\"@id\":\"https:\/\/indi.cat\/es\/2021-teresa-riesgo\/#breadcrumb\"},\"inLanguage\":\"es\",\"potentialAction\":[{\"@type\":\"ReadAction\",\"target\":[\"https:\/\/indi.cat\/es\/2021-teresa-riesgo\/\"]}]},{\"@type\":\"ImageObject\",\"inLanguage\":\"es\",\"@id\":\"https:\/\/indi.cat\/es\/2021-teresa-riesgo\/#primaryimage\",\"url\":\"https:\/\/indi.cat\/wp-content\/uploads\/twi-b.png\",\"contentUrl\":\"https:\/\/indi.cat\/wp-content\/uploads\/twi-b.png\"},{\"@type\":\"BreadcrumbList\",\"@id\":\"https:\/\/indi.cat\/es\/2021-teresa-riesgo\/#breadcrumb\",\"itemListElement\":[{\"@type\":\"ListItem\",\"position\":1,\"name\":\"Home\",\"item\":\"https:\/\/indi.cat\/es\/\"},{\"@type\":\"ListItem\",\"position\":2,\"name\":\"Teresa Riesgo\"}]},{\"@type\":\"WebSite\",\"@id\":\"https:\/\/indi.cat\/#website\",\"url\":\"https:\/\/indi.cat\/\",\"name\":\"IND+I 2025\",\"description\":\"Viladecans\",\"potentialAction\":[{\"@type\":\"SearchAction\",\"target\":{\"@type\":\"EntryPoint\",\"urlTemplate\":\"https:\/\/indi.cat\/?s={search_term_string}\"},\"query-input\":{\"@type\":\"PropertyValueSpecification\",\"valueRequired\":true,\"valueName\":\"search_term_string\"}}],\"inLanguage\":\"es\"}]}<\/script>\n<!-- \/ Yoast SEO plugin. -->","yoast_head_json":{"title":"Teresa Riesgo - IND+I 2025","robots":{"index":"index","follow":"follow","max-snippet":"max-snippet:-1","max-image-preview":"max-image-preview:large","max-video-preview":"max-video-preview:-1"},"canonical":"https:\/\/indi.cat\/es\/2021-teresa-riesgo\/","og_locale":"es_ES","og_type":"article","og_title":"Teresa Riesgo - IND+I 2025","og_description":"[vc_row margin_top=\u00bb50px\u00bb margin_bottom=\u00bb40px\u00bb][vc_column width=\u00bb1\/4&#8243; css=\u00bb.vc_custom_1489653926973{margin-top: -20px !important;}\u00bb][vc_single_image image=\u00bb94703&#8243; img_size=\u00bbfull\u00bb alignment=\u00bbcenter\u00bb image_hovers=\u00bbfalse\u00bb][\/vc_column][vc_column width=\u00bb3\/4&#8243;][vc_column_text el_class=\u00bbtitu-negre\u00bb css=\u00bb.vc_custom_1617987454013{margin-bottom: 40px !important;}\u00bb]Teresa Riesgo[\/vc_column_text][vc_column_text]Secretaria General de Innovaci\u00f3n del Ministerio de Ciencia e Innovaci\u00f3n y Presidenta del Centro para el Desarrollo Tecnol\u00f3gico Industrial (CDTI) desde 2020. Doctora Ingeniera Industrial por la Universidad Polit\u00e9cnica de Madrid (1996), Catedr\u00e1tica de Tecnolog\u00eda Electr\u00f3nica en la UPM&hellip;","og_url":"https:\/\/indi.cat\/es\/2021-teresa-riesgo\/","og_site_name":"IND+I 2025","article_modified_time":"2021-05-01T17:20:38+00:00","og_image":[{"url":"https:\/\/indi.cat\/wp-content\/uploads\/twi-b.png","type":"","width":"","height":""}],"twitter_card":"summary_large_image","twitter_site":"@INDI_viladecans","schema":{"@context":"https:\/\/schema.org","@graph":[{"@type":"WebPage","@id":"https:\/\/indi.cat\/es\/2021-teresa-riesgo\/","url":"https:\/\/indi.cat\/es\/2021-teresa-riesgo\/","name":"Teresa Riesgo - IND+I 2025","isPartOf":{"@id":"https:\/\/indi.cat\/#website"},"primaryImageOfPage":{"@id":"https:\/\/indi.cat\/es\/2021-teresa-riesgo\/#primaryimage"},"image":{"@id":"https:\/\/indi.cat\/es\/2021-teresa-riesgo\/#primaryimage"},"thumbnailUrl":"https:\/\/indi.cat\/wp-content\/uploads\/twi-b.png","datePublished":"2021-04-09T16:58:37+00:00","dateModified":"2021-05-01T17:20:38+00:00","breadcrumb":{"@id":"https:\/\/indi.cat\/es\/2021-teresa-riesgo\/#breadcrumb"},"inLanguage":"es","potentialAction":[{"@type":"ReadAction","target":["https:\/\/indi.cat\/es\/2021-teresa-riesgo\/"]}]},{"@type":"ImageObject","inLanguage":"es","@id":"https:\/\/indi.cat\/es\/2021-teresa-riesgo\/#primaryimage","url":"https:\/\/indi.cat\/wp-content\/uploads\/twi-b.png","contentUrl":"https:\/\/indi.cat\/wp-content\/uploads\/twi-b.png"},{"@type":"BreadcrumbList","@id":"https:\/\/indi.cat\/es\/2021-teresa-riesgo\/#breadcrumb","itemListElement":[{"@type":"ListItem","position":1,"name":"Home","item":"https:\/\/indi.cat\/es\/"},{"@type":"ListItem","position":2,"name":"Teresa Riesgo"}]},{"@type":"WebSite","@id":"https:\/\/indi.cat\/#website","url":"https:\/\/indi.cat\/","name":"IND+I 2025","description":"Viladecans","potentialAction":[{"@type":"SearchAction","target":{"@type":"EntryPoint","urlTemplate":"https:\/\/indi.cat\/?s={search_term_string}"},"query-input":{"@type":"PropertyValueSpecification","valueRequired":true,"valueName":"search_term_string"}}],"inLanguage":"es"}]}},"_links":{"self":[{"href":"https:\/\/indi.cat\/es\/wp-json\/wp\/v2\/pages\/96505","targetHints":{"allow":["GET"]}}],"collection":[{"href":"https:\/\/indi.cat\/es\/wp-json\/wp\/v2\/pages"}],"about":[{"href":"https:\/\/indi.cat\/es\/wp-json\/wp\/v2\/types\/page"}],"author":[{"embeddable":true,"href":"https:\/\/indi.cat\/es\/wp-json\/wp\/v2\/users\/1"}],"replies":[{"embeddable":true,"href":"https:\/\/indi.cat\/es\/wp-json\/wp\/v2\/comments?post=96505"}],"version-history":[{"count":0,"href":"https:\/\/indi.cat\/es\/wp-json\/wp\/v2\/pages\/96505\/revisions"}],"wp:attachment":[{"href":"https:\/\/indi.cat\/es\/wp-json\/wp\/v2\/media?parent=96505"}],"curies":[{"name":"wp","href":"https:\/\/api.w.org\/{rel}","templated":true}]}}