{"id":96450,"date":"2021-04-09T16:16:38","date_gmt":"2021-04-09T16:16:38","guid":{"rendered":"https:\/\/indi.cat\/?page_id=96450"},"modified":"2021-05-01T17:07:10","modified_gmt":"2021-05-01T17:07:10","slug":"2021-maria-gonzalez-picatoste","status":"publish","type":"page","link":"https:\/\/indi.cat\/es\/2021-maria-gonzalez-picatoste\/","title":{"rendered":"Maria Gonz\u00e1lez Picatoste"},"content":{"rendered":"<div class=\"wpb-content-wrapper\"><p>[vc_row margin_top=\u00bb50px\u00bb margin_bottom=\u00bb40px\u00bb][vc_column width=\u00bb1\/4&#8243; css=\u00bb.vc_custom_1489653926973{margin-top: -20px !important;}\u00bb][vc_single_image image=\u00bb94535&#8243; img_size=\u00bbfull\u00bb alignment=\u00bbcenter\u00bb image_hovers=\u00bbfalse\u00bb][\/vc_column][vc_column width=\u00bb3\/4&#8243;][vc_column_text el_class=\u00bbtitu-negre\u00bb css=\u00bb.vc_custom_1619888756847{margin-bottom: 40px !important;}\u00bb]Mar\u00eda Gonz\u00e1lez Picatoste[\/vc_column_text][vc_column_text]Mar\u00eda Gonz\u00e1lez Picatoste es la responsable de Alianzas e Inversi\u00f3n en el Alto Comisionado para Espa\u00f1a Naci\u00f3n Emprendedora, dependiente del Presidente del Gobierno de Espa\u00f1a. Antes de sumarse al equipo del Alto Comisionado, Mar\u00eda era la directora de Community Engagement de Endeavor Espa\u00f1a. Endeavor es una fundaci\u00f3n global que apoya a emprendedores de alto impacto en el proceso de escalado de sus empresas. En Endeavor Mar\u00eda supervisaba el desarrollo de la comunidad y era la responsable de liderar los esfuerzos de marketing, comunicaci\u00f3n y captaci\u00f3n de fondos. Mar\u00eda se licenci\u00f3 en Periodismo en la Universidad Complutense de Madrid, donde tambi\u00e9n curs\u00f3 un m\u00e1ster en Periodismo Digital. Mar\u00eda ha trabajado para diferentes medios de comunicaci\u00f3n como \u00abThe Economist\u00bb o \u00abABC\u00bb, diario para el que fue corresponsal en Nueva York entre 2011 y 2013. Tras su carrera en medios, Mar\u00eda dio el salto al mundo del emprendimiento, donde ha trabajado y colaborado con varios proyectos a lo largo de los \u00faltimos siete a\u00f1os.[\/vc_column_text][\/vc_column][\/vc_row][vc_row type=\u00bbvc_default\u00bb full_width=\u00bbstretch_row_content_no_spaces\u00bb content_placement=\u00bbmiddle\u00bb css=\u00bb.vc_custom_1489394714797{margin-bottom: -70px !important;background-color: #000000 !important;}\u00bb][vc_column][vc_column_text css=\u00bb.vc_custom_1493106847678{margin-bottom: 5px !important;}\u00bb]<\/p>\n<div style=\"text-align: center; width: 100%;\"><a href=\"https:\/\/twitter.com\/INDI_viladecans\" target=\"_blank\" rel=\"noopener noreferrer\"><img decoding=\"async\" class=\"wp-image-65 size-full\" style=\"margin-right: 3px;\" src=\"https:\/\/indi.cat\/wp-content\/uploads\/twi-b.png\" alt=\"\" width=\"32\" height=\"37\" \/><\/a><a href=\"https:\/\/www.linkedin.com\/company-beta\/11070686\" target=\"_blank\" rel=\"noopener noreferrer\"><img decoding=\"async\" class=\"wp-image-63 size-full\" style=\"margin-right: 3px;\" src=\"https:\/\/indi.cat\/wp-content\/uploads\/link-b.png\" alt=\"\" width=\"32\" height=\"37\" \/><\/a><a href=\"https:\/\/www.youtube.com\/channel\/UCCZB7eGXiFeX1OEJ5z0Gykw\" target=\"_blank\" rel=\"noopener noreferrer\"><img decoding=\"async\" class=\"wp-image-68 size-full\" src=\"https:\/\/indi.cat\/wp-content\/uploads\/you-b-1.png\" alt=\"\" width=\"32\" height=\"37\" \/><\/a><\/div>\n<p>[\/vc_column_text][vc_column_text css=\u00bb.vc_custom_1489394798837{border-bottom-width: 15px !important;}\u00bb el_class=\u00bbblanc\u00bb]<\/p>\n<p style=\"text-align: center;\">#FENTLINDI<\/p>\n<p>[\/vc_column_text][\/vc_column][\/vc_row][vc_row][vc_column][vc_raw_html]PHN0eWxlPg0KLm1lbnUtaXRlbS0yNDYgYSAubWVudS1pdGVtLXRleHQgLm1lbnUtdGV4dCB7PGJyIC8+DQogICAgY29sb3I6ICMwMGE4YjQgIWltcG9ydGFudDs8YnIgLz4NCn08YnIgLz4NCjwvc3R5bGU+[\/vc_raw_html][\/vc_column][\/vc_row]<\/p>\n<\/div>","protected":false},"excerpt":{"rendered":"<p>[vc_row margin_top=\u00bb50px\u00bb margin_bottom=\u00bb40px\u00bb][vc_column width=\u00bb1\/4&#8243; css=\u00bb.vc_custom_1489653926973{margin-top: -20px !important;}\u00bb][vc_single_image image=\u00bb94535&#8243; img_size=\u00bbfull\u00bb alignment=\u00bbcenter\u00bb image_hovers=\u00bbfalse\u00bb][\/vc_column][vc_column width=\u00bb3\/4&#8243;][vc_column_text el_class=\u00bbtitu-negre\u00bb css=\u00bb.vc_custom_1619888756847{margin-bottom: 40px !important;}\u00bb]Mar\u00eda Gonz\u00e1lez Picatoste[\/vc_column_text][vc_column_text]Mar\u00eda Gonz\u00e1lez Picatoste es la responsable de Alianzas e Inversi\u00f3n en el Alto Comisionado para Espa\u00f1a Naci\u00f3n Emprendedora, dependiente del Presidente del Gobierno de Espa\u00f1a. Antes de sumarse al equipo del Alto Comisionado, Mar\u00eda era la directora de&hellip;<\/p>\n","protected":false},"author":1,"featured_media":0,"parent":0,"menu_order":0,"comment_status":"closed","ping_status":"closed","template":"","meta":{"footnotes":""},"class_list":["post-96450","page","type-page","status-publish","hentry","description-off"],"yoast_head":"<!-- This site is optimized with the Yoast SEO plugin v27.5 - https:\/\/yoast.com\/product\/yoast-seo-wordpress\/ -->\n<title>Maria Gonz\u00e1lez Picatoste - IND+I 2025<\/title>\n<meta name=\"robots\" content=\"index, follow, max-snippet:-1, max-image-preview:large, max-video-preview:-1\" \/>\n<link rel=\"canonical\" href=\"https:\/\/indi.cat\/es\/2021-maria-gonzalez-picatoste\/\" \/>\n<meta property=\"og:locale\" content=\"es_ES\" \/>\n<meta property=\"og:type\" content=\"article\" \/>\n<meta property=\"og:title\" content=\"Maria Gonz\u00e1lez Picatoste - IND+I 2025\" \/>\n<meta property=\"og:description\" content=\"[vc_row margin_top=\u00bb50px\u00bb margin_bottom=\u00bb40px\u00bb][vc_column width=\u00bb1\/4&#8243; css=\u00bb.vc_custom_1489653926973{margin-top: -20px !important;}\u00bb][vc_single_image image=\u00bb94535&#8243; img_size=\u00bbfull\u00bb alignment=\u00bbcenter\u00bb image_hovers=\u00bbfalse\u00bb][\/vc_column][vc_column width=\u00bb3\/4&#8243;][vc_column_text el_class=\u00bbtitu-negre\u00bb css=\u00bb.vc_custom_1619888756847{margin-bottom: 40px !important;}\u00bb]Mar\u00eda Gonz\u00e1lez Picatoste[\/vc_column_text][vc_column_text]Mar\u00eda Gonz\u00e1lez Picatoste es la responsable de Alianzas e Inversi\u00f3n en el Alto Comisionado para Espa\u00f1a Naci\u00f3n Emprendedora, dependiente del Presidente del Gobierno de Espa\u00f1a. Antes de sumarse al equipo del Alto Comisionado, Mar\u00eda era la directora de&hellip;\" \/>\n<meta property=\"og:url\" content=\"https:\/\/indi.cat\/es\/2021-maria-gonzalez-picatoste\/\" \/>\n<meta property=\"og:site_name\" content=\"IND+I 2025\" \/>\n<meta property=\"article:modified_time\" content=\"2021-05-01T17:07:10+00:00\" \/>\n<meta property=\"og:image\" content=\"https:\/\/indi.cat\/wp-content\/uploads\/twi-b.png\" \/>\n<meta name=\"twitter:card\" content=\"summary_large_image\" \/>\n<meta name=\"twitter:site\" content=\"@INDI_viladecans\" \/>\n<script type=\"application\/ld+json\" class=\"yoast-schema-graph\">{\"@context\":\"https:\\\/\\\/schema.org\",\"@graph\":[{\"@type\":\"WebPage\",\"@id\":\"https:\\\/\\\/indi.cat\\\/es\\\/2021-maria-gonzalez-picatoste\\\/\",\"url\":\"https:\\\/\\\/indi.cat\\\/es\\\/2021-maria-gonzalez-picatoste\\\/\",\"name\":\"Maria Gonz\u00e1lez Picatoste - IND+I 2025\",\"isPartOf\":{\"@id\":\"https:\\\/\\\/indi.cat\\\/#website\"},\"primaryImageOfPage\":{\"@id\":\"https:\\\/\\\/indi.cat\\\/es\\\/2021-maria-gonzalez-picatoste\\\/#primaryimage\"},\"image\":{\"@id\":\"https:\\\/\\\/indi.cat\\\/es\\\/2021-maria-gonzalez-picatoste\\\/#primaryimage\"},\"thumbnailUrl\":\"https:\\\/\\\/indi.cat\\\/wp-content\\\/uploads\\\/twi-b.png\",\"datePublished\":\"2021-04-09T16:16:38+00:00\",\"dateModified\":\"2021-05-01T17:07:10+00:00\",\"breadcrumb\":{\"@id\":\"https:\\\/\\\/indi.cat\\\/es\\\/2021-maria-gonzalez-picatoste\\\/#breadcrumb\"},\"inLanguage\":\"es\",\"potentialAction\":[{\"@type\":\"ReadAction\",\"target\":[\"https:\\\/\\\/indi.cat\\\/es\\\/2021-maria-gonzalez-picatoste\\\/\"]}]},{\"@type\":\"ImageObject\",\"inLanguage\":\"es\",\"@id\":\"https:\\\/\\\/indi.cat\\\/es\\\/2021-maria-gonzalez-picatoste\\\/#primaryimage\",\"url\":\"https:\\\/\\\/indi.cat\\\/wp-content\\\/uploads\\\/twi-b.png\",\"contentUrl\":\"https:\\\/\\\/indi.cat\\\/wp-content\\\/uploads\\\/twi-b.png\"},{\"@type\":\"BreadcrumbList\",\"@id\":\"https:\\\/\\\/indi.cat\\\/es\\\/2021-maria-gonzalez-picatoste\\\/#breadcrumb\",\"itemListElement\":[{\"@type\":\"ListItem\",\"position\":1,\"name\":\"Home\",\"item\":\"https:\\\/\\\/indi.cat\\\/es\\\/\"},{\"@type\":\"ListItem\",\"position\":2,\"name\":\"Maria Gonz\u00e1lez Picatoste\"}]},{\"@type\":\"WebSite\",\"@id\":\"https:\\\/\\\/indi.cat\\\/#website\",\"url\":\"https:\\\/\\\/indi.cat\\\/\",\"name\":\"IND+I 2025\",\"description\":\"Viladecans\",\"potentialAction\":[{\"@type\":\"SearchAction\",\"target\":{\"@type\":\"EntryPoint\",\"urlTemplate\":\"https:\\\/\\\/indi.cat\\\/?s={search_term_string}\"},\"query-input\":{\"@type\":\"PropertyValueSpecification\",\"valueRequired\":true,\"valueName\":\"search_term_string\"}}],\"inLanguage\":\"es\"}]}<\/script>\n<!-- \/ Yoast SEO plugin. -->","yoast_head_json":{"title":"Maria Gonz\u00e1lez Picatoste - IND+I 2025","robots":{"index":"index","follow":"follow","max-snippet":"max-snippet:-1","max-image-preview":"max-image-preview:large","max-video-preview":"max-video-preview:-1"},"canonical":"https:\/\/indi.cat\/es\/2021-maria-gonzalez-picatoste\/","og_locale":"es_ES","og_type":"article","og_title":"Maria Gonz\u00e1lez Picatoste - IND+I 2025","og_description":"[vc_row margin_top=\u00bb50px\u00bb margin_bottom=\u00bb40px\u00bb][vc_column width=\u00bb1\/4&#8243; css=\u00bb.vc_custom_1489653926973{margin-top: -20px !important;}\u00bb][vc_single_image image=\u00bb94535&#8243; img_size=\u00bbfull\u00bb alignment=\u00bbcenter\u00bb image_hovers=\u00bbfalse\u00bb][\/vc_column][vc_column width=\u00bb3\/4&#8243;][vc_column_text el_class=\u00bbtitu-negre\u00bb css=\u00bb.vc_custom_1619888756847{margin-bottom: 40px !important;}\u00bb]Mar\u00eda Gonz\u00e1lez Picatoste[\/vc_column_text][vc_column_text]Mar\u00eda Gonz\u00e1lez Picatoste es la responsable de Alianzas e Inversi\u00f3n en el Alto Comisionado para Espa\u00f1a Naci\u00f3n Emprendedora, dependiente del Presidente del Gobierno de Espa\u00f1a. Antes de sumarse al equipo del Alto Comisionado, Mar\u00eda era la directora de&hellip;","og_url":"https:\/\/indi.cat\/es\/2021-maria-gonzalez-picatoste\/","og_site_name":"IND+I 2025","article_modified_time":"2021-05-01T17:07:10+00:00","og_image":[{"url":"https:\/\/indi.cat\/wp-content\/uploads\/twi-b.png","type":"","width":"","height":""}],"twitter_card":"summary_large_image","twitter_site":"@INDI_viladecans","schema":{"@context":"https:\/\/schema.org","@graph":[{"@type":"WebPage","@id":"https:\/\/indi.cat\/es\/2021-maria-gonzalez-picatoste\/","url":"https:\/\/indi.cat\/es\/2021-maria-gonzalez-picatoste\/","name":"Maria Gonz\u00e1lez Picatoste - IND+I 2025","isPartOf":{"@id":"https:\/\/indi.cat\/#website"},"primaryImageOfPage":{"@id":"https:\/\/indi.cat\/es\/2021-maria-gonzalez-picatoste\/#primaryimage"},"image":{"@id":"https:\/\/indi.cat\/es\/2021-maria-gonzalez-picatoste\/#primaryimage"},"thumbnailUrl":"https:\/\/indi.cat\/wp-content\/uploads\/twi-b.png","datePublished":"2021-04-09T16:16:38+00:00","dateModified":"2021-05-01T17:07:10+00:00","breadcrumb":{"@id":"https:\/\/indi.cat\/es\/2021-maria-gonzalez-picatoste\/#breadcrumb"},"inLanguage":"es","potentialAction":[{"@type":"ReadAction","target":["https:\/\/indi.cat\/es\/2021-maria-gonzalez-picatoste\/"]}]},{"@type":"ImageObject","inLanguage":"es","@id":"https:\/\/indi.cat\/es\/2021-maria-gonzalez-picatoste\/#primaryimage","url":"https:\/\/indi.cat\/wp-content\/uploads\/twi-b.png","contentUrl":"https:\/\/indi.cat\/wp-content\/uploads\/twi-b.png"},{"@type":"BreadcrumbList","@id":"https:\/\/indi.cat\/es\/2021-maria-gonzalez-picatoste\/#breadcrumb","itemListElement":[{"@type":"ListItem","position":1,"name":"Home","item":"https:\/\/indi.cat\/es\/"},{"@type":"ListItem","position":2,"name":"Maria Gonz\u00e1lez Picatoste"}]},{"@type":"WebSite","@id":"https:\/\/indi.cat\/#website","url":"https:\/\/indi.cat\/","name":"IND+I 2025","description":"Viladecans","potentialAction":[{"@type":"SearchAction","target":{"@type":"EntryPoint","urlTemplate":"https:\/\/indi.cat\/?s={search_term_string}"},"query-input":{"@type":"PropertyValueSpecification","valueRequired":true,"valueName":"search_term_string"}}],"inLanguage":"es"}]}},"_links":{"self":[{"href":"https:\/\/indi.cat\/es\/wp-json\/wp\/v2\/pages\/96450","targetHints":{"allow":["GET"]}}],"collection":[{"href":"https:\/\/indi.cat\/es\/wp-json\/wp\/v2\/pages"}],"about":[{"href":"https:\/\/indi.cat\/es\/wp-json\/wp\/v2\/types\/page"}],"author":[{"embeddable":true,"href":"https:\/\/indi.cat\/es\/wp-json\/wp\/v2\/users\/1"}],"replies":[{"embeddable":true,"href":"https:\/\/indi.cat\/es\/wp-json\/wp\/v2\/comments?post=96450"}],"version-history":[{"count":0,"href":"https:\/\/indi.cat\/es\/wp-json\/wp\/v2\/pages\/96450\/revisions"}],"wp:attachment":[{"href":"https:\/\/indi.cat\/es\/wp-json\/wp\/v2\/media?parent=96450"}],"curies":[{"name":"wp","href":"https:\/\/api.w.org\/{rel}","templated":true}]}}