{"id":96344,"date":"2021-04-09T15:46:51","date_gmt":"2021-04-09T15:46:51","guid":{"rendered":"https:\/\/indi.cat\/?page_id=96344"},"modified":"2021-05-01T17:04:56","modified_gmt":"2021-05-01T17:04:56","slug":"2021-helena-diez","status":"publish","type":"page","link":"https:\/\/indi.cat\/es\/2021-helena-diez\/","title":{"rendered":"Helena D\u00edez Fuentes"},"content":{"rendered":"<div class=\"wpb-content-wrapper\"><p>[vc_row margin_top=\u00bb50px\u00bb margin_bottom=\u00bb40px\u00bb][vc_column width=\u00bb1\/4&#8243; css=\u00bb.vc_custom_1489653926973{margin-top: -20px !important;}\u00bb][vc_single_image image=\u00bb1981&#8243; img_size=\u00bbfull\u00bb alignment=\u00bbcenter\u00bb image_hovers=\u00bbfalse\u00bb][\/vc_column][vc_column width=\u00bb3\/4&#8243;][vc_column_text el_class=\u00bbtitu-negre\u00bb css=\u00bb.vc_custom_1617983175886{margin-bottom: 40px !important;}\u00bb]Helena D\u00edez Fuentes[\/vc_column_text][vc_column_text]Tras 20 a\u00f1os de experiencia como abogada, periodista y emprendedora, entre otras cosas, Helena se dedica ahora a lo que siempre hab\u00eda so\u00f1ado&#8230;<\/p>\n<p>Ella lo llama \u00abEvents\u2019 Energizer\u201d y eso, justamente, es lo que hace: subirse a un escenario y transmitir su energ\u00eda a un publico en directo. Y es que haber vivido en 20 pa\u00edses por todo el mundo, entrevistar a personalidades de la pol\u00edtica y de la econom\u00eda internacional, hacer teatro musical en Londres o trabajar en lugares tan diferentes como la Comisi\u00f3n Europea, un despacho de abogados, y montar una empresa editorial y dos startup, dan mucho juego&#8230;[\/vc_column_text][\/vc_column][\/vc_row][vc_row type=\u00bbvc_default\u00bb full_width=\u00bbstretch_row_content_no_spaces\u00bb content_placement=\u00bbmiddle\u00bb css=\u00bb.vc_custom_1489394714797{margin-bottom: -70px !important;background-color: #000000 !important;}\u00bb][vc_column][vc_column_text css=\u00bb.vc_custom_1493106847678{margin-bottom: 5px !important;}\u00bb]<\/p>\n<div style=\"text-align: center; width: 100%;\"><a href=\"https:\/\/twitter.com\/INDI_viladecans\" target=\"_blank\" rel=\"noopener noreferrer\"><img decoding=\"async\" class=\"wp-image-65 size-full\" style=\"margin-right: 3px;\" src=\"https:\/\/indi.cat\/wp-content\/uploads\/twi-b.png\" alt=\"\" width=\"32\" height=\"37\" \/><\/a><a href=\"https:\/\/www.linkedin.com\/company-beta\/11070686\" target=\"_blank\" rel=\"noopener noreferrer\"><img decoding=\"async\" class=\"wp-image-63 size-full\" style=\"margin-right: 3px;\" src=\"https:\/\/indi.cat\/wp-content\/uploads\/link-b.png\" alt=\"\" width=\"32\" height=\"37\" \/><\/a><a href=\"https:\/\/www.youtube.com\/channel\/UCCZB7eGXiFeX1OEJ5z0Gykw\" target=\"_blank\" rel=\"noopener noreferrer\"><img decoding=\"async\" class=\"wp-image-68 size-full\" src=\"https:\/\/indi.cat\/wp-content\/uploads\/you-b-1.png\" alt=\"\" width=\"32\" height=\"37\" \/><\/a><\/div>\n<p>[\/vc_column_text][vc_column_text css=\u00bb.vc_custom_1489394798837{border-bottom-width: 15px !important;}\u00bb el_class=\u00bbblanc\u00bb]<\/p>\n<p style=\"text-align: center;\">#FENTLINDI<\/p>\n<p>[\/vc_column_text][\/vc_column][\/vc_row][vc_row][vc_column][vc_raw_html]PHN0eWxlPg0KLm1lbnUtaXRlbS0yNDYgYSAubWVudS1pdGVtLXRleHQgLm1lbnUtdGV4dCB7PGJyIC8+DQogICAgY29sb3I6ICMwMGE4YjQgIWltcG9ydGFudDs8YnIgLz4NCn08YnIgLz4NCjwvc3R5bGU+[\/vc_raw_html][\/vc_column][\/vc_row]<\/p>\n<\/div>","protected":false},"excerpt":{"rendered":"<p>[vc_row margin_top=\u00bb50px\u00bb margin_bottom=\u00bb40px\u00bb][vc_column width=\u00bb1\/4&#8243; css=\u00bb.vc_custom_1489653926973{margin-top: -20px !important;}\u00bb][vc_single_image image=\u00bb1981&#8243; img_size=\u00bbfull\u00bb alignment=\u00bbcenter\u00bb image_hovers=\u00bbfalse\u00bb][\/vc_column][vc_column width=\u00bb3\/4&#8243;][vc_column_text el_class=\u00bbtitu-negre\u00bb css=\u00bb.vc_custom_1617983175886{margin-bottom: 40px !important;}\u00bb]Helena D\u00edez Fuentes[\/vc_column_text][vc_column_text]Tras 20 a\u00f1os de experiencia como abogada, periodista y emprendedora, entre otras cosas, Helena se dedica ahora a lo que siempre hab\u00eda so\u00f1ado&#8230; Ella lo llama \u00abEvents\u2019 Energizer\u201d y eso, justamente, es lo que hace: subirse a un&hellip;<\/p>\n","protected":false},"author":1,"featured_media":0,"parent":0,"menu_order":0,"comment_status":"closed","ping_status":"closed","template":"","meta":{"footnotes":""},"class_list":["post-96344","page","type-page","status-publish","hentry","description-off"],"yoast_head":"<!-- This site is optimized with the Yoast SEO plugin v27.2 - https:\/\/yoast.com\/product\/yoast-seo-wordpress\/ -->\n<title>Helena D\u00edez Fuentes - IND+I 2025<\/title>\n<meta name=\"robots\" content=\"index, follow, max-snippet:-1, max-image-preview:large, max-video-preview:-1\" \/>\n<link rel=\"canonical\" href=\"https:\/\/indi.cat\/es\/2021-helena-diez\/\" \/>\n<meta property=\"og:locale\" content=\"es_ES\" \/>\n<meta property=\"og:type\" content=\"article\" \/>\n<meta property=\"og:title\" content=\"Helena D\u00edez Fuentes - IND+I 2025\" \/>\n<meta property=\"og:description\" content=\"[vc_row margin_top=\u00bb50px\u00bb margin_bottom=\u00bb40px\u00bb][vc_column width=\u00bb1\/4&#8243; css=\u00bb.vc_custom_1489653926973{margin-top: -20px !important;}\u00bb][vc_single_image image=\u00bb1981&#8243; img_size=\u00bbfull\u00bb alignment=\u00bbcenter\u00bb image_hovers=\u00bbfalse\u00bb][\/vc_column][vc_column width=\u00bb3\/4&#8243;][vc_column_text el_class=\u00bbtitu-negre\u00bb css=\u00bb.vc_custom_1617983175886{margin-bottom: 40px !important;}\u00bb]Helena D\u00edez Fuentes[\/vc_column_text][vc_column_text]Tras 20 a\u00f1os de experiencia como abogada, periodista y emprendedora, entre otras cosas, Helena se dedica ahora a lo que siempre hab\u00eda so\u00f1ado&#8230; Ella lo llama \u00abEvents\u2019 Energizer\u201d y eso, justamente, es lo que hace: subirse a un&hellip;\" \/>\n<meta property=\"og:url\" content=\"https:\/\/indi.cat\/es\/2021-helena-diez\/\" \/>\n<meta property=\"og:site_name\" content=\"IND+I 2025\" \/>\n<meta property=\"article:modified_time\" content=\"2021-05-01T17:04:56+00:00\" \/>\n<meta property=\"og:image\" content=\"https:\/\/indi.cat\/wp-content\/uploads\/twi-b.png\" \/>\n<meta name=\"twitter:card\" content=\"summary_large_image\" \/>\n<meta name=\"twitter:site\" content=\"@INDI_viladecans\" \/>\n<script type=\"application\/ld+json\" class=\"yoast-schema-graph\">{\"@context\":\"https:\/\/schema.org\",\"@graph\":[{\"@type\":\"WebPage\",\"@id\":\"https:\/\/indi.cat\/es\/2021-helena-diez\/\",\"url\":\"https:\/\/indi.cat\/es\/2021-helena-diez\/\",\"name\":\"Helena D\u00edez Fuentes - IND+I 2025\",\"isPartOf\":{\"@id\":\"https:\/\/indi.cat\/#website\"},\"primaryImageOfPage\":{\"@id\":\"https:\/\/indi.cat\/es\/2021-helena-diez\/#primaryimage\"},\"image\":{\"@id\":\"https:\/\/indi.cat\/es\/2021-helena-diez\/#primaryimage\"},\"thumbnailUrl\":\"https:\/\/indi.cat\/wp-content\/uploads\/twi-b.png\",\"datePublished\":\"2021-04-09T15:46:51+00:00\",\"dateModified\":\"2021-05-01T17:04:56+00:00\",\"breadcrumb\":{\"@id\":\"https:\/\/indi.cat\/es\/2021-helena-diez\/#breadcrumb\"},\"inLanguage\":\"es\",\"potentialAction\":[{\"@type\":\"ReadAction\",\"target\":[\"https:\/\/indi.cat\/es\/2021-helena-diez\/\"]}]},{\"@type\":\"ImageObject\",\"inLanguage\":\"es\",\"@id\":\"https:\/\/indi.cat\/es\/2021-helena-diez\/#primaryimage\",\"url\":\"https:\/\/indi.cat\/wp-content\/uploads\/twi-b.png\",\"contentUrl\":\"https:\/\/indi.cat\/wp-content\/uploads\/twi-b.png\"},{\"@type\":\"BreadcrumbList\",\"@id\":\"https:\/\/indi.cat\/es\/2021-helena-diez\/#breadcrumb\",\"itemListElement\":[{\"@type\":\"ListItem\",\"position\":1,\"name\":\"Home\",\"item\":\"https:\/\/indi.cat\/es\/\"},{\"@type\":\"ListItem\",\"position\":2,\"name\":\"Helena D\u00edez Fuentes\"}]},{\"@type\":\"WebSite\",\"@id\":\"https:\/\/indi.cat\/#website\",\"url\":\"https:\/\/indi.cat\/\",\"name\":\"IND+I 2025\",\"description\":\"Viladecans\",\"potentialAction\":[{\"@type\":\"SearchAction\",\"target\":{\"@type\":\"EntryPoint\",\"urlTemplate\":\"https:\/\/indi.cat\/?s={search_term_string}\"},\"query-input\":{\"@type\":\"PropertyValueSpecification\",\"valueRequired\":true,\"valueName\":\"search_term_string\"}}],\"inLanguage\":\"es\"}]}<\/script>\n<!-- \/ Yoast SEO plugin. -->","yoast_head_json":{"title":"Helena D\u00edez Fuentes - IND+I 2025","robots":{"index":"index","follow":"follow","max-snippet":"max-snippet:-1","max-image-preview":"max-image-preview:large","max-video-preview":"max-video-preview:-1"},"canonical":"https:\/\/indi.cat\/es\/2021-helena-diez\/","og_locale":"es_ES","og_type":"article","og_title":"Helena D\u00edez Fuentes - IND+I 2025","og_description":"[vc_row margin_top=\u00bb50px\u00bb margin_bottom=\u00bb40px\u00bb][vc_column width=\u00bb1\/4&#8243; css=\u00bb.vc_custom_1489653926973{margin-top: -20px !important;}\u00bb][vc_single_image image=\u00bb1981&#8243; img_size=\u00bbfull\u00bb alignment=\u00bbcenter\u00bb image_hovers=\u00bbfalse\u00bb][\/vc_column][vc_column width=\u00bb3\/4&#8243;][vc_column_text el_class=\u00bbtitu-negre\u00bb css=\u00bb.vc_custom_1617983175886{margin-bottom: 40px !important;}\u00bb]Helena D\u00edez Fuentes[\/vc_column_text][vc_column_text]Tras 20 a\u00f1os de experiencia como abogada, periodista y emprendedora, entre otras cosas, Helena se dedica ahora a lo que siempre hab\u00eda so\u00f1ado&#8230; Ella lo llama \u00abEvents\u2019 Energizer\u201d y eso, justamente, es lo que hace: subirse a un&hellip;","og_url":"https:\/\/indi.cat\/es\/2021-helena-diez\/","og_site_name":"IND+I 2025","article_modified_time":"2021-05-01T17:04:56+00:00","og_image":[{"url":"https:\/\/indi.cat\/wp-content\/uploads\/twi-b.png","type":"","width":"","height":""}],"twitter_card":"summary_large_image","twitter_site":"@INDI_viladecans","schema":{"@context":"https:\/\/schema.org","@graph":[{"@type":"WebPage","@id":"https:\/\/indi.cat\/es\/2021-helena-diez\/","url":"https:\/\/indi.cat\/es\/2021-helena-diez\/","name":"Helena D\u00edez Fuentes - IND+I 2025","isPartOf":{"@id":"https:\/\/indi.cat\/#website"},"primaryImageOfPage":{"@id":"https:\/\/indi.cat\/es\/2021-helena-diez\/#primaryimage"},"image":{"@id":"https:\/\/indi.cat\/es\/2021-helena-diez\/#primaryimage"},"thumbnailUrl":"https:\/\/indi.cat\/wp-content\/uploads\/twi-b.png","datePublished":"2021-04-09T15:46:51+00:00","dateModified":"2021-05-01T17:04:56+00:00","breadcrumb":{"@id":"https:\/\/indi.cat\/es\/2021-helena-diez\/#breadcrumb"},"inLanguage":"es","potentialAction":[{"@type":"ReadAction","target":["https:\/\/indi.cat\/es\/2021-helena-diez\/"]}]},{"@type":"ImageObject","inLanguage":"es","@id":"https:\/\/indi.cat\/es\/2021-helena-diez\/#primaryimage","url":"https:\/\/indi.cat\/wp-content\/uploads\/twi-b.png","contentUrl":"https:\/\/indi.cat\/wp-content\/uploads\/twi-b.png"},{"@type":"BreadcrumbList","@id":"https:\/\/indi.cat\/es\/2021-helena-diez\/#breadcrumb","itemListElement":[{"@type":"ListItem","position":1,"name":"Home","item":"https:\/\/indi.cat\/es\/"},{"@type":"ListItem","position":2,"name":"Helena D\u00edez Fuentes"}]},{"@type":"WebSite","@id":"https:\/\/indi.cat\/#website","url":"https:\/\/indi.cat\/","name":"IND+I 2025","description":"Viladecans","potentialAction":[{"@type":"SearchAction","target":{"@type":"EntryPoint","urlTemplate":"https:\/\/indi.cat\/?s={search_term_string}"},"query-input":{"@type":"PropertyValueSpecification","valueRequired":true,"valueName":"search_term_string"}}],"inLanguage":"es"}]}},"_links":{"self":[{"href":"https:\/\/indi.cat\/es\/wp-json\/wp\/v2\/pages\/96344","targetHints":{"allow":["GET"]}}],"collection":[{"href":"https:\/\/indi.cat\/es\/wp-json\/wp\/v2\/pages"}],"about":[{"href":"https:\/\/indi.cat\/es\/wp-json\/wp\/v2\/types\/page"}],"author":[{"embeddable":true,"href":"https:\/\/indi.cat\/es\/wp-json\/wp\/v2\/users\/1"}],"replies":[{"embeddable":true,"href":"https:\/\/indi.cat\/es\/wp-json\/wp\/v2\/comments?post=96344"}],"version-history":[{"count":0,"href":"https:\/\/indi.cat\/es\/wp-json\/wp\/v2\/pages\/96344\/revisions"}],"wp:attachment":[{"href":"https:\/\/indi.cat\/es\/wp-json\/wp\/v2\/media?parent=96344"}],"curies":[{"name":"wp","href":"https:\/\/api.w.org\/{rel}","templated":true}]}}