{"id":826,"date":"2017-09-13T10:23:13","date_gmt":"2017-09-13T10:23:13","guid":{"rendered":"http:\/\/indi.cviladecans.cat\/indi-science\/"},"modified":"2025-08-28T10:22:16","modified_gmt":"2025-08-28T08:22:16","slug":"indi-science","status":"publish","type":"page","link":"https:\/\/indi.cat\/es\/indi-science\/","title":{"rendered":"IND+I Science"},"content":{"rendered":"<div class=\"wpb-content-wrapper\"><p>[vc_row][vc_column][vc_single_image image=\u00bb1939&#8243; img_size=\u00bbfull\u00bb alignment=\u00bbcenter\u00bb image_hovers=\u00bbfalse\u00bb lazy_loading=\u00bbtrue\u00bb][vc_single_image image=\u00bb29&#8243; img_size=\u00bbfull\u00bb alignment=\u00bbcenter\u00bb][\/vc_column][\/vc_row][vc_row type=\u00bbvc_default\u00bb full_width=\u00bbstretch_row\u00bb css=\u00bb.vc_custom_1641943383093{background-color: #000000 !important;}\u00bb][vc_column][vc_row_inner css=\u00bb.vc_custom_1516374774697{background-color: #000000 !important;}\u00bb][vc_column_inner][vc_column_text el_class=\u00bbtitu-blanc\u00bb]<\/p>\n<p style=\"text-align: center;\"><strong>PRESENTACI\u00d3N DEL DOCUMENTO<br \/>\nSOBERANIA TECNOL\u00d3GICA. Definici\u00f3n, dilemas y recomendaciones para Espa\u00f1a.<\/strong><\/p>\n<p>[\/vc_column_text][vc_column_text el_class=\u00bbsub-titu-blanc\u00bb]<\/p>\n<p style=\"text-align: center;\"><strong>Elaborado por lND+I y FEI en colaboraci\u00f3n<\/strong><\/p>\n<p>[\/vc_column_text][\/vc_column_inner][\/vc_row_inner][vc_row_inner css=\u00bb.vc_custom_1641943089077{margin-bottom: 40px !important;}\u00bb][vc_column_inner el_class=\u00bbhidden\u00bb width=\u00bb1\/2&#8243;][vc_single_image image=\u00bb1920&#8243; img_size=\u00bbfull\u00bb alignment=\u00bbright\u00bb image_hovers=\u00bbfalse\u00bb lazy_loading=\u00bbtrue\u00bb][\/vc_column_inner][vc_column_inner el_class=\u00bbhidden\u00bb width=\u00bb1\/2&#8243;][vc_single_image image=\u00bb1922&#8243; img_size=\u00bbfull\u00bb image_hovers=\u00bbfalse\u00bb lazy_loading=\u00bbtrue\u00bb][\/vc_column_inner][vc_column_inner][vc_column_text el_class=\u00bbblanc\u00bb]<\/p>\n<p style=\"text-align: center;\">Despu\u00e9s de la publicaci\u00f3n en 2020 del documento titulado <strong>\u201cLOS PILARES DEL FUTURO\u201d<\/strong> que demostr\u00f3 las capacidades de ambos colectivos para elaborar de forma colaborativa propuestas de valor, <strong>FEI e IND+I<\/strong> han emprendido durante este a\u00f1o 2021, otro reto, permanente pero acuciado, despu\u00e9s de la crisis que nos ha supuesto el virus y sus impactos en las sociedades avanzadas: <strong>\u201cLA SOBERAN\u00cdA TECNOL\u00d3GICA\u201d<\/strong>. Lo hemos enfrentado siguiendo las pautas de \u00e9xito de la primera publicaci\u00f3n: reunir a expertos de ambas partes para que den lo mejor de su conocimiento y experiencia, y resuman, de forma muy clara y breve, algunas reflexiones que sirvan para disponer de una base sobre la cual construir las propuestas que Espa\u00f1a y Europa deben acordar si quieren estar en el futuro industrial y de innovaci\u00f3n en las pr\u00f3ximas d\u00e9cadas.<\/p>\n<p>[\/vc_column_text][\/vc_column_inner][\/vc_row_inner][\/vc_column][\/vc_row][vc_row type=\u00bbvc_default\u00bb css=\u00bb.vc_custom_1516376946299{margin-top: 3em !important;}\u00bb][vc_column][vc_row_inner][vc_column_inner][vc_column_text el_class=\u00bbtitu-negre\u00bb]<\/p>\n<p style=\"text-align: center;\"><strong><span style=\"color: #000000;\">Agenda<\/span><\/strong><\/p>\n<p>[\/vc_column_text][vc_column_text el_class=\u00bbsub-titu-negre\u00bb]<\/p>\n<p style=\"text-align: center;\"><strong style=\"color: #000000;\"><span style=\"color: #000000;\">21\/12\/2021 &#8211; de 17.00 a 18.30 h<br \/>\nEn l\u00ednea (plataforma ZOOM)<\/span><\/strong><\/p>\n<p>[\/vc_column_text][vc_single_image image=\u00bb29&#8243; img_size=\u00bbfull\u00bb alignment=\u00bbcenter\u00bb][\/vc_column_inner][\/vc_row_inner][\/vc_column][\/vc_row][vc_row][vc_column width=\u00bb1\/6&#8243;][\/vc_column][vc_column width=\u00bb2\/3&#8243;][vc_separator color=\u00bbcustom\u00bb accent_color=\u00bb#00a8b4&#8243;][vc_row_inner][vc_column_inner width=\u00bb1\/6&#8243;][vc_column_text]<span style=\"color: #00a8b4;\"><strong>17.00<br \/>\n<\/strong><\/span>[\/vc_column_text][\/vc_column_inner][vc_column_inner width=\u00bb5\/6&#8243;][vc_column_text]Bienvenida a cargo del Sr. <strong>Carles Ruiz Novella<\/strong>, Alcalde de Viladecans.[\/vc_column_text][\/vc_column_inner][\/vc_row_inner][vc_row_inner][vc_column_inner width=\u00bb1\/6&#8243;][vc_column_text]<span style=\"color: #00a8b4;\"><strong>17.10<\/strong><\/span>[\/vc_column_text][\/vc_column_inner][vc_column_inner width=\u00bb5\/6&#8243;][vc_column_text]Presentaci\u00f3 del documento <strong>\u201cSobirania Tecnol\u00f3gica. Definici\u00f3n, dilemas y recomendaciones para Espa\u00f1a\u201d<\/strong> a cargo de <strong>Jordi Garc\u00eda Brustenga<\/strong>, membre i secretario del Consejo IND+I.[\/vc_column_text][\/vc_column_inner][\/vc_row_inner][vc_row_inner][vc_column_inner width=\u00bb1\/6&#8243;][vc_column_text]<span style=\"color: #00a8b4;\"><strong>17.20<\/strong><\/span>[\/vc_column_text][\/vc_column_inner][vc_column_inner width=\u00bb5\/6&#8243;][vc_column_text]Intervenci\u00f3n de los ponentes invitados:<br \/>\n_ <strong>Xavier L\u00f3pez Luj\u00e1n<\/strong>, miembro del Consejo IND+I, Director General Corporativo y de Operacions de Eurecat, Centro Tecnol\u00f3gico de Catalu\u00f1a.<br \/>\n_ <strong>Carmen Vela Olmo<\/strong>, miembro del FEI, Directora de Proyectos Colaborativos Eurofins Technologies &#8211; INGENASA.<\/p>\n<p>Y la participaci\u00f3n como invitado especial de <strong>Josep M\u00aa\u00a0Martorell Rod\u00f3n<\/strong>, Director Asociado del Barcelona Supercomputer Center.[\/vc_column_text][\/vc_column_inner][\/vc_row_inner][vc_row_inner][vc_column_inner width=\u00bb1\/6&#8243;][vc_column_text]<span style=\"color: #00a8b4;\"><strong>18.05<\/strong><\/span>[\/vc_column_text][\/vc_column_inner][vc_column_inner width=\u00bb5\/6&#8243;][vc_column_text]Mesa redonda con la participaci\u00f3n de los tres ponentes, moderada por Jordi Garc\u00eda Brustenga.[\/vc_column_text][\/vc_column_inner][\/vc_row_inner][vc_row_inner][vc_column_inner width=\u00bb1\/6&#8243;][vc_column_text]<span style=\"color: #00a8b4;\"><strong>18.25<\/strong><\/span>[\/vc_column_text][\/vc_column_inner][vc_column_inner width=\u00bb5\/6&#8243;][vc_column_text]Despedida y cierre del acto.[\/vc_column_text][\/vc_column_inner][\/vc_row_inner][vc_separator color=\u00bbcustom\u00bb accent_color=\u00bb#00a8b4&#8243;][\/vc_column][vc_column width=\u00bb1\/6&#8243;][\/vc_column][\/vc_row][vc_row][vc_column css=\u00bb.vc_custom_1513361611661{margin-top: 3em !important;}\u00bb][vc_single_image image=\u00bb112018&#8243; img_size=\u00bbfull\u00bb alignment=\u00bbcenter\u00bb css=\u00bb\u00bb image_hovers=\u00bbfalse\u00bb][\/vc_column][\/vc_row]<\/p>\n<\/div>","protected":false},"excerpt":{"rendered":"<p>[vc_row][vc_column][vc_single_image image=\u00bb1939&#8243; img_size=\u00bbfull\u00bb alignment=\u00bbcenter\u00bb image_hovers=\u00bbfalse\u00bb lazy_loading=\u00bbtrue\u00bb][vc_single_image image=\u00bb29&#8243; img_size=\u00bbfull\u00bb alignment=\u00bbcenter\u00bb][\/vc_column][\/vc_row][vc_row type=\u00bbvc_default\u00bb full_width=\u00bbstretch_row\u00bb css=\u00bb.vc_custom_1641943383093{background-color: #000000 !important;}\u00bb][vc_column][vc_row_inner css=\u00bb.vc_custom_1516374774697{background-color: #000000 !important;}\u00bb][vc_column_inner][vc_column_text el_class=\u00bbtitu-blanc\u00bb] PRESENTACI\u00d3N DEL DOCUMENTO SOBERANIA TECNOL\u00d3GICA. Definici\u00f3n, dilemas y recomendaciones para Espa\u00f1a. [\/vc_column_text][vc_column_text el_class=\u00bbsub-titu-blanc\u00bb] Elaborado por lND+I y FEI en colaboraci\u00f3n [\/vc_column_text][\/vc_column_inner][\/vc_row_inner][vc_row_inner css=\u00bb.vc_custom_1641943089077{margin-bottom: 40px !important;}\u00bb][vc_column_inner el_class=\u00bbhidden\u00bb width=\u00bb1\/2&#8243;][vc_single_image image=\u00bb1920&#8243; img_size=\u00bbfull\u00bb alignment=\u00bbright\u00bb image_hovers=\u00bbfalse\u00bb lazy_loading=\u00bbtrue\u00bb][\/vc_column_inner][vc_column_inner el_class=\u00bbhidden\u00bb width=\u00bb1\/2&#8243;][vc_single_image image=\u00bb1922&#8243; img_size=\u00bbfull\u00bb image_hovers=\u00bbfalse\u00bb lazy_loading=\u00bbtrue\u00bb][\/vc_column_inner][vc_column_inner][vc_column_text&hellip;<\/p>\n","protected":false},"author":1,"featured_media":0,"parent":0,"menu_order":0,"comment_status":"closed","ping_status":"closed","template":"","meta":{"footnotes":""},"class_list":["post-826","page","type-page","status-publish","hentry","description-off"],"yoast_head":"<!-- This site is optimized with the Yoast SEO plugin v27.5 - https:\/\/yoast.com\/product\/yoast-seo-wordpress\/ -->\n<title>IND+I Science - IND+I 2025<\/title>\n<meta name=\"robots\" content=\"index, follow, max-snippet:-1, max-image-preview:large, max-video-preview:-1\" \/>\n<link rel=\"canonical\" href=\"https:\/\/indi.cat\/es\/indi-science\/\" \/>\n<meta property=\"og:locale\" content=\"es_ES\" \/>\n<meta property=\"og:type\" content=\"article\" \/>\n<meta property=\"og:title\" content=\"IND+I Science - IND+I 2025\" \/>\n<meta property=\"og:description\" content=\"[vc_row][vc_column][vc_single_image image=\u00bb1939&#8243; img_size=\u00bbfull\u00bb alignment=\u00bbcenter\u00bb image_hovers=\u00bbfalse\u00bb lazy_loading=\u00bbtrue\u00bb][vc_single_image image=\u00bb29&#8243; img_size=\u00bbfull\u00bb alignment=\u00bbcenter\u00bb][\/vc_column][\/vc_row][vc_row type=\u00bbvc_default\u00bb full_width=\u00bbstretch_row\u00bb css=\u00bb.vc_custom_1641943383093{background-color: #000000 !important;}\u00bb][vc_column][vc_row_inner css=\u00bb.vc_custom_1516374774697{background-color: #000000 !important;}\u00bb][vc_column_inner][vc_column_text el_class=\u00bbtitu-blanc\u00bb] PRESENTACI\u00d3N DEL DOCUMENTO SOBERANIA TECNOL\u00d3GICA. Definici\u00f3n, dilemas y recomendaciones para Espa\u00f1a. [\/vc_column_text][vc_column_text el_class=\u00bbsub-titu-blanc\u00bb] Elaborado por lND+I y FEI en colaboraci\u00f3n [\/vc_column_text][\/vc_column_inner][\/vc_row_inner][vc_row_inner css=\u00bb.vc_custom_1641943089077{margin-bottom: 40px !important;}\u00bb][vc_column_inner el_class=\u00bbhidden\u00bb width=\u00bb1\/2&#8243;][vc_single_image image=\u00bb1920&#8243; img_size=\u00bbfull\u00bb alignment=\u00bbright\u00bb image_hovers=\u00bbfalse\u00bb lazy_loading=\u00bbtrue\u00bb][\/vc_column_inner][vc_column_inner el_class=\u00bbhidden\u00bb width=\u00bb1\/2&#8243;][vc_single_image image=\u00bb1922&#8243; img_size=\u00bbfull\u00bb image_hovers=\u00bbfalse\u00bb lazy_loading=\u00bbtrue\u00bb][\/vc_column_inner][vc_column_inner][vc_column_text&hellip;\" \/>\n<meta property=\"og:url\" content=\"https:\/\/indi.cat\/es\/indi-science\/\" \/>\n<meta property=\"og:site_name\" content=\"IND+I 2025\" \/>\n<meta property=\"article:modified_time\" content=\"2025-08-28T08:22:16+00:00\" \/>\n<meta name=\"twitter:card\" content=\"summary_large_image\" \/>\n<meta name=\"twitter:site\" content=\"@INDI_viladecans\" \/>\n<script type=\"application\/ld+json\" class=\"yoast-schema-graph\">{\"@context\":\"https:\\\/\\\/schema.org\",\"@graph\":[{\"@type\":\"WebPage\",\"@id\":\"https:\\\/\\\/indi.cat\\\/es\\\/indi-science\\\/\",\"url\":\"https:\\\/\\\/indi.cat\\\/es\\\/indi-science\\\/\",\"name\":\"IND+I Science - IND+I 2025\",\"isPartOf\":{\"@id\":\"https:\\\/\\\/indi.cat\\\/#website\"},\"datePublished\":\"2017-09-13T10:23:13+00:00\",\"dateModified\":\"2025-08-28T08:22:16+00:00\",\"breadcrumb\":{\"@id\":\"https:\\\/\\\/indi.cat\\\/es\\\/indi-science\\\/#breadcrumb\"},\"inLanguage\":\"es\",\"potentialAction\":[{\"@type\":\"ReadAction\",\"target\":[\"https:\\\/\\\/indi.cat\\\/es\\\/indi-science\\\/\"]}]},{\"@type\":\"BreadcrumbList\",\"@id\":\"https:\\\/\\\/indi.cat\\\/es\\\/indi-science\\\/#breadcrumb\",\"itemListElement\":[{\"@type\":\"ListItem\",\"position\":1,\"name\":\"Home\",\"item\":\"https:\\\/\\\/indi.cat\\\/es\\\/\"},{\"@type\":\"ListItem\",\"position\":2,\"name\":\"IND+I Science\"}]},{\"@type\":\"WebSite\",\"@id\":\"https:\\\/\\\/indi.cat\\\/#website\",\"url\":\"https:\\\/\\\/indi.cat\\\/\",\"name\":\"IND+I 2025\",\"description\":\"Viladecans\",\"potentialAction\":[{\"@type\":\"SearchAction\",\"target\":{\"@type\":\"EntryPoint\",\"urlTemplate\":\"https:\\\/\\\/indi.cat\\\/?s={search_term_string}\"},\"query-input\":{\"@type\":\"PropertyValueSpecification\",\"valueRequired\":true,\"valueName\":\"search_term_string\"}}],\"inLanguage\":\"es\"}]}<\/script>\n<!-- \/ Yoast SEO plugin. -->","yoast_head_json":{"title":"IND+I Science - IND+I 2025","robots":{"index":"index","follow":"follow","max-snippet":"max-snippet:-1","max-image-preview":"max-image-preview:large","max-video-preview":"max-video-preview:-1"},"canonical":"https:\/\/indi.cat\/es\/indi-science\/","og_locale":"es_ES","og_type":"article","og_title":"IND+I Science - IND+I 2025","og_description":"[vc_row][vc_column][vc_single_image image=\u00bb1939&#8243; img_size=\u00bbfull\u00bb alignment=\u00bbcenter\u00bb image_hovers=\u00bbfalse\u00bb lazy_loading=\u00bbtrue\u00bb][vc_single_image image=\u00bb29&#8243; img_size=\u00bbfull\u00bb alignment=\u00bbcenter\u00bb][\/vc_column][\/vc_row][vc_row type=\u00bbvc_default\u00bb full_width=\u00bbstretch_row\u00bb css=\u00bb.vc_custom_1641943383093{background-color: #000000 !important;}\u00bb][vc_column][vc_row_inner css=\u00bb.vc_custom_1516374774697{background-color: #000000 !important;}\u00bb][vc_column_inner][vc_column_text el_class=\u00bbtitu-blanc\u00bb] PRESENTACI\u00d3N DEL DOCUMENTO SOBERANIA TECNOL\u00d3GICA. Definici\u00f3n, dilemas y recomendaciones para Espa\u00f1a. [\/vc_column_text][vc_column_text el_class=\u00bbsub-titu-blanc\u00bb] Elaborado por lND+I y FEI en colaboraci\u00f3n [\/vc_column_text][\/vc_column_inner][\/vc_row_inner][vc_row_inner css=\u00bb.vc_custom_1641943089077{margin-bottom: 40px !important;}\u00bb][vc_column_inner el_class=\u00bbhidden\u00bb width=\u00bb1\/2&#8243;][vc_single_image image=\u00bb1920&#8243; img_size=\u00bbfull\u00bb alignment=\u00bbright\u00bb image_hovers=\u00bbfalse\u00bb lazy_loading=\u00bbtrue\u00bb][\/vc_column_inner][vc_column_inner el_class=\u00bbhidden\u00bb width=\u00bb1\/2&#8243;][vc_single_image image=\u00bb1922&#8243; img_size=\u00bbfull\u00bb image_hovers=\u00bbfalse\u00bb lazy_loading=\u00bbtrue\u00bb][\/vc_column_inner][vc_column_inner][vc_column_text&hellip;","og_url":"https:\/\/indi.cat\/es\/indi-science\/","og_site_name":"IND+I 2025","article_modified_time":"2025-08-28T08:22:16+00:00","twitter_card":"summary_large_image","twitter_site":"@INDI_viladecans","schema":{"@context":"https:\/\/schema.org","@graph":[{"@type":"WebPage","@id":"https:\/\/indi.cat\/es\/indi-science\/","url":"https:\/\/indi.cat\/es\/indi-science\/","name":"IND+I Science - IND+I 2025","isPartOf":{"@id":"https:\/\/indi.cat\/#website"},"datePublished":"2017-09-13T10:23:13+00:00","dateModified":"2025-08-28T08:22:16+00:00","breadcrumb":{"@id":"https:\/\/indi.cat\/es\/indi-science\/#breadcrumb"},"inLanguage":"es","potentialAction":[{"@type":"ReadAction","target":["https:\/\/indi.cat\/es\/indi-science\/"]}]},{"@type":"BreadcrumbList","@id":"https:\/\/indi.cat\/es\/indi-science\/#breadcrumb","itemListElement":[{"@type":"ListItem","position":1,"name":"Home","item":"https:\/\/indi.cat\/es\/"},{"@type":"ListItem","position":2,"name":"IND+I Science"}]},{"@type":"WebSite","@id":"https:\/\/indi.cat\/#website","url":"https:\/\/indi.cat\/","name":"IND+I 2025","description":"Viladecans","potentialAction":[{"@type":"SearchAction","target":{"@type":"EntryPoint","urlTemplate":"https:\/\/indi.cat\/?s={search_term_string}"},"query-input":{"@type":"PropertyValueSpecification","valueRequired":true,"valueName":"search_term_string"}}],"inLanguage":"es"}]}},"_links":{"self":[{"href":"https:\/\/indi.cat\/es\/wp-json\/wp\/v2\/pages\/826","targetHints":{"allow":["GET"]}}],"collection":[{"href":"https:\/\/indi.cat\/es\/wp-json\/wp\/v2\/pages"}],"about":[{"href":"https:\/\/indi.cat\/es\/wp-json\/wp\/v2\/types\/page"}],"author":[{"embeddable":true,"href":"https:\/\/indi.cat\/es\/wp-json\/wp\/v2\/users\/1"}],"replies":[{"embeddable":true,"href":"https:\/\/indi.cat\/es\/wp-json\/wp\/v2\/comments?post=826"}],"version-history":[{"count":0,"href":"https:\/\/indi.cat\/es\/wp-json\/wp\/v2\/pages\/826\/revisions"}],"wp:attachment":[{"href":"https:\/\/indi.cat\/es\/wp-json\/wp\/v2\/media?parent=826"}],"curies":[{"name":"wp","href":"https:\/\/api.w.org\/{rel}","templated":true}]}}