{"id":513,"date":"2017-03-28T09:12:01","date_gmt":"2017-03-28T09:12:01","guid":{"rendered":"http:\/\/indi.cviladecans.cat\/pere-condom-vila\/"},"modified":"2017-04-25T07:51:01","modified_gmt":"2017-04-25T07:51:01","slug":"pere-condom-vila","status":"publish","type":"page","link":"https:\/\/indi.cat\/es\/pere-condom-vila\/","title":{"rendered":"PERE CONDOM VIL\u00c0"},"content":{"rendered":"<div class=\"wpb-content-wrapper\"><p>[vc_row margin_top=\u00bb50px\u00bb][vc_column width=\u00bb1\/4&#8243; css=\u00bb.vc_custom_1489653926973{margin-top: -20px !important;}\u00bb][vc_single_image image=\u00bb141&#8243; img_size=\u00bbfull\u00bb alignment=\u00bbcenter\u00bb image_hovers=\u00bbfalse\u00bb][\/vc_column][vc_column width=\u00bb3\/4&#8243;][vc_column_text el_class=\u00bbtitu-negre\u00bb css=\u00bb.vc_custom_1490693016137{margin-bottom: 40px !important;}\u00bb]Pere Condom Vil\u00e0[\/vc_column_text][vc_column_text]<strong>Director del Programa Catalunya Empr\u00e8n de la Generalitat de Catalunya<\/strong>[\/vc_column_text][vc_column_text]<a href=\"https:\/\/twitter.com\/PereCondom\" target=\"_blank\" rel=\"noopener noreferrer\"><img decoding=\"async\" class=\"alignleft wp-image-66 size-full\" style=\"margin-right: 5px;\" src=\"https:\/\/indi.cat\/wp-content\/uploads\/twi-v.png\" alt=\"\" width=\"32\" height=\"37\" \/><\/a><a href=\"https:\/\/www.linkedin.com\/in\/perecondom\/\" target=\"_blank\" rel=\"noopener noreferrer\"><img decoding=\"async\" class=\"alignleft wp-image-64 size-full\" style=\"margin-right: 5px;\" src=\"https:\/\/indi.cat\/wp-content\/uploads\/link-v.png\" alt=\"\" width=\"32\" height=\"37\" \/><\/a>[\/vc_column_text][\/vc_column][\/vc_row][vc_row margin_bottom=\u00bb40px\u00bb][vc_column][vc_column_text]Doctor ingeniero industrial por la Universidad de Girona (UdG) e ingeniero industrial por la Universidad Polit\u00e9cnica de Catalunya (UPC), tiene tambi\u00e9n un m\u00e1ster en Direcci\u00f3n Financiera y Contable de la Empresa por la Universidad Pompeu Fabra (UPF) y un MBA de La Salle de Barcelona.<\/p>\n<p>Fue <strong>Premio Extraordinario de Doctorado de la Universidad de Girona<\/strong> por su tesis doctoral <em>La transferencia de tecnolog\u00eda universitaria. Modalidades y Estrategias<\/em>. Disfrut\u00f3 de una beca de la Generalitat de Catalunya para la Investigaci\u00f3n y Ampliaci\u00f3n de Estudios en el Extranjero, con una estancia corta en la <strong>Office of Intellectual Property de la Michigan State University<\/strong>. Durante seis a\u00f1os fue miembro del <strong>Consejo de Administraci\u00f3n de Inveready Seed Capital<\/strong>, sociedad dedicada a las inversiones tecnol\u00f3gicas en fase semilla.<\/p>\n<p>Es <strong>director del Programa Catalunya Empr\u00e8n<\/strong>, actuaci\u00f3n que visualiza y explicita todas las iniciativas de emprendedur\u00eda de la Generalitat de Catalunya. Es tambi\u00e9n <strong>profesor asociado de la Universidad de Barcelona<\/strong>, \u200b\u200ben el m\u00e1ster Creaci\u00f3n y Gesti\u00f3n de Empresas Innovadoras y de Base Tecnol\u00f3gica, con la asignatura <em>Gesti\u00f3n de la Tecnolog\u00eda y de la I+D<\/em>.<\/p>\n<p>Justo antes, durante m\u00e1s de siete a\u00f1os, fue el<strong> director del Parque Cient\u00edfico y Tecnol\u00f3gico de la UdG<\/strong>. Previamente hab\u00eda sido <strong>gerente del Parque de Investigaci\u00f3n e Innovaci\u00f3n de la Universidad Polit\u00e9cnica de Catalunya<\/strong> y, entre 1994 y 2005, fue <strong>responsable de Transferencia de Tecnolog\u00eda y de Creaci\u00f3n de Empresas en la Universidad de Girona<\/strong>. Colabor\u00f3 \u200b\u200bcon <strong>IESE Business School<\/strong> en el per\u00edodo 2004-2006 como investigador colaborador externo. Ha desarrollado varios proyectos de investigaci\u00f3n relacionados con las pol\u00edticas de innovaci\u00f3n, la creaci\u00f3n de empresas, la transferencia de tecnolog\u00eda y los parques cient\u00edficos y tecnol\u00f3gicos.[\/vc_column_text][\/vc_column][\/vc_row][vc_row type=\u00bbvc_default\u00bb full_width=\u00bbstretch_row_content_no_spaces\u00bb content_placement=\u00bbmiddle\u00bb css=\u00bb.vc_custom_1489394714797{margin-bottom: -70px !important;background-color: #000000 !important;}\u00bb][vc_column][vc_column_text css=\u00bb.vc_custom_1493107488256{margin-bottom: 5px !important;}\u00bb]<\/p>\n<div style=\"text-align: center; width: 100%;\"><a href=\"https:\/\/twitter.com\/INDI_viladecans\" target=\"_blank\" rel=\"noopener noreferrer\"><img decoding=\"async\" class=\"wp-image-65 size-full\" style=\"margin-right: 3px;\" src=\"https:\/\/indi.cat\/wp-content\/uploads\/twi-b.png\" alt=\"\" width=\"32\" height=\"37\" \/><\/a><a href=\"https:\/\/www.linkedin.com\/company-beta\/11070686\" target=\"_blank\" rel=\"noopener noreferrer\"><img decoding=\"async\" class=\"wp-image-63 size-full\" style=\"margin-right: 3px;\" src=\"https:\/\/indi.cat\/wp-content\/uploads\/link-b.png\" alt=\"\" width=\"32\" height=\"37\" \/><\/a><a href=\"https:\/\/www.youtube.com\/channel\/UCCZB7eGXiFeX1OEJ5z0Gykw\" target=\"_blank\" rel=\"noopener noreferrer\"><img decoding=\"async\" class=\"wp-image-68 size-full\" src=\"https:\/\/indi.cat\/wp-content\/uploads\/you-b-1.png\" alt=\"\" width=\"32\" height=\"37\" \/><\/a><\/div>\n<p>[\/vc_column_text][vc_column_text css=\u00bb.vc_custom_1489394798837{border-bottom-width: 15px !important;}\u00bb el_class=\u00bbblanc\u00bb]<\/p>\n<p style=\"text-align: center;\">#FENTLINDI<\/p>\n<p>[\/vc_column_text][\/vc_column][\/vc_row][vc_row][vc_column][vc_raw_html]JTNDc3R5bGUlM0UlMEEubWVudS1pdGVtLTI0NiUyMGElMjAubWVudS1pdGVtLXRleHQlMjAubWVudS10ZXh0JTIwJTdCJTBBJTIwJTIwJTIwJTIwY29sb3IlM0ElMjAlMjMwMGE4YjQlMjAlMjFpbXBvcnRhbnQlM0IlMEElN0QlMEElM0MlMkZzdHlsZSUzRQ==[\/vc_raw_html][\/vc_column][\/vc_row]<\/p>\n<\/div>","protected":false},"excerpt":{"rendered":"<p>[vc_row margin_top=\u00bb50px\u00bb][vc_column width=\u00bb1\/4&#8243; css=\u00bb.vc_custom_1489653926973{margin-top: -20px !important;}\u00bb][vc_single_image image=\u00bb141&#8243; img_size=\u00bbfull\u00bb alignment=\u00bbcenter\u00bb image_hovers=\u00bbfalse\u00bb][\/vc_column][vc_column width=\u00bb3\/4&#8243;][vc_column_text el_class=\u00bbtitu-negre\u00bb css=\u00bb.vc_custom_1490693016137{margin-bottom: 40px !important;}\u00bb]Pere Condom Vil\u00e0[\/vc_column_text][vc_column_text]Director del Programa Catalunya Empr\u00e8n de la Generalitat de Catalunya[\/vc_column_text][vc_column_text][\/vc_column_text][\/vc_column][\/vc_row][vc_row margin_bottom=\u00bb40px\u00bb][vc_column][vc_column_text]Doctor ingeniero industrial por la Universidad de Girona (UdG) e ingeniero industrial por la Universidad Polit\u00e9cnica de Catalunya (UPC), tiene tambi\u00e9n un m\u00e1ster en Direcci\u00f3n Financiera y Contable de&hellip;<\/p>\n","protected":false},"author":1,"featured_media":0,"parent":0,"menu_order":0,"comment_status":"closed","ping_status":"closed","template":"","meta":{"footnotes":""},"class_list":["post-513","page","type-page","status-publish","hentry","description-off"],"yoast_head":"<!-- This site is optimized with the Yoast SEO plugin v27.2 - https:\/\/yoast.com\/product\/yoast-seo-wordpress\/ -->\n<title>PERE CONDOM VIL\u00c0 - IND+I 2025<\/title>\n<meta name=\"robots\" content=\"index, follow, max-snippet:-1, max-image-preview:large, max-video-preview:-1\" \/>\n<link rel=\"canonical\" href=\"https:\/\/indi.cat\/es\/pere-condom-vila\/\" \/>\n<meta property=\"og:locale\" content=\"es_ES\" \/>\n<meta property=\"og:type\" content=\"article\" \/>\n<meta property=\"og:title\" content=\"PERE CONDOM VIL\u00c0 - IND+I 2025\" \/>\n<meta property=\"og:description\" content=\"[vc_row margin_top=\u00bb50px\u00bb][vc_column width=\u00bb1\/4&#8243; css=\u00bb.vc_custom_1489653926973{margin-top: -20px !important;}\u00bb][vc_single_image image=\u00bb141&#8243; img_size=\u00bbfull\u00bb alignment=\u00bbcenter\u00bb image_hovers=\u00bbfalse\u00bb][\/vc_column][vc_column width=\u00bb3\/4&#8243;][vc_column_text el_class=\u00bbtitu-negre\u00bb css=\u00bb.vc_custom_1490693016137{margin-bottom: 40px !important;}\u00bb]Pere Condom Vil\u00e0[\/vc_column_text][vc_column_text]Director del Programa Catalunya Empr\u00e8n de la Generalitat de Catalunya[\/vc_column_text][vc_column_text][\/vc_column_text][\/vc_column][\/vc_row][vc_row margin_bottom=\u00bb40px\u00bb][vc_column][vc_column_text]Doctor ingeniero industrial por la Universidad de Girona (UdG) e ingeniero industrial por la Universidad Polit\u00e9cnica de Catalunya (UPC), tiene tambi\u00e9n un m\u00e1ster en Direcci\u00f3n Financiera y Contable de&hellip;\" \/>\n<meta property=\"og:url\" content=\"https:\/\/indi.cat\/es\/pere-condom-vila\/\" \/>\n<meta property=\"og:site_name\" content=\"IND+I 2025\" \/>\n<meta property=\"article:modified_time\" content=\"2017-04-25T07:51:01+00:00\" \/>\n<meta property=\"og:image\" content=\"https:\/\/indi.cat\/wp-content\/uploads\/twi-v.png\" \/>\n<meta name=\"twitter:card\" content=\"summary_large_image\" \/>\n<meta name=\"twitter:site\" content=\"@INDI_viladecans\" \/>\n<script type=\"application\/ld+json\" class=\"yoast-schema-graph\">{\"@context\":\"https:\/\/schema.org\",\"@graph\":[{\"@type\":\"WebPage\",\"@id\":\"https:\/\/indi.cat\/es\/pere-condom-vila\/\",\"url\":\"https:\/\/indi.cat\/es\/pere-condom-vila\/\",\"name\":\"PERE CONDOM VIL\u00c0 - IND+I 2025\",\"isPartOf\":{\"@id\":\"https:\/\/indi.cat\/#website\"},\"primaryImageOfPage\":{\"@id\":\"https:\/\/indi.cat\/es\/pere-condom-vila\/#primaryimage\"},\"image\":{\"@id\":\"https:\/\/indi.cat\/es\/pere-condom-vila\/#primaryimage\"},\"thumbnailUrl\":\"https:\/\/indi.cat\/wp-content\/uploads\/twi-v.png\",\"datePublished\":\"2017-03-28T09:12:01+00:00\",\"dateModified\":\"2017-04-25T07:51:01+00:00\",\"breadcrumb\":{\"@id\":\"https:\/\/indi.cat\/es\/pere-condom-vila\/#breadcrumb\"},\"inLanguage\":\"es\",\"potentialAction\":[{\"@type\":\"ReadAction\",\"target\":[\"https:\/\/indi.cat\/es\/pere-condom-vila\/\"]}]},{\"@type\":\"ImageObject\",\"inLanguage\":\"es\",\"@id\":\"https:\/\/indi.cat\/es\/pere-condom-vila\/#primaryimage\",\"url\":\"https:\/\/indi.cat\/wp-content\/uploads\/twi-v.png\",\"contentUrl\":\"https:\/\/indi.cat\/wp-content\/uploads\/twi-v.png\"},{\"@type\":\"BreadcrumbList\",\"@id\":\"https:\/\/indi.cat\/es\/pere-condom-vila\/#breadcrumb\",\"itemListElement\":[{\"@type\":\"ListItem\",\"position\":1,\"name\":\"Home\",\"item\":\"https:\/\/indi.cat\/es\/\"},{\"@type\":\"ListItem\",\"position\":2,\"name\":\"PERE CONDOM VIL\u00c0\"}]},{\"@type\":\"WebSite\",\"@id\":\"https:\/\/indi.cat\/#website\",\"url\":\"https:\/\/indi.cat\/\",\"name\":\"IND+I 2025\",\"description\":\"Viladecans\",\"potentialAction\":[{\"@type\":\"SearchAction\",\"target\":{\"@type\":\"EntryPoint\",\"urlTemplate\":\"https:\/\/indi.cat\/?s={search_term_string}\"},\"query-input\":{\"@type\":\"PropertyValueSpecification\",\"valueRequired\":true,\"valueName\":\"search_term_string\"}}],\"inLanguage\":\"es\"}]}<\/script>\n<!-- \/ Yoast SEO plugin. -->","yoast_head_json":{"title":"PERE CONDOM VIL\u00c0 - IND+I 2025","robots":{"index":"index","follow":"follow","max-snippet":"max-snippet:-1","max-image-preview":"max-image-preview:large","max-video-preview":"max-video-preview:-1"},"canonical":"https:\/\/indi.cat\/es\/pere-condom-vila\/","og_locale":"es_ES","og_type":"article","og_title":"PERE CONDOM VIL\u00c0 - IND+I 2025","og_description":"[vc_row margin_top=\u00bb50px\u00bb][vc_column width=\u00bb1\/4&#8243; css=\u00bb.vc_custom_1489653926973{margin-top: -20px !important;}\u00bb][vc_single_image image=\u00bb141&#8243; img_size=\u00bbfull\u00bb alignment=\u00bbcenter\u00bb image_hovers=\u00bbfalse\u00bb][\/vc_column][vc_column width=\u00bb3\/4&#8243;][vc_column_text el_class=\u00bbtitu-negre\u00bb css=\u00bb.vc_custom_1490693016137{margin-bottom: 40px !important;}\u00bb]Pere Condom Vil\u00e0[\/vc_column_text][vc_column_text]Director del Programa Catalunya Empr\u00e8n de la Generalitat de Catalunya[\/vc_column_text][vc_column_text][\/vc_column_text][\/vc_column][\/vc_row][vc_row margin_bottom=\u00bb40px\u00bb][vc_column][vc_column_text]Doctor ingeniero industrial por la Universidad de Girona (UdG) e ingeniero industrial por la Universidad Polit\u00e9cnica de Catalunya (UPC), tiene tambi\u00e9n un m\u00e1ster en Direcci\u00f3n Financiera y Contable de&hellip;","og_url":"https:\/\/indi.cat\/es\/pere-condom-vila\/","og_site_name":"IND+I 2025","article_modified_time":"2017-04-25T07:51:01+00:00","og_image":[{"url":"https:\/\/indi.cat\/wp-content\/uploads\/twi-v.png","type":"","width":"","height":""}],"twitter_card":"summary_large_image","twitter_site":"@INDI_viladecans","schema":{"@context":"https:\/\/schema.org","@graph":[{"@type":"WebPage","@id":"https:\/\/indi.cat\/es\/pere-condom-vila\/","url":"https:\/\/indi.cat\/es\/pere-condom-vila\/","name":"PERE CONDOM VIL\u00c0 - IND+I 2025","isPartOf":{"@id":"https:\/\/indi.cat\/#website"},"primaryImageOfPage":{"@id":"https:\/\/indi.cat\/es\/pere-condom-vila\/#primaryimage"},"image":{"@id":"https:\/\/indi.cat\/es\/pere-condom-vila\/#primaryimage"},"thumbnailUrl":"https:\/\/indi.cat\/wp-content\/uploads\/twi-v.png","datePublished":"2017-03-28T09:12:01+00:00","dateModified":"2017-04-25T07:51:01+00:00","breadcrumb":{"@id":"https:\/\/indi.cat\/es\/pere-condom-vila\/#breadcrumb"},"inLanguage":"es","potentialAction":[{"@type":"ReadAction","target":["https:\/\/indi.cat\/es\/pere-condom-vila\/"]}]},{"@type":"ImageObject","inLanguage":"es","@id":"https:\/\/indi.cat\/es\/pere-condom-vila\/#primaryimage","url":"https:\/\/indi.cat\/wp-content\/uploads\/twi-v.png","contentUrl":"https:\/\/indi.cat\/wp-content\/uploads\/twi-v.png"},{"@type":"BreadcrumbList","@id":"https:\/\/indi.cat\/es\/pere-condom-vila\/#breadcrumb","itemListElement":[{"@type":"ListItem","position":1,"name":"Home","item":"https:\/\/indi.cat\/es\/"},{"@type":"ListItem","position":2,"name":"PERE CONDOM VIL\u00c0"}]},{"@type":"WebSite","@id":"https:\/\/indi.cat\/#website","url":"https:\/\/indi.cat\/","name":"IND+I 2025","description":"Viladecans","potentialAction":[{"@type":"SearchAction","target":{"@type":"EntryPoint","urlTemplate":"https:\/\/indi.cat\/?s={search_term_string}"},"query-input":{"@type":"PropertyValueSpecification","valueRequired":true,"valueName":"search_term_string"}}],"inLanguage":"es"}]}},"_links":{"self":[{"href":"https:\/\/indi.cat\/es\/wp-json\/wp\/v2\/pages\/513","targetHints":{"allow":["GET"]}}],"collection":[{"href":"https:\/\/indi.cat\/es\/wp-json\/wp\/v2\/pages"}],"about":[{"href":"https:\/\/indi.cat\/es\/wp-json\/wp\/v2\/types\/page"}],"author":[{"embeddable":true,"href":"https:\/\/indi.cat\/es\/wp-json\/wp\/v2\/users\/1"}],"replies":[{"embeddable":true,"href":"https:\/\/indi.cat\/es\/wp-json\/wp\/v2\/comments?post=513"}],"version-history":[{"count":0,"href":"https:\/\/indi.cat\/es\/wp-json\/wp\/v2\/pages\/513\/revisions"}],"wp:attachment":[{"href":"https:\/\/indi.cat\/es\/wp-json\/wp\/v2\/media?parent=513"}],"curies":[{"name":"wp","href":"https:\/\/api.w.org\/{rel}","templated":true}]}}