{"id":430,"date":"2017-03-16T08:37:06","date_gmt":"2017-03-16T08:37:06","guid":{"rendered":"http:\/\/indi.cviladecans.cat\/mariana-mazzucato\/"},"modified":"2017-05-17T07:16:00","modified_gmt":"2017-05-17T07:16:00","slug":"mariana-mazzucato","status":"publish","type":"page","link":"https:\/\/indi.cat\/es\/mariana-mazzucato\/","title":{"rendered":"MARIANA MAZZUCATO"},"content":{"rendered":"<div class=\"wpb-content-wrapper\"><p>[vc_row margin_top=\u00bb50px\u00bb][vc_column width=\u00bb1\/4&#8243; css=\u00bb.vc_custom_1489653926973{margin-top: -20px !important;}\u00bb][vc_single_image image=\u00bb129&#8243; img_size=\u00bbfull\u00bb alignment=\u00bbcenter\u00bb image_hovers=\u00bbfalse\u00bb][\/vc_column][vc_column width=\u00bb3\/4&#8243;][vc_column_text el_class=\u00bbtitu-negre\u00bb css=\u00bb.vc_custom_1489654335183{margin-bottom: 40px !important;}\u00bb]Mariana Mazzucato[\/vc_column_text][vc_column_text]Catedr\u00e1tica en Econom\u00eda de Innovaci\u00f3n y de Valor P\u00fablico<br \/>\nDirectora del Instituto para la Innovaci\u00f3n y el Prop\u00f3sito P\u00fablico (oto\u00f1o de 2017)<br \/>\nUniversity College London[\/vc_column_text][vc_column_text]<a href=\"https:\/\/twitter.com\/MazzucatoM\" target=\"_blank\" rel=\"noopener noreferrer\"><img decoding=\"async\" class=\"alignleft wp-image-66 size-full\" style=\"margin-right: 5px;\" src=\"https:\/\/indi.cat\/wp-content\/uploads\/twi-v.png\" alt=\"\" width=\"32\" height=\"37\" \/><\/a><a href=\"https:\/\/www.linkedin.com\/in\/mariana-mazzucato-9a329956\/\" target=\"_blank\" rel=\"noopener noreferrer\"><img decoding=\"async\" class=\"alignleft wp-image-64 size-full\" style=\"margin-right: 5px;\" src=\"https:\/\/indi.cat\/wp-content\/uploads\/link-v.png\" alt=\"\" width=\"32\" height=\"37\" \/><\/a><a href=\"https:\/\/indi.cat\/wp-content\/uploads\/Mariana_Mazzucato_INDI_2017.pdf\" target=\"_blank\" rel=\"noopener noreferrer\"><img decoding=\"async\" class=\"size-full wp-image-707 alignleft\" style=\"margin-top: 4px;\" src=\"https:\/\/indi.cat\/wp-content\/uploads\/desc-ponen-es.png\" alt=\"\" width=\"210\" height=\"29\" \/><\/a>[\/vc_column_text][\/vc_column][\/vc_row][vc_row margin_bottom=\u00bb40px\u00bb][vc_column][vc_column_text]La Dra.\u00a0<span class=\"s1\"><a href=\"http:\/\/marianamazzucato.com\/\">Mariana Mazzucato<\/a>\u00a0<\/span>es catedr\u00e1tica en Econom\u00eda de <a href=\"https:\/\/www.ucl.ac.uk\/bartlett\/news\/2017\/jan\/professor-mariana-mazzucato-launch-new-institute-innovation-and-public-purpose-ucl\" target=\"_blank\" rel=\"noopener noreferrer\">Innovaci\u00f3n y de Valor P\u00fablico<\/a> en la University College London (UCL), donde est\u00e1 estableciendo el nuevo Instituto para la Innovaci\u00f3n y el Prop\u00f3sito P\u00fablico, efectivo en oto\u00f1o de 2017. Tambi\u00e9n es la autora del exitoso libro el Estado Emprendedor (Anthem, 2013;\u00a0<span class=\"s1\"><a href=\"http:\/\/www.publicaffairsbooks.com\/book\/paperback\/the-entrepreneurial-state\/9781610396134\">Public Affairs<\/a><\/span>, 2015), que figura en la lista de Libros del any 2013 del\u00a0<a href=\"http:\/\/www.newstatesman.com\/economics\/2014\/10\/mariana-mazzucato-wins-new-statesman-speri-prize-political-economy\"><span class=\"s2\">Financial Times<\/span><\/a>. Adem\u00e1s ha sido galardonada con el <a href=\"http:\/\/www.newstatesman.com\/economics\/2014\/10\/mariana-mazzucato-wins-new-statesman-speri-prize-political-economy\" target=\"_blank\" rel=\"noopener noreferrer\">premio SPERI\u00a0de Econom\u00eda Pol\u00edtica<\/a> de 2014 y el Hans-Matth\u00f6fer-Preis de 2015. El 2013 fue nombrada una de las <a href=\"https:\/\/newrepublic.com\/article\/114395\/three-most-important-thinkers-about-innovation-you-dont-know\" target=\"_blank\" rel=\"noopener noreferrer\">tres mejores pensadoras sobre la innovaci\u00f3n<\/a> en el New Republic.<\/p>\n<p>Mazzucato ha aconsejado a pol\u00edticos de todo el mundo en temas de crecimiento e innovaci\u00f3n y actualmente es miembro del Consejo de Asesores Econ\u00f3micos del Gobierno de Escocia, del Consejo de Econom\u00eda de la Innovaci\u00f3n del Foro Econ\u00f3mico Mundial y del Panel Asesor del Fondo de Innovaci\u00f3n de Finlandia (SITRA). Tambi\u00e9n est\u00e1 llevando a cabo diversos proyectos de investigaci\u00f3n, algunos financiados por empresas como la NASA.<\/p>\n<p>Asimismo est\u00e1 coeditando el libro <a href=\"http:\/\/eu.wiley.com\/WileyCDA\/WileyTitle\/productCd-1119120950.html\" target=\"_blank\" rel=\"noopener noreferrer\">Repensemos el Capitalismo: Econom\u00eda y Pol\u00edticas para un Crecimiento Inclusivo y Sostenible<\/a> (WileyBlackwell, julio de 2016). Finalmente, est\u00e1 escribiendo el libro El valor de Todo, que ser\u00e1 publicado por Penguin Allen Lane este a\u00f1o.[\/vc_column_text][\/vc_column][\/vc_row][vc_row type=\u00bbvc_default\u00bb full_width=\u00bbstretch_row_content_no_spaces\u00bb content_placement=\u00bbmiddle\u00bb css=\u00bb.vc_custom_1489394714797{margin-bottom: -70px !important;background-color: #000000 !important;}\u00bb][vc_column][vc_column_text css=\u00bb.vc_custom_1493107425618{margin-bottom: 5px !important;}\u00bb]<\/p>\n<div style=\"text-align: center; width: 100%;\"><a href=\"https:\/\/twitter.com\/INDI_viladecans\" target=\"_blank\" rel=\"noopener noreferrer\"><img decoding=\"async\" class=\"wp-image-65 size-full\" style=\"margin-right: 3px;\" src=\"https:\/\/indi.cat\/wp-content\/uploads\/twi-b.png\" alt=\"\" width=\"32\" height=\"37\" \/><\/a><a href=\"https:\/\/www.linkedin.com\/company-beta\/11070686\" target=\"_blank\" rel=\"noopener noreferrer\"><img decoding=\"async\" class=\"wp-image-63 size-full\" style=\"margin-right: 3px;\" src=\"https:\/\/indi.cat\/wp-content\/uploads\/link-b.png\" alt=\"\" width=\"32\" height=\"37\" \/><\/a><a href=\"https:\/\/www.youtube.com\/channel\/UCCZB7eGXiFeX1OEJ5z0Gykw\" target=\"_blank\" rel=\"noopener noreferrer\"><img decoding=\"async\" class=\"wp-image-68 size-full\" src=\"https:\/\/indi.cat\/wp-content\/uploads\/you-b-1.png\" alt=\"\" width=\"32\" height=\"37\" \/><\/a><\/div>\n<p>[\/vc_column_text][vc_column_text css=\u00bb.vc_custom_1489394798837{border-bottom-width: 15px !important;}\u00bb el_class=\u00bbblanc\u00bb]<\/p>\n<p style=\"text-align: center;\">#FENTLINDI<\/p>\n<p>[\/vc_column_text][\/vc_column][\/vc_row][vc_row][vc_column][vc_raw_html]JTNDc3R5bGUlM0UlMEEubWVudS1pdGVtLTI0NiUyMGElMjAubWVudS1pdGVtLXRleHQlMjAubWVudS10ZXh0JTIwJTdCJTBBJTIwJTIwJTIwJTIwY29sb3IlM0ElMjAlMjMwMGE4YjQlMjAlMjFpbXBvcnRhbnQlM0IlMEElN0QlMEElM0MlMkZzdHlsZSUzRQ==[\/vc_raw_html][\/vc_column][\/vc_row]<\/p>\n<\/div>","protected":false},"excerpt":{"rendered":"<p>[vc_row margin_top=\u00bb50px\u00bb][vc_column width=\u00bb1\/4&#8243; css=\u00bb.vc_custom_1489653926973{margin-top: -20px !important;}\u00bb][vc_single_image image=\u00bb129&#8243; img_size=\u00bbfull\u00bb alignment=\u00bbcenter\u00bb image_hovers=\u00bbfalse\u00bb][\/vc_column][vc_column width=\u00bb3\/4&#8243;][vc_column_text el_class=\u00bbtitu-negre\u00bb css=\u00bb.vc_custom_1489654335183{margin-bottom: 40px !important;}\u00bb]Mariana Mazzucato[\/vc_column_text][vc_column_text]Catedr\u00e1tica en Econom\u00eda de Innovaci\u00f3n y de Valor P\u00fablico Directora del Instituto para la Innovaci\u00f3n y el Prop\u00f3sito P\u00fablico (oto\u00f1o de 2017) University College London[\/vc_column_text][vc_column_text][\/vc_column_text][\/vc_column][\/vc_row][vc_row margin_bottom=\u00bb40px\u00bb][vc_column][vc_column_text]La Dra.\u00a0Mariana Mazzucato\u00a0es catedr\u00e1tica en Econom\u00eda de Innovaci\u00f3n y de Valor P\u00fablico en la University&hellip;<\/p>\n","protected":false},"author":1,"featured_media":0,"parent":0,"menu_order":0,"comment_status":"closed","ping_status":"closed","template":"","meta":{"footnotes":""},"class_list":["post-430","page","type-page","status-publish","hentry","description-off"],"yoast_head":"<!-- This site is optimized with the Yoast SEO plugin v27.2 - https:\/\/yoast.com\/product\/yoast-seo-wordpress\/ -->\n<title>MARIANA MAZZUCATO - IND+I 2025<\/title>\n<meta name=\"robots\" content=\"index, follow, max-snippet:-1, max-image-preview:large, max-video-preview:-1\" \/>\n<link rel=\"canonical\" href=\"https:\/\/indi.cat\/es\/mariana-mazzucato\/\" \/>\n<meta property=\"og:locale\" content=\"es_ES\" \/>\n<meta property=\"og:type\" content=\"article\" \/>\n<meta property=\"og:title\" content=\"MARIANA MAZZUCATO - IND+I 2025\" \/>\n<meta property=\"og:description\" content=\"[vc_row margin_top=\u00bb50px\u00bb][vc_column width=\u00bb1\/4&#8243; css=\u00bb.vc_custom_1489653926973{margin-top: -20px !important;}\u00bb][vc_single_image image=\u00bb129&#8243; img_size=\u00bbfull\u00bb alignment=\u00bbcenter\u00bb image_hovers=\u00bbfalse\u00bb][\/vc_column][vc_column width=\u00bb3\/4&#8243;][vc_column_text el_class=\u00bbtitu-negre\u00bb css=\u00bb.vc_custom_1489654335183{margin-bottom: 40px !important;}\u00bb]Mariana Mazzucato[\/vc_column_text][vc_column_text]Catedr\u00e1tica en Econom\u00eda de Innovaci\u00f3n y de Valor P\u00fablico Directora del Instituto para la Innovaci\u00f3n y el Prop\u00f3sito P\u00fablico (oto\u00f1o de 2017) University College London[\/vc_column_text][vc_column_text][\/vc_column_text][\/vc_column][\/vc_row][vc_row margin_bottom=\u00bb40px\u00bb][vc_column][vc_column_text]La Dra.\u00a0Mariana Mazzucato\u00a0es catedr\u00e1tica en Econom\u00eda de Innovaci\u00f3n y de Valor P\u00fablico en la University&hellip;\" \/>\n<meta property=\"og:url\" content=\"https:\/\/indi.cat\/es\/mariana-mazzucato\/\" \/>\n<meta property=\"og:site_name\" content=\"IND+I 2025\" \/>\n<meta property=\"article:modified_time\" content=\"2017-05-17T07:16:00+00:00\" \/>\n<meta property=\"og:image\" content=\"https:\/\/indi.cat\/wp-content\/uploads\/twi-v.png\" \/>\n<meta name=\"twitter:card\" content=\"summary_large_image\" \/>\n<meta name=\"twitter:site\" content=\"@INDI_viladecans\" \/>\n<script type=\"application\/ld+json\" class=\"yoast-schema-graph\">{\"@context\":\"https:\/\/schema.org\",\"@graph\":[{\"@type\":\"WebPage\",\"@id\":\"https:\/\/indi.cat\/es\/mariana-mazzucato\/\",\"url\":\"https:\/\/indi.cat\/es\/mariana-mazzucato\/\",\"name\":\"MARIANA MAZZUCATO - IND+I 2025\",\"isPartOf\":{\"@id\":\"https:\/\/indi.cat\/#website\"},\"primaryImageOfPage\":{\"@id\":\"https:\/\/indi.cat\/es\/mariana-mazzucato\/#primaryimage\"},\"image\":{\"@id\":\"https:\/\/indi.cat\/es\/mariana-mazzucato\/#primaryimage\"},\"thumbnailUrl\":\"https:\/\/indi.cat\/wp-content\/uploads\/twi-v.png\",\"datePublished\":\"2017-03-16T08:37:06+00:00\",\"dateModified\":\"2017-05-17T07:16:00+00:00\",\"breadcrumb\":{\"@id\":\"https:\/\/indi.cat\/es\/mariana-mazzucato\/#breadcrumb\"},\"inLanguage\":\"es\",\"potentialAction\":[{\"@type\":\"ReadAction\",\"target\":[\"https:\/\/indi.cat\/es\/mariana-mazzucato\/\"]}]},{\"@type\":\"ImageObject\",\"inLanguage\":\"es\",\"@id\":\"https:\/\/indi.cat\/es\/mariana-mazzucato\/#primaryimage\",\"url\":\"https:\/\/indi.cat\/wp-content\/uploads\/twi-v.png\",\"contentUrl\":\"https:\/\/indi.cat\/wp-content\/uploads\/twi-v.png\"},{\"@type\":\"BreadcrumbList\",\"@id\":\"https:\/\/indi.cat\/es\/mariana-mazzucato\/#breadcrumb\",\"itemListElement\":[{\"@type\":\"ListItem\",\"position\":1,\"name\":\"Home\",\"item\":\"https:\/\/indi.cat\/es\/\"},{\"@type\":\"ListItem\",\"position\":2,\"name\":\"MARIANA MAZZUCATO\"}]},{\"@type\":\"WebSite\",\"@id\":\"https:\/\/indi.cat\/#website\",\"url\":\"https:\/\/indi.cat\/\",\"name\":\"IND+I 2025\",\"description\":\"Viladecans\",\"potentialAction\":[{\"@type\":\"SearchAction\",\"target\":{\"@type\":\"EntryPoint\",\"urlTemplate\":\"https:\/\/indi.cat\/?s={search_term_string}\"},\"query-input\":{\"@type\":\"PropertyValueSpecification\",\"valueRequired\":true,\"valueName\":\"search_term_string\"}}],\"inLanguage\":\"es\"}]}<\/script>\n<!-- \/ Yoast SEO plugin. -->","yoast_head_json":{"title":"MARIANA MAZZUCATO - IND+I 2025","robots":{"index":"index","follow":"follow","max-snippet":"max-snippet:-1","max-image-preview":"max-image-preview:large","max-video-preview":"max-video-preview:-1"},"canonical":"https:\/\/indi.cat\/es\/mariana-mazzucato\/","og_locale":"es_ES","og_type":"article","og_title":"MARIANA MAZZUCATO - IND+I 2025","og_description":"[vc_row margin_top=\u00bb50px\u00bb][vc_column width=\u00bb1\/4&#8243; css=\u00bb.vc_custom_1489653926973{margin-top: -20px !important;}\u00bb][vc_single_image image=\u00bb129&#8243; img_size=\u00bbfull\u00bb alignment=\u00bbcenter\u00bb image_hovers=\u00bbfalse\u00bb][\/vc_column][vc_column width=\u00bb3\/4&#8243;][vc_column_text el_class=\u00bbtitu-negre\u00bb css=\u00bb.vc_custom_1489654335183{margin-bottom: 40px !important;}\u00bb]Mariana Mazzucato[\/vc_column_text][vc_column_text]Catedr\u00e1tica en Econom\u00eda de Innovaci\u00f3n y de Valor P\u00fablico Directora del Instituto para la Innovaci\u00f3n y el Prop\u00f3sito P\u00fablico (oto\u00f1o de 2017) University College London[\/vc_column_text][vc_column_text][\/vc_column_text][\/vc_column][\/vc_row][vc_row margin_bottom=\u00bb40px\u00bb][vc_column][vc_column_text]La Dra.\u00a0Mariana Mazzucato\u00a0es catedr\u00e1tica en Econom\u00eda de Innovaci\u00f3n y de Valor P\u00fablico en la University&hellip;","og_url":"https:\/\/indi.cat\/es\/mariana-mazzucato\/","og_site_name":"IND+I 2025","article_modified_time":"2017-05-17T07:16:00+00:00","og_image":[{"url":"https:\/\/indi.cat\/wp-content\/uploads\/twi-v.png","type":"","width":"","height":""}],"twitter_card":"summary_large_image","twitter_site":"@INDI_viladecans","schema":{"@context":"https:\/\/schema.org","@graph":[{"@type":"WebPage","@id":"https:\/\/indi.cat\/es\/mariana-mazzucato\/","url":"https:\/\/indi.cat\/es\/mariana-mazzucato\/","name":"MARIANA MAZZUCATO - IND+I 2025","isPartOf":{"@id":"https:\/\/indi.cat\/#website"},"primaryImageOfPage":{"@id":"https:\/\/indi.cat\/es\/mariana-mazzucato\/#primaryimage"},"image":{"@id":"https:\/\/indi.cat\/es\/mariana-mazzucato\/#primaryimage"},"thumbnailUrl":"https:\/\/indi.cat\/wp-content\/uploads\/twi-v.png","datePublished":"2017-03-16T08:37:06+00:00","dateModified":"2017-05-17T07:16:00+00:00","breadcrumb":{"@id":"https:\/\/indi.cat\/es\/mariana-mazzucato\/#breadcrumb"},"inLanguage":"es","potentialAction":[{"@type":"ReadAction","target":["https:\/\/indi.cat\/es\/mariana-mazzucato\/"]}]},{"@type":"ImageObject","inLanguage":"es","@id":"https:\/\/indi.cat\/es\/mariana-mazzucato\/#primaryimage","url":"https:\/\/indi.cat\/wp-content\/uploads\/twi-v.png","contentUrl":"https:\/\/indi.cat\/wp-content\/uploads\/twi-v.png"},{"@type":"BreadcrumbList","@id":"https:\/\/indi.cat\/es\/mariana-mazzucato\/#breadcrumb","itemListElement":[{"@type":"ListItem","position":1,"name":"Home","item":"https:\/\/indi.cat\/es\/"},{"@type":"ListItem","position":2,"name":"MARIANA MAZZUCATO"}]},{"@type":"WebSite","@id":"https:\/\/indi.cat\/#website","url":"https:\/\/indi.cat\/","name":"IND+I 2025","description":"Viladecans","potentialAction":[{"@type":"SearchAction","target":{"@type":"EntryPoint","urlTemplate":"https:\/\/indi.cat\/?s={search_term_string}"},"query-input":{"@type":"PropertyValueSpecification","valueRequired":true,"valueName":"search_term_string"}}],"inLanguage":"es"}]}},"_links":{"self":[{"href":"https:\/\/indi.cat\/es\/wp-json\/wp\/v2\/pages\/430","targetHints":{"allow":["GET"]}}],"collection":[{"href":"https:\/\/indi.cat\/es\/wp-json\/wp\/v2\/pages"}],"about":[{"href":"https:\/\/indi.cat\/es\/wp-json\/wp\/v2\/types\/page"}],"author":[{"embeddable":true,"href":"https:\/\/indi.cat\/es\/wp-json\/wp\/v2\/users\/1"}],"replies":[{"embeddable":true,"href":"https:\/\/indi.cat\/es\/wp-json\/wp\/v2\/comments?post=430"}],"version-history":[{"count":0,"href":"https:\/\/indi.cat\/es\/wp-json\/wp\/v2\/pages\/430\/revisions"}],"wp:attachment":[{"href":"https:\/\/indi.cat\/es\/wp-json\/wp\/v2\/media?parent=430"}],"curies":[{"name":"wp","href":"https:\/\/api.w.org\/{rel}","templated":true}]}}