{"id":429,"date":"2017-03-16T08:49:01","date_gmt":"2017-03-16T08:49:01","guid":{"rendered":"http:\/\/indi.cviladecans.cat\/manuel-cermeron-romero\/"},"modified":"2017-04-25T07:50:17","modified_gmt":"2017-04-25T07:50:17","slug":"manuel-cermeron-romero","status":"publish","type":"page","link":"https:\/\/indi.cat\/es\/manuel-cermeron-romero\/","title":{"rendered":"MANUEL CERMER\u00d3N ROMERO"},"content":{"rendered":"<div class=\"wpb-content-wrapper\"><p>[vc_row margin_top=\u00bb50px\u00bb][vc_column width=\u00bb1\/4&#8243; css=\u00bb.vc_custom_1489653926973{margin-top: -20px !important;}\u00bb][vc_single_image image=\u00bb140&#8243; img_size=\u00bbfull\u00bb alignment=\u00bbcenter\u00bb image_hovers=\u00bbfalse\u00bb][\/vc_column][vc_column width=\u00bb3\/4&#8243;][vc_column_text el_class=\u00bbtitu-negre\u00bb css=\u00bb.vc_custom_1489655056885{margin-bottom: 40px !important;}\u00bb]Manuel Cermer\u00f3n Romero[\/vc_column_text][vc_column_text]CEO Suez Advanced Solutions Spain<br \/>\nDirector de Estrategia y Desarrollo de Agbar[\/vc_column_text][vc_column_text]<a href=\"https:\/\/twitter.com\/ManuelCermeron\" target=\"_blank\" rel=\"noopener noreferrer\"><img decoding=\"async\" class=\"alignleft wp-image-66 size-full\" style=\"margin-right: 5px;\" src=\"https:\/\/indi.cat\/wp-content\/uploads\/twi-v.png\" alt=\"\" width=\"32\" height=\"37\" \/><\/a><a href=\"https:\/\/www.linkedin.com\/in\/manuel-cermeron-48b23b16\/\" target=\"_blank\" rel=\"noopener noreferrer\"><img decoding=\"async\" class=\"alignleft wp-image-64 size-full\" style=\"margin-right: 5px;\" src=\"https:\/\/indi.cat\/wp-content\/uploads\/link-v.png\" alt=\"\" width=\"32\" height=\"37\" \/><\/a>[\/vc_column_text][\/vc_column][\/vc_row][vc_row margin_bottom=\u00bb40px\u00bb][vc_column][vc_column_text]Tras finalizar sus estudios de Ingenier\u00eda Industrial en 1995, se incorpor\u00f3 a <strong>Accenture como consultor en Dise\u00f1o e Implementaci\u00f3n de Reingenier\u00eda de Procesos y Automatizaci\u00f3n<\/strong>.<\/p>\n<p>En 1999 se uni\u00f3 al Grupo Agbar, desarrollando tareas en el \u00e1rea de Recursos Humanos y Organizaci\u00f3n. De 2006 a 2008 trabaj\u00f3 para Bristol Water (Reino Unido), ocupando la <strong>Direcci\u00f3n de Organizaci\u00f3n y Desarrollo<\/strong>, y tambi\u00e9n como miembro del Consejo de Administraci\u00f3n. Posteriormente pas\u00f3 a ser <strong>director de organizaci\u00f3n y recursos humanos del Grupo Agbar<\/strong>, de 2009 a 2011.<\/p>\n<p>De 2011 a 2014 fue <strong>director general de Aqualogy Soluciones y Tecnolog\u00edas<\/strong> (ahora, Suez Advanced Solutions Spain).<\/p>\n<p>Actualmente es director de Estrategia y Desarrollo de Agbar, conjuntamente con el desarrollo de negocio de la l\u00ednea <strong>Advanced Solutions, en la posici\u00f3n de CEO.<\/strong><\/p>\n<p>Tambi\u00e9n es patrono de la Fundaci\u00f3n Cydia Cotec; miembro de la Junta de Representantes de la Asociaci\u00f3n de Ingenieros de Catalunya; miembro de la Junta de Gobierno del Colegio Oficial de Ingenieros Industriales de Catalunya (COEIC) y vocal del Comit\u00e9 Cient\u00edfico Asesor del Consejo Superior de Investigaciones Cient\u00edficas (CSIC).[\/vc_column_text][\/vc_column][\/vc_row][vc_row type=\u00bbvc_default\u00bb full_width=\u00bbstretch_row_content_no_spaces\u00bb content_placement=\u00bbmiddle\u00bb css=\u00bb.vc_custom_1489394714797{margin-bottom: -70px !important;background-color: #000000 !important;}\u00bb][vc_column][vc_column_text css=\u00bb.vc_custom_1493107443009{margin-bottom: 5px !important;}\u00bb]<\/p>\n<div style=\"text-align: center; width: 100%;\"><a href=\"https:\/\/twitter.com\/INDI_viladecans\" target=\"_blank\" rel=\"noopener noreferrer\"><img decoding=\"async\" class=\"wp-image-65 size-full\" style=\"margin-right: 3px;\" src=\"https:\/\/indi.cat\/wp-content\/uploads\/twi-b.png\" alt=\"\" width=\"32\" height=\"37\" \/><\/a><a href=\"https:\/\/www.linkedin.com\/company-beta\/11070686\" target=\"_blank\" rel=\"noopener noreferrer\"><img decoding=\"async\" class=\"wp-image-63 size-full\" style=\"margin-right: 3px;\" src=\"https:\/\/indi.cat\/wp-content\/uploads\/link-b.png\" alt=\"\" width=\"32\" height=\"37\" \/><\/a><a href=\"https:\/\/www.youtube.com\/channel\/UCCZB7eGXiFeX1OEJ5z0Gykw\" target=\"_blank\" rel=\"noopener noreferrer\"><img decoding=\"async\" class=\"wp-image-68 size-full\" src=\"https:\/\/indi.cat\/wp-content\/uploads\/you-b-1.png\" alt=\"\" width=\"32\" height=\"37\" \/><\/a><\/div>\n<p>[\/vc_column_text][vc_column_text css=\u00bb.vc_custom_1489394798837{border-bottom-width: 15px !important;}\u00bb el_class=\u00bbblanc\u00bb]<\/p>\n<p style=\"text-align: center;\">#FENTLINDI<\/p>\n<p>[\/vc_column_text][\/vc_column][\/vc_row][vc_row][vc_column][vc_raw_html]JTNDc3R5bGUlM0UlMEEubWVudS1pdGVtLTI0NiUyMGElMjAubWVudS1pdGVtLXRleHQlMjAubWVudS10ZXh0JTIwJTdCJTBBJTIwJTIwJTIwJTIwY29sb3IlM0ElMjAlMjMwMGE4YjQlMjAlMjFpbXBvcnRhbnQlM0IlMEElN0QlMEElM0MlMkZzdHlsZSUzRQ==[\/vc_raw_html][\/vc_column][\/vc_row]<\/p>\n<\/div>","protected":false},"excerpt":{"rendered":"<p>[vc_row margin_top=\u00bb50px\u00bb][vc_column width=\u00bb1\/4&#8243; css=\u00bb.vc_custom_1489653926973{margin-top: -20px !important;}\u00bb][vc_single_image image=\u00bb140&#8243; img_size=\u00bbfull\u00bb alignment=\u00bbcenter\u00bb image_hovers=\u00bbfalse\u00bb][\/vc_column][vc_column width=\u00bb3\/4&#8243;][vc_column_text el_class=\u00bbtitu-negre\u00bb css=\u00bb.vc_custom_1489655056885{margin-bottom: 40px !important;}\u00bb]Manuel Cermer\u00f3n Romero[\/vc_column_text][vc_column_text]CEO Suez Advanced Solutions Spain Director de Estrategia y Desarrollo de Agbar[\/vc_column_text][vc_column_text][\/vc_column_text][\/vc_column][\/vc_row][vc_row margin_bottom=\u00bb40px\u00bb][vc_column][vc_column_text]Tras finalizar sus estudios de Ingenier\u00eda Industrial en 1995, se incorpor\u00f3 a Accenture como consultor en Dise\u00f1o e Implementaci\u00f3n de Reingenier\u00eda de Procesos y Automatizaci\u00f3n. En 1999&hellip;<\/p>\n","protected":false},"author":1,"featured_media":0,"parent":0,"menu_order":0,"comment_status":"closed","ping_status":"closed","template":"","meta":{"footnotes":""},"class_list":["post-429","page","type-page","status-publish","hentry","description-off"],"yoast_head":"<!-- This site is optimized with the Yoast SEO plugin v27.2 - https:\/\/yoast.com\/product\/yoast-seo-wordpress\/ -->\n<title>MANUEL CERMER\u00d3N ROMERO - IND+I 2025<\/title>\n<meta name=\"robots\" content=\"index, follow, max-snippet:-1, max-image-preview:large, max-video-preview:-1\" \/>\n<link rel=\"canonical\" href=\"https:\/\/indi.cat\/es\/manuel-cermeron-romero\/\" \/>\n<meta property=\"og:locale\" content=\"es_ES\" \/>\n<meta property=\"og:type\" content=\"article\" \/>\n<meta property=\"og:title\" content=\"MANUEL CERMER\u00d3N ROMERO - IND+I 2025\" \/>\n<meta property=\"og:description\" content=\"[vc_row margin_top=\u00bb50px\u00bb][vc_column width=\u00bb1\/4&#8243; css=\u00bb.vc_custom_1489653926973{margin-top: -20px !important;}\u00bb][vc_single_image image=\u00bb140&#8243; img_size=\u00bbfull\u00bb alignment=\u00bbcenter\u00bb image_hovers=\u00bbfalse\u00bb][\/vc_column][vc_column width=\u00bb3\/4&#8243;][vc_column_text el_class=\u00bbtitu-negre\u00bb css=\u00bb.vc_custom_1489655056885{margin-bottom: 40px !important;}\u00bb]Manuel Cermer\u00f3n Romero[\/vc_column_text][vc_column_text]CEO Suez Advanced Solutions Spain Director de Estrategia y Desarrollo de Agbar[\/vc_column_text][vc_column_text][\/vc_column_text][\/vc_column][\/vc_row][vc_row margin_bottom=\u00bb40px\u00bb][vc_column][vc_column_text]Tras finalizar sus estudios de Ingenier\u00eda Industrial en 1995, se incorpor\u00f3 a Accenture como consultor en Dise\u00f1o e Implementaci\u00f3n de Reingenier\u00eda de Procesos y Automatizaci\u00f3n. En 1999&hellip;\" \/>\n<meta property=\"og:url\" content=\"https:\/\/indi.cat\/es\/manuel-cermeron-romero\/\" \/>\n<meta property=\"og:site_name\" content=\"IND+I 2025\" \/>\n<meta property=\"article:modified_time\" content=\"2017-04-25T07:50:17+00:00\" \/>\n<meta property=\"og:image\" content=\"https:\/\/indi.cat\/wp-content\/uploads\/twi-v.png\" \/>\n<meta name=\"twitter:card\" content=\"summary_large_image\" \/>\n<meta name=\"twitter:site\" content=\"@INDI_viladecans\" \/>\n<script type=\"application\/ld+json\" class=\"yoast-schema-graph\">{\"@context\":\"https:\/\/schema.org\",\"@graph\":[{\"@type\":\"WebPage\",\"@id\":\"https:\/\/indi.cat\/es\/manuel-cermeron-romero\/\",\"url\":\"https:\/\/indi.cat\/es\/manuel-cermeron-romero\/\",\"name\":\"MANUEL CERMER\u00d3N ROMERO - IND+I 2025\",\"isPartOf\":{\"@id\":\"https:\/\/indi.cat\/#website\"},\"primaryImageOfPage\":{\"@id\":\"https:\/\/indi.cat\/es\/manuel-cermeron-romero\/#primaryimage\"},\"image\":{\"@id\":\"https:\/\/indi.cat\/es\/manuel-cermeron-romero\/#primaryimage\"},\"thumbnailUrl\":\"https:\/\/indi.cat\/wp-content\/uploads\/twi-v.png\",\"datePublished\":\"2017-03-16T08:49:01+00:00\",\"dateModified\":\"2017-04-25T07:50:17+00:00\",\"breadcrumb\":{\"@id\":\"https:\/\/indi.cat\/es\/manuel-cermeron-romero\/#breadcrumb\"},\"inLanguage\":\"es\",\"potentialAction\":[{\"@type\":\"ReadAction\",\"target\":[\"https:\/\/indi.cat\/es\/manuel-cermeron-romero\/\"]}]},{\"@type\":\"ImageObject\",\"inLanguage\":\"es\",\"@id\":\"https:\/\/indi.cat\/es\/manuel-cermeron-romero\/#primaryimage\",\"url\":\"https:\/\/indi.cat\/wp-content\/uploads\/twi-v.png\",\"contentUrl\":\"https:\/\/indi.cat\/wp-content\/uploads\/twi-v.png\"},{\"@type\":\"BreadcrumbList\",\"@id\":\"https:\/\/indi.cat\/es\/manuel-cermeron-romero\/#breadcrumb\",\"itemListElement\":[{\"@type\":\"ListItem\",\"position\":1,\"name\":\"Home\",\"item\":\"https:\/\/indi.cat\/es\/\"},{\"@type\":\"ListItem\",\"position\":2,\"name\":\"MANUEL CERMER\u00d3N ROMERO\"}]},{\"@type\":\"WebSite\",\"@id\":\"https:\/\/indi.cat\/#website\",\"url\":\"https:\/\/indi.cat\/\",\"name\":\"IND+I 2025\",\"description\":\"Viladecans\",\"potentialAction\":[{\"@type\":\"SearchAction\",\"target\":{\"@type\":\"EntryPoint\",\"urlTemplate\":\"https:\/\/indi.cat\/?s={search_term_string}\"},\"query-input\":{\"@type\":\"PropertyValueSpecification\",\"valueRequired\":true,\"valueName\":\"search_term_string\"}}],\"inLanguage\":\"es\"}]}<\/script>\n<!-- \/ Yoast SEO plugin. -->","yoast_head_json":{"title":"MANUEL CERMER\u00d3N ROMERO - IND+I 2025","robots":{"index":"index","follow":"follow","max-snippet":"max-snippet:-1","max-image-preview":"max-image-preview:large","max-video-preview":"max-video-preview:-1"},"canonical":"https:\/\/indi.cat\/es\/manuel-cermeron-romero\/","og_locale":"es_ES","og_type":"article","og_title":"MANUEL CERMER\u00d3N ROMERO - IND+I 2025","og_description":"[vc_row margin_top=\u00bb50px\u00bb][vc_column width=\u00bb1\/4&#8243; css=\u00bb.vc_custom_1489653926973{margin-top: -20px !important;}\u00bb][vc_single_image image=\u00bb140&#8243; img_size=\u00bbfull\u00bb alignment=\u00bbcenter\u00bb image_hovers=\u00bbfalse\u00bb][\/vc_column][vc_column width=\u00bb3\/4&#8243;][vc_column_text el_class=\u00bbtitu-negre\u00bb css=\u00bb.vc_custom_1489655056885{margin-bottom: 40px !important;}\u00bb]Manuel Cermer\u00f3n Romero[\/vc_column_text][vc_column_text]CEO Suez Advanced Solutions Spain Director de Estrategia y Desarrollo de Agbar[\/vc_column_text][vc_column_text][\/vc_column_text][\/vc_column][\/vc_row][vc_row margin_bottom=\u00bb40px\u00bb][vc_column][vc_column_text]Tras finalizar sus estudios de Ingenier\u00eda Industrial en 1995, se incorpor\u00f3 a Accenture como consultor en Dise\u00f1o e Implementaci\u00f3n de Reingenier\u00eda de Procesos y Automatizaci\u00f3n. En 1999&hellip;","og_url":"https:\/\/indi.cat\/es\/manuel-cermeron-romero\/","og_site_name":"IND+I 2025","article_modified_time":"2017-04-25T07:50:17+00:00","og_image":[{"url":"https:\/\/indi.cat\/wp-content\/uploads\/twi-v.png","type":"","width":"","height":""}],"twitter_card":"summary_large_image","twitter_site":"@INDI_viladecans","schema":{"@context":"https:\/\/schema.org","@graph":[{"@type":"WebPage","@id":"https:\/\/indi.cat\/es\/manuel-cermeron-romero\/","url":"https:\/\/indi.cat\/es\/manuel-cermeron-romero\/","name":"MANUEL CERMER\u00d3N ROMERO - IND+I 2025","isPartOf":{"@id":"https:\/\/indi.cat\/#website"},"primaryImageOfPage":{"@id":"https:\/\/indi.cat\/es\/manuel-cermeron-romero\/#primaryimage"},"image":{"@id":"https:\/\/indi.cat\/es\/manuel-cermeron-romero\/#primaryimage"},"thumbnailUrl":"https:\/\/indi.cat\/wp-content\/uploads\/twi-v.png","datePublished":"2017-03-16T08:49:01+00:00","dateModified":"2017-04-25T07:50:17+00:00","breadcrumb":{"@id":"https:\/\/indi.cat\/es\/manuel-cermeron-romero\/#breadcrumb"},"inLanguage":"es","potentialAction":[{"@type":"ReadAction","target":["https:\/\/indi.cat\/es\/manuel-cermeron-romero\/"]}]},{"@type":"ImageObject","inLanguage":"es","@id":"https:\/\/indi.cat\/es\/manuel-cermeron-romero\/#primaryimage","url":"https:\/\/indi.cat\/wp-content\/uploads\/twi-v.png","contentUrl":"https:\/\/indi.cat\/wp-content\/uploads\/twi-v.png"},{"@type":"BreadcrumbList","@id":"https:\/\/indi.cat\/es\/manuel-cermeron-romero\/#breadcrumb","itemListElement":[{"@type":"ListItem","position":1,"name":"Home","item":"https:\/\/indi.cat\/es\/"},{"@type":"ListItem","position":2,"name":"MANUEL CERMER\u00d3N ROMERO"}]},{"@type":"WebSite","@id":"https:\/\/indi.cat\/#website","url":"https:\/\/indi.cat\/","name":"IND+I 2025","description":"Viladecans","potentialAction":[{"@type":"SearchAction","target":{"@type":"EntryPoint","urlTemplate":"https:\/\/indi.cat\/?s={search_term_string}"},"query-input":{"@type":"PropertyValueSpecification","valueRequired":true,"valueName":"search_term_string"}}],"inLanguage":"es"}]}},"_links":{"self":[{"href":"https:\/\/indi.cat\/es\/wp-json\/wp\/v2\/pages\/429","targetHints":{"allow":["GET"]}}],"collection":[{"href":"https:\/\/indi.cat\/es\/wp-json\/wp\/v2\/pages"}],"about":[{"href":"https:\/\/indi.cat\/es\/wp-json\/wp\/v2\/types\/page"}],"author":[{"embeddable":true,"href":"https:\/\/indi.cat\/es\/wp-json\/wp\/v2\/users\/1"}],"replies":[{"embeddable":true,"href":"https:\/\/indi.cat\/es\/wp-json\/wp\/v2\/comments?post=429"}],"version-history":[{"count":0,"href":"https:\/\/indi.cat\/es\/wp-json\/wp\/v2\/pages\/429\/revisions"}],"wp:attachment":[{"href":"https:\/\/indi.cat\/es\/wp-json\/wp\/v2\/media?parent=429"}],"curies":[{"name":"wp","href":"https:\/\/api.w.org\/{rel}","templated":true}]}}