{"id":427,"date":"2017-03-16T08:39:31","date_gmt":"2017-03-16T08:39:31","guid":{"rendered":"http:\/\/indi.cviladecans.cat\/jose-manuel-leceta\/"},"modified":"2020-02-21T13:38:22","modified_gmt":"2020-02-21T13:38:22","slug":"jose-manuel-leceta","status":"publish","type":"page","link":"https:\/\/indi.cat\/es\/jose-manuel-leceta\/","title":{"rendered":"JOS\u00c9 MANUEL LECETA"},"content":{"rendered":"<div class=\"wpb-content-wrapper\"><p>[vc_row margin_top=\u00bb50px\u00bb][vc_column width=\u00bb1\/4&#8243; css=\u00bb.vc_custom_1489653926973{margin-top: -20px !important;}\u00bb][vc_single_image image=\u00bb134&#8243; img_size=\u00bbfull\u00bb alignment=\u00bbcenter\u00bb image_hovers=\u00bbfalse\u00bb][\/vc_column][vc_column width=\u00bb3\/4&#8243;][vc_column_text el_class=\u00bbtitu-negre\u00bb css=\u00bb.vc_custom_1489654517524{margin-bottom: 40px !important;}\u00bb]Jos\u00e9 Manuel Leceta [\/vc_column_text][vc_column_text]Jos\u00e9 Manuel Leceta comenz\u00f3 su carrera en la industria en 1987, primero en Espa\u00f1a y despu\u00e9s en Finlandia, Francia y Jap\u00f3n, uni\u00e9ndose al <strong>Centro para el Desarrollo Tecnol\u00f3gico Industrial<\/strong> (CDTI) en 1992 como miembro de la delegaci\u00f3n espa\u00f1ola de <strong>l&#8217;Agencia Espacial Europea<\/strong> (ESA). Fue nombrado jefe del Departamento de Tecnolog\u00edas y Aplicaciones Espaciales en el <strong>CDTI<\/strong>; fue presidente del Consejo del Programa de Lanzadores <strong>Ariane<\/strong> y vicepresidente del Consejo del Programa de Telecomunicaciones por Sat\u00e9lite de la <strong>ESA<\/strong>. Tambi\u00e9n fue director internacional del CDTI y miembro activo del Espacio Europeo de Investigaci\u00f3n (ERAC; anteriormente <strong>CREST<\/strong>) y representante de alto nivel <strong>Eureka<\/strong> y <strong>TAFTIE<\/strong>.<\/p>\n<p>Fue director del <strong>Instituto Europeo de Innovaci\u00f3n y Tecnolog\u00eda (EIT<\/strong>) con sede en Budapest, entre julio de 2011 y junio de 2015, donde jug\u00f3 un papel l\u00edder en la consolidaci\u00f3n de sus primeras Comunidades de Innovaci\u00f3n y Conocimiento (KICs, en ingl\u00e9s: Knowledge and Innovation Communities), fomentando as\u00ed el reconocimiento del Instituto como un nuevo actor en el panorama europeo. Desde agosto de 2014 fue tambi\u00e9n profesor visitante en el <strong>Instituto Centro Robert Schuman de Estudios Avanzados del Instituto Universitario Europeo<\/strong> (EUI) de Florencia, Italia.[\/vc_column_text][vc_column_text]<a href=\"https:\/\/twitter.com\/JoseMLeceta\" target=\"_blank\" rel=\"noopener noreferrer\"><img decoding=\"async\" class=\"alignleft wp-image-66 size-full\" style=\"margin-right: 5px;\" src=\"https:\/\/indi.cat\/wp-content\/uploads\/twi-v.png\" alt=\"\" width=\"32\" height=\"37\" \/><\/a><a href=\"https:\/\/www.linkedin.com\/in\/jose-manuel-leceta-garcia-29703750\/\" target=\"_blank\" rel=\"noopener noreferrer\"><img decoding=\"async\" class=\"alignleft wp-image-64 size-full\" style=\"margin-right: 5px;\" src=\"https:\/\/indi.cat\/wp-content\/uploads\/link-v.png\" alt=\"\" width=\"32\" height=\"37\" \/><\/a>[\/vc_column_text][\/vc_column][\/vc_row][vc_row margin_bottom=\u00bb40px\u00bb][vc_column][\/vc_column][\/vc_row][vc_row type=\u00bbvc_default\u00bb full_width=\u00bbstretch_row_content_no_spaces\u00bb content_placement=\u00bbmiddle\u00bb css=\u00bb.vc_custom_1489394714797{margin-bottom: -70px !important;background-color: #000000 !important;}\u00bb][vc_column][vc_column_text css=\u00bb.vc_custom_1493107331160{margin-bottom: 5px !important;}\u00bb]<\/p>\n<div style=\"text-align: center; width: 100%;\"><a href=\"https:\/\/twitter.com\/INDI_viladecans\" target=\"_blank\" rel=\"noopener noreferrer\"><img decoding=\"async\" class=\"wp-image-65 size-full\" style=\"margin-right: 3px;\" src=\"https:\/\/indi.cat\/wp-content\/uploads\/twi-b.png\" alt=\"\" width=\"32\" height=\"37\" \/><\/a><a href=\"https:\/\/www.linkedin.com\/company-beta\/11070686\" target=\"_blank\" rel=\"noopener noreferrer\"><img decoding=\"async\" class=\"wp-image-63 size-full\" style=\"margin-right: 3px;\" src=\"https:\/\/indi.cat\/wp-content\/uploads\/link-b.png\" alt=\"\" width=\"32\" height=\"37\" \/><\/a><a href=\"https:\/\/www.youtube.com\/channel\/UCCZB7eGXiFeX1OEJ5z0Gykw\" target=\"_blank\" rel=\"noopener noreferrer\"><img decoding=\"async\" class=\"wp-image-68 size-full\" src=\"https:\/\/indi.cat\/wp-content\/uploads\/you-b-1.png\" alt=\"\" width=\"32\" height=\"37\" \/><\/a><\/div>\n<p>[\/vc_column_text][vc_column_text css=\u00bb.vc_custom_1489394798837{border-bottom-width: 15px !important;}\u00bb el_class=\u00bbblanc\u00bb]<\/p>\n<p style=\"text-align: center;\">#FENTLINDI<\/p>\n<p>[\/vc_column_text][\/vc_column][\/vc_row][vc_row][vc_column][vc_raw_html]JTNDc3R5bGUlM0UlMEEubWVudS1pdGVtLTI0NiUyMGElMjAubWVudS1pdGVtLXRleHQlMjAubWVudS10ZXh0JTIwJTdCJTBBJTIwJTIwJTIwJTIwY29sb3IlM0ElMjAlMjMwMGE4YjQlMjAlMjFpbXBvcnRhbnQlM0IlMEElN0QlMEElM0MlMkZzdHlsZSUzRQ==[\/vc_raw_html][\/vc_column][\/vc_row]<\/p>\n<\/div>","protected":false},"excerpt":{"rendered":"<p>[vc_row margin_top=\u00bb50px\u00bb][vc_column width=\u00bb1\/4&#8243; css=\u00bb.vc_custom_1489653926973{margin-top: -20px !important;}\u00bb][vc_single_image image=\u00bb134&#8243; img_size=\u00bbfull\u00bb alignment=\u00bbcenter\u00bb image_hovers=\u00bbfalse\u00bb][\/vc_column][vc_column width=\u00bb3\/4&#8243;][vc_column_text el_class=\u00bbtitu-negre\u00bb css=\u00bb.vc_custom_1489654517524{margin-bottom: 40px !important;}\u00bb]Jos\u00e9 Manuel Leceta [\/vc_column_text][vc_column_text]Jos\u00e9 Manuel Leceta comenz\u00f3 su carrera en la industria en 1987, primero en Espa\u00f1a y despu\u00e9s en Finlandia, Francia y Jap\u00f3n, uni\u00e9ndose al Centro para el Desarrollo Tecnol\u00f3gico Industrial (CDTI) en 1992 como miembro de la delegaci\u00f3n espa\u00f1ola&hellip;<\/p>\n","protected":false},"author":1,"featured_media":0,"parent":0,"menu_order":0,"comment_status":"closed","ping_status":"closed","template":"","meta":{"footnotes":""},"class_list":["post-427","page","type-page","status-publish","hentry","description-off"],"yoast_head":"<!-- This site is optimized with the Yoast SEO plugin v27.2 - https:\/\/yoast.com\/product\/yoast-seo-wordpress\/ -->\n<title>JOS\u00c9 MANUEL LECETA - IND+I 2025<\/title>\n<meta name=\"robots\" content=\"index, follow, max-snippet:-1, max-image-preview:large, max-video-preview:-1\" \/>\n<link rel=\"canonical\" href=\"https:\/\/indi.cat\/es\/jose-manuel-leceta\/\" \/>\n<meta property=\"og:locale\" content=\"es_ES\" \/>\n<meta property=\"og:type\" content=\"article\" \/>\n<meta property=\"og:title\" content=\"JOS\u00c9 MANUEL LECETA - IND+I 2025\" \/>\n<meta property=\"og:description\" content=\"[vc_row margin_top=\u00bb50px\u00bb][vc_column width=\u00bb1\/4&#8243; css=\u00bb.vc_custom_1489653926973{margin-top: -20px !important;}\u00bb][vc_single_image image=\u00bb134&#8243; img_size=\u00bbfull\u00bb alignment=\u00bbcenter\u00bb image_hovers=\u00bbfalse\u00bb][\/vc_column][vc_column width=\u00bb3\/4&#8243;][vc_column_text el_class=\u00bbtitu-negre\u00bb css=\u00bb.vc_custom_1489654517524{margin-bottom: 40px !important;}\u00bb]Jos\u00e9 Manuel Leceta [\/vc_column_text][vc_column_text]Jos\u00e9 Manuel Leceta comenz\u00f3 su carrera en la industria en 1987, primero en Espa\u00f1a y despu\u00e9s en Finlandia, Francia y Jap\u00f3n, uni\u00e9ndose al Centro para el Desarrollo Tecnol\u00f3gico Industrial (CDTI) en 1992 como miembro de la delegaci\u00f3n espa\u00f1ola&hellip;\" \/>\n<meta property=\"og:url\" content=\"https:\/\/indi.cat\/es\/jose-manuel-leceta\/\" \/>\n<meta property=\"og:site_name\" content=\"IND+I 2025\" \/>\n<meta property=\"article:modified_time\" content=\"2020-02-21T13:38:22+00:00\" \/>\n<meta property=\"og:image\" content=\"https:\/\/indi.cat\/wp-content\/uploads\/twi-v.png\" \/>\n<meta name=\"twitter:card\" content=\"summary_large_image\" \/>\n<meta name=\"twitter:site\" content=\"@INDI_viladecans\" \/>\n<script type=\"application\/ld+json\" class=\"yoast-schema-graph\">{\"@context\":\"https:\/\/schema.org\",\"@graph\":[{\"@type\":\"WebPage\",\"@id\":\"https:\/\/indi.cat\/es\/jose-manuel-leceta\/\",\"url\":\"https:\/\/indi.cat\/es\/jose-manuel-leceta\/\",\"name\":\"JOS\u00c9 MANUEL LECETA - IND+I 2025\",\"isPartOf\":{\"@id\":\"https:\/\/indi.cat\/#website\"},\"primaryImageOfPage\":{\"@id\":\"https:\/\/indi.cat\/es\/jose-manuel-leceta\/#primaryimage\"},\"image\":{\"@id\":\"https:\/\/indi.cat\/es\/jose-manuel-leceta\/#primaryimage\"},\"thumbnailUrl\":\"https:\/\/indi.cat\/wp-content\/uploads\/twi-v.png\",\"datePublished\":\"2017-03-16T08:39:31+00:00\",\"dateModified\":\"2020-02-21T13:38:22+00:00\",\"breadcrumb\":{\"@id\":\"https:\/\/indi.cat\/es\/jose-manuel-leceta\/#breadcrumb\"},\"inLanguage\":\"es\",\"potentialAction\":[{\"@type\":\"ReadAction\",\"target\":[\"https:\/\/indi.cat\/es\/jose-manuel-leceta\/\"]}]},{\"@type\":\"ImageObject\",\"inLanguage\":\"es\",\"@id\":\"https:\/\/indi.cat\/es\/jose-manuel-leceta\/#primaryimage\",\"url\":\"https:\/\/indi.cat\/wp-content\/uploads\/twi-v.png\",\"contentUrl\":\"https:\/\/indi.cat\/wp-content\/uploads\/twi-v.png\"},{\"@type\":\"BreadcrumbList\",\"@id\":\"https:\/\/indi.cat\/es\/jose-manuel-leceta\/#breadcrumb\",\"itemListElement\":[{\"@type\":\"ListItem\",\"position\":1,\"name\":\"Home\",\"item\":\"https:\/\/indi.cat\/es\/\"},{\"@type\":\"ListItem\",\"position\":2,\"name\":\"JOS\u00c9 MANUEL LECETA\"}]},{\"@type\":\"WebSite\",\"@id\":\"https:\/\/indi.cat\/#website\",\"url\":\"https:\/\/indi.cat\/\",\"name\":\"IND+I 2025\",\"description\":\"Viladecans\",\"potentialAction\":[{\"@type\":\"SearchAction\",\"target\":{\"@type\":\"EntryPoint\",\"urlTemplate\":\"https:\/\/indi.cat\/?s={search_term_string}\"},\"query-input\":{\"@type\":\"PropertyValueSpecification\",\"valueRequired\":true,\"valueName\":\"search_term_string\"}}],\"inLanguage\":\"es\"}]}<\/script>\n<!-- \/ Yoast SEO plugin. -->","yoast_head_json":{"title":"JOS\u00c9 MANUEL LECETA - IND+I 2025","robots":{"index":"index","follow":"follow","max-snippet":"max-snippet:-1","max-image-preview":"max-image-preview:large","max-video-preview":"max-video-preview:-1"},"canonical":"https:\/\/indi.cat\/es\/jose-manuel-leceta\/","og_locale":"es_ES","og_type":"article","og_title":"JOS\u00c9 MANUEL LECETA - IND+I 2025","og_description":"[vc_row margin_top=\u00bb50px\u00bb][vc_column width=\u00bb1\/4&#8243; css=\u00bb.vc_custom_1489653926973{margin-top: -20px !important;}\u00bb][vc_single_image image=\u00bb134&#8243; img_size=\u00bbfull\u00bb alignment=\u00bbcenter\u00bb image_hovers=\u00bbfalse\u00bb][\/vc_column][vc_column width=\u00bb3\/4&#8243;][vc_column_text el_class=\u00bbtitu-negre\u00bb css=\u00bb.vc_custom_1489654517524{margin-bottom: 40px !important;}\u00bb]Jos\u00e9 Manuel Leceta [\/vc_column_text][vc_column_text]Jos\u00e9 Manuel Leceta comenz\u00f3 su carrera en la industria en 1987, primero en Espa\u00f1a y despu\u00e9s en Finlandia, Francia y Jap\u00f3n, uni\u00e9ndose al Centro para el Desarrollo Tecnol\u00f3gico Industrial (CDTI) en 1992 como miembro de la delegaci\u00f3n espa\u00f1ola&hellip;","og_url":"https:\/\/indi.cat\/es\/jose-manuel-leceta\/","og_site_name":"IND+I 2025","article_modified_time":"2020-02-21T13:38:22+00:00","og_image":[{"url":"https:\/\/indi.cat\/wp-content\/uploads\/twi-v.png","type":"","width":"","height":""}],"twitter_card":"summary_large_image","twitter_site":"@INDI_viladecans","schema":{"@context":"https:\/\/schema.org","@graph":[{"@type":"WebPage","@id":"https:\/\/indi.cat\/es\/jose-manuel-leceta\/","url":"https:\/\/indi.cat\/es\/jose-manuel-leceta\/","name":"JOS\u00c9 MANUEL LECETA - IND+I 2025","isPartOf":{"@id":"https:\/\/indi.cat\/#website"},"primaryImageOfPage":{"@id":"https:\/\/indi.cat\/es\/jose-manuel-leceta\/#primaryimage"},"image":{"@id":"https:\/\/indi.cat\/es\/jose-manuel-leceta\/#primaryimage"},"thumbnailUrl":"https:\/\/indi.cat\/wp-content\/uploads\/twi-v.png","datePublished":"2017-03-16T08:39:31+00:00","dateModified":"2020-02-21T13:38:22+00:00","breadcrumb":{"@id":"https:\/\/indi.cat\/es\/jose-manuel-leceta\/#breadcrumb"},"inLanguage":"es","potentialAction":[{"@type":"ReadAction","target":["https:\/\/indi.cat\/es\/jose-manuel-leceta\/"]}]},{"@type":"ImageObject","inLanguage":"es","@id":"https:\/\/indi.cat\/es\/jose-manuel-leceta\/#primaryimage","url":"https:\/\/indi.cat\/wp-content\/uploads\/twi-v.png","contentUrl":"https:\/\/indi.cat\/wp-content\/uploads\/twi-v.png"},{"@type":"BreadcrumbList","@id":"https:\/\/indi.cat\/es\/jose-manuel-leceta\/#breadcrumb","itemListElement":[{"@type":"ListItem","position":1,"name":"Home","item":"https:\/\/indi.cat\/es\/"},{"@type":"ListItem","position":2,"name":"JOS\u00c9 MANUEL LECETA"}]},{"@type":"WebSite","@id":"https:\/\/indi.cat\/#website","url":"https:\/\/indi.cat\/","name":"IND+I 2025","description":"Viladecans","potentialAction":[{"@type":"SearchAction","target":{"@type":"EntryPoint","urlTemplate":"https:\/\/indi.cat\/?s={search_term_string}"},"query-input":{"@type":"PropertyValueSpecification","valueRequired":true,"valueName":"search_term_string"}}],"inLanguage":"es"}]}},"_links":{"self":[{"href":"https:\/\/indi.cat\/es\/wp-json\/wp\/v2\/pages\/427","targetHints":{"allow":["GET"]}}],"collection":[{"href":"https:\/\/indi.cat\/es\/wp-json\/wp\/v2\/pages"}],"about":[{"href":"https:\/\/indi.cat\/es\/wp-json\/wp\/v2\/types\/page"}],"author":[{"embeddable":true,"href":"https:\/\/indi.cat\/es\/wp-json\/wp\/v2\/users\/1"}],"replies":[{"embeddable":true,"href":"https:\/\/indi.cat\/es\/wp-json\/wp\/v2\/comments?post=427"}],"version-history":[{"count":0,"href":"https:\/\/indi.cat\/es\/wp-json\/wp\/v2\/pages\/427\/revisions"}],"wp:attachment":[{"href":"https:\/\/indi.cat\/es\/wp-json\/wp\/v2\/media?parent=427"}],"curies":[{"name":"wp","href":"https:\/\/api.w.org\/{rel}","templated":true}]}}