{"id":370,"date":"2017-03-09T10:39:21","date_gmt":"2017-03-09T10:39:21","guid":{"rendered":"http:\/\/indi.cviladecans.cat\/club3\/"},"modified":"2018-06-22T05:10:41","modified_gmt":"2018-06-22T05:10:41","slug":"club3-old","status":"publish","type":"page","link":"https:\/\/indi.cat\/es\/club3-old\/","title":{"rendered":"Club3 Old"},"content":{"rendered":"<div class=\"wpb-content-wrapper\"><p>[vc_row type=\u00bbvc_default\u00bb full_width=\u00bbstretch_row\u00bb content_placement=\u00bbmiddle\u00bb][vc_column][vc_single_image image=\u00bb226&#8243; img_size=\u00bbfull\u00bb alignment=\u00bbcenter\u00bb image_hovers=\u00bbfalse\u00bb][\/vc_column][\/vc_row][vc_row type=\u00bbvc_default\u00bb full_width=\u00bbstretch_row\u00bb content_placement=\u00bbmiddle\u00bb][vc_column][vc_column_text el_class=\u00bbtitu-negre\u00bb]<\/p>\n<p style=\"text-align: center;\">Pendientes de los libros relevantes sobre innovaci\u00f3n<\/p>\n<p>[\/vc_column_text][vc_column_text]<\/p>\n<div style=\"max-width: 470px; text-align: justify; margin: auto;\">\n<p>El <strong>IND+I Club<\/strong> es una red de reflexi\u00f3n e intercambio participativo entre personas interesadas en el \u00e1mbito de la industria y la innovaci\u00f3n. Est\u00e1 abierto a todo el mundo y da continuidad al encuentro anual <strong>IND+I<\/strong> que se celebra a Viladecans (Barcelona) el 3 de mayo.<\/p>\n<p><strong>Una de las actividades que realiza el IND+I es un Club de lectura<\/strong>, en el que varios miembros del club <strong>presentan y comentan libros<\/strong> que les han parecido <strong>relevantes en materia de innovaci\u00f3n y transformaci\u00f3n digital.<\/strong><\/p>\n<p>Sin duda, una ocasi\u00f3n excepcional para ponerse al d\u00eda de las \u00faltimas tendencias.<\/p>\n<\/div>\n<p>[\/vc_column_text][\/vc_column][\/vc_row][vc_row type=\u00bbvc_default\u00bb full_width=\u00bbstretch_row_content_no_spaces\u00bb content_placement=\u00bbmiddle\u00bb css=\u00bb.vc_custom_1489056578006{padding-top: 15px !important;padding-bottom: 15px !important;background-color: #000000 !important;}\u00bb][vc_column][vc_column_text el_class=\u00bbtitu-blanc\u00bb]<\/p>\n<p style=\"text-align: center;\">Pendientes de la 1\u00aa sesi\u00f3n del IND+I club 2018<\/p>\n<p>[\/vc_column_text][\/vc_column][\/vc_row][vc_row type=\u00bbvc_default\u00bb full_width=\u00bbstretch_row\u00bb content_placement=\u00bbmiddle\u00bb][vc_column][vc_single_image image=\u00bb29&#8243; img_size=\u00bbfull\u00bb alignment=\u00bbcenter\u00bb image_hovers=\u00bbfalse\u00bb][\/vc_column][\/vc_row][vc_row type=\u00bbvc_default\u00bb full_width=\u00bbstretch_row\u00bb content_placement=\u00bbmiddle\u00bb css=\u00bb.vc_custom_1489057490422{margin-top: 20px !important;}\u00bb][vc_column][vc_column_text el_class=\u00bbsub-titu-negre \u00ab]<\/p>\n<p style=\"text-align: center;\"><strong><span style=\"font-size: 16px;\">09\/05\/18<\/span><\/strong><br \/>\nRed.es &#8211; MADRID<\/p>\n<p>[\/vc_column_text][\/vc_column][\/vc_row][vc_row][vc_column][vc_separator color=\u00bbcustom\u00bb border_width=\u00bb5&#8243; accent_color=\u00bb#00a8b4&#8243;][\/vc_column][\/vc_row][vc_row type=\u00bbvc_default\u00bb full_width=\u00bbstretch_row\u00bb content_placement=\u00bbmiddle\u00bb][vc_column][vc_column_text el_class=\u00bbintro\u00bb]<\/p>\n<p style=\"text-align: center;\"><strong>16:00 h \u2013 16:10 h.<\/strong> Presentaci\u00f3n. Jorge P\u00e9rez \u2013 director ONTSI<\/p>\n<p style=\"text-align: center;\"><strong>16:10 h \u2013 16:25 h.<\/strong> El IND+I Club. Presentaci\u00f3n del club, historia, visi\u00f3n, objetivos, organizaci\u00f3n. Jordi Garcia Brustenga \u2013 secretario del IND+I<\/p>\n<p style=\"text-align: center;\"><strong>16:25 h \u2013 16:50 h.<\/strong> Presentaci\u00f3n de \u201cLa tercera ola\u201d de Steve Case, a cargo de Juan Mulet<\/p>\n<p><a href=\"https:\/\/indi.cat\/wp-content\/uploads\/INDI_ClubLectura_NombreApellido_cumplim.pptx\" target=\"_blank\" rel=\"noopener noreferrer\"><img decoding=\"async\" class=\"aligncenter\" src=\"https:\/\/indi.cat\/wp-content\/uploads\/saber-mas.png\" \/><\/a><\/p>\n<p style=\"text-align: center;\"><strong>16:50 h \u2013 17:15 h.<\/strong> Presentaci\u00f3n de \u201cUnleashing Innovation and Entrepreneurship in Europe: People, Places and Policies\u201d de Jos\u00e9 Manuel Leceta, Andrea Renda, Totti K\u00f6nn\u00f6l\u00e4 i Felice Simonelli, a cargo de Totti K\u00f6nn\u00f6l\u00e4<\/p>\n<p><a href=\"https:\/\/indi.cat\/wp-content\/uploads\/INDI_ClubLectura_Presentacion_TK2.pptx\" target=\"_blank\" rel=\"noopener noreferrer\"><img decoding=\"async\" class=\"aligncenter\" src=\"https:\/\/indi.cat\/wp-content\/uploads\/saber-mas.png\" \/><\/a><\/p>\n<p style=\"text-align: center;\"><strong>17:15 h. \u2013 17:50 h.<\/strong> Preguntas y comentarios. Moderado por Jordi Garc\u00eda Brustenga<\/p>\n<p style=\"text-align: center;\"><strong>17:50 h \u2013 18:00 h.<\/strong> Despedida y conclusiones. Jos\u00e9 Manual Leceta &#8211; director general de Red.es y Carlos Ruiz &#8211; alcalde de Viladecans<\/p>\n<p>[\/vc_column_text][\/vc_column][\/vc_row][vc_row][vc_column][vc_separator color=\u00bbcustom\u00bb border_width=\u00bb5&#8243; accent_color=\u00bb#00a8b4&#8243;][\/vc_column][\/vc_row][vc_row type=\u00bbvc_default\u00bb full_width=\u00bbstretch_row_content_no_spaces\u00bb content_placement=\u00bbmiddle\u00bb css=\u00bb.vc_custom_1523043726215{padding-top: 15px !important;padding-bottom: 25px !important;}\u00bb][vc_column][vc_column_text el_class=\u00bbtitu-blanc amagar\u00bb]<\/p>\n<p style=\"text-align: center;\">Ap\u00fantate, escucha y, despu\u00e9s, act\u00faa<br \/>\n<span style=\"font-size: 24px;\">(Proverbio IND + I)<\/span><\/p>\n<p>[\/vc_column_text][vc_column_text css=\u00bb.vc_custom_1523043710828{margin-top: -15px !important;}\u00bb el_class=\u00bbblanc quadre amagar\u00bb]<\/p>\n<div style=\"text-align: center; border: 3px solid white; padding: 5px;\">S\u00ed, ir\u00e9 a hacer el IND+I en la 4\u00aa sesi\u00f3n del IND+I Club de lectura<br \/>\n30\/11\/17 18.30 H CCCB<\/div>\n<p>[\/vc_column_text][vc_column_text el_class=\u00bbverde amagar\u00bb css=\u00bb.vc_custom_1523043717792{margin-top: 15px !important;}\u00bb]<\/p>\n<p style=\"text-align: center;\">Aforo limitado. Rogamos confirmen su asistencia como oyentes enviando un correo a<br \/>\n<a href=\"mailto:secretaria@viladecans.cat\">secretaria@viladecans.cat<\/a><\/p>\n<p>[\/vc_column_text][\/vc_column][\/vc_row][vc_row type=\u00bbvc_default\u00bb full_width=\u00bbstretch_row\u00bb content_placement=\u00bbmiddle\u00bb css=\u00bb.vc_custom_1489057505920{margin-top: 20px !important;}\u00bb][vc_column][vc_column_text el_class=\u00bbsub-titu-negre \u00ab]<\/p>\n<p style=\"text-align: center;\"><b>\u00bfQuieres formar parte de la red de reflexi\u00f3n\u00a0e intercambio del IND+I?<\/b><\/p>\n<p>[\/vc_column_text][\/vc_column][\/vc_row][vc_row type=\u00bbvc_default\u00bb full_width=\u00bbstretch_row\u00bb content_placement=\u00bbmiddle\u00bb][vc_column][vc_single_image image=\u00bb29&#8243; img_size=\u00bbfull\u00bb alignment=\u00bbcenter\u00bb image_hovers=\u00bbfalse\u00bb][\/vc_column][\/vc_row][vc_row type=\u00bbvc_default\u00bb full_width=\u00bbstretch_row\u00bb content_placement=\u00bbmiddle\u00bb][vc_column][vc_column_text el_class=\u00bbtitu-negre\u00bb]<\/p>\n<p style=\"text-align: center;\">FORMULARIO IND+I CLUB<\/p>\n<p>[\/vc_column_text][\/vc_column][\/vc_row][vc_row type=\u00bbvc_default\u00bb full_width=\u00bbstretch_row\u00bb content_placement=\u00bbmiddle\u00bb][vc_column][vc_column_text el_class=\u00bbtitu-negre\u00bb]\n<div class=\"wpcf7 no-js\" id=\"wpcf7-f249-o1\" lang=\"es-ES\" dir=\"ltr\" data-wpcf7-id=\"249\">\n<div class=\"screen-reader-response\"><p role=\"status\" aria-live=\"polite\" aria-atomic=\"true\"><\/p> <ul><\/ul><\/div>\n<form action=\"\/es\/wp-json\/wp\/v2\/pages\/370#wpcf7-f249-o1\" method=\"post\" class=\"wpcf7-form init\" aria-label=\"Formulario de contacto\" novalidate=\"novalidate\" data-status=\"init\">\n<fieldset class=\"hidden-fields-container\"><input type=\"hidden\" name=\"_wpcf7\" value=\"249\" \/><input type=\"hidden\" name=\"_wpcf7_version\" value=\"6.1.5\" \/><input type=\"hidden\" name=\"_wpcf7_locale\" value=\"es_ES\" \/><input type=\"hidden\" name=\"_wpcf7_unit_tag\" value=\"wpcf7-f249-o1\" \/><input type=\"hidden\" name=\"_wpcf7_container_post\" value=\"0\" \/><input type=\"hidden\" name=\"_wpcf7_posted_data_hash\" value=\"\" \/><input type=\"hidden\" name=\"_wpcf7_recaptcha_response\" value=\"\" \/>\n<\/fieldset>\n<div id=\"responsive-form\" class=\"clearfix\">\n\t<div class=\"form-row\">\n\t\t<div class=\"column-half\">\n\t\t\t<p><span class=\"wpcf7-form-control-wrap\" data-name=\"your-name\"><input size=\"40\" maxlength=\"400\" class=\"wpcf7-form-control wpcf7-text wpcf7-validates-as-required\" aria-required=\"true\" aria-invalid=\"false\" placeholder=\"Nombre\" value=\"\" type=\"text\" name=\"your-name\" \/><\/span>\n\t\t\t<\/p>\n\t\t<\/div>\n\t\t<div class=\"column-half\">\n\t\t\t<p><span class=\"wpcf7-form-control-wrap\" data-name=\"your-apellidos\"><input size=\"40\" maxlength=\"400\" class=\"wpcf7-form-control wpcf7-text wpcf7-validates-as-required\" aria-required=\"true\" aria-invalid=\"false\" placeholder=\"Apellidos\" value=\"\" type=\"text\" name=\"your-apellidos\" \/><\/span>\n\t\t\t<\/p>\n\t\t<\/div>\n\t<\/div>\n\t<div class=\"form-row\">\n\t\t<div class=\"column-half\">\n\t\t\t<p><span class=\"wpcf7-form-control-wrap\" data-name=\"your-tlf\"><input size=\"40\" maxlength=\"400\" class=\"wpcf7-form-control wpcf7-text wpcf7-validates-as-required\" aria-required=\"true\" aria-invalid=\"false\" placeholder=\"Tel\u00e9fono\" value=\"\" type=\"text\" name=\"your-tlf\" \/><\/span>\n\t\t\t<\/p>\n\t\t<\/div>\n\t\t<div class=\"column-half\">\n\t\t\t<p><span class=\"wpcf7-form-control-wrap\" data-name=\"your-email\"><input size=\"40\" maxlength=\"400\" class=\"wpcf7-form-control wpcf7-email wpcf7-validates-as-required wpcf7-text wpcf7-validates-as-email\" aria-required=\"true\" aria-invalid=\"false\" placeholder=\"Correo electr\u00f3nico\" value=\"\" type=\"email\" name=\"your-email\" \/><\/span>\n\t\t\t<\/p>\n\t\t<\/div>\n\t<\/div>\n\t<div class=\"form-row\">\n\t\t<div class=\"column-half\">\n\t\t\t<p><span class=\"wpcf7-form-control-wrap\" data-name=\"your-profesion\"><input size=\"40\" maxlength=\"400\" class=\"wpcf7-form-control wpcf7-text wpcf7-validates-as-required\" aria-required=\"true\" aria-invalid=\"false\" placeholder=\"Cargo\" value=\"\" type=\"text\" name=\"your-profesion\" \/><\/span>\n\t\t\t<\/p>\n\t\t<\/div>\n\t\t<div class=\"column-half\">\n\t\t\t<p><span class=\"wpcf7-form-control-wrap\" data-name=\"your-organizacion\"><input size=\"40\" maxlength=\"400\" class=\"wpcf7-form-control wpcf7-text wpcf7-validates-as-required\" aria-required=\"true\" aria-invalid=\"false\" placeholder=\"Organizaci\u00f3n\" value=\"\" type=\"text\" name=\"your-organizacion\" \/><\/span>\n\t\t\t<\/p>\n\t\t<\/div>\n\t<\/div>\n\t<div class=\"form-row\">\n\t\t<div class=\"column-half\">\n\t\t\t<p><span class=\"wpcf7-form-control-wrap\" data-name=\"your-poblacion\"><input size=\"40\" maxlength=\"400\" class=\"wpcf7-form-control wpcf7-text wpcf7-validates-as-required\" aria-required=\"true\" aria-invalid=\"false\" placeholder=\"Municipio donde trabajo\" value=\"\" type=\"text\" name=\"your-poblacion\" \/><\/span>\n\t\t\t<\/p>\n\t\t<\/div>\n\t\t<div class=\"column-half\">\n\t\t\t<p><span class=\"wpcf7-form-control-wrap\" data-name=\"your-dni\"><input size=\"40\" maxlength=\"400\" class=\"wpcf7-form-control wpcf7-text wpcf7-validates-as-required\" aria-required=\"true\" aria-invalid=\"false\" placeholder=\"DNI\" value=\"\" type=\"text\" name=\"your-dni\" \/><\/span>\n\t\t\t<\/p>\n\t\t<\/div>\n\t<\/div>\n\t<div class=\"form-row\">\n\t\t<div class=\"column-half\">\n\t\t\t<p><span class=\"wpcf7-form-control-wrap\" data-name=\"your-linkedin\"><input size=\"40\" maxlength=\"400\" class=\"wpcf7-form-control wpcf7-text\" aria-invalid=\"false\" placeholder=\"Usuario Linkedin\" value=\"\" type=\"text\" name=\"your-linkedin\" \/><\/span>\n\t\t\t<\/p>\n\t\t<\/div>\n\t\t<div class=\"column-half\">\n\t\t\t<p><span class=\"wpcf7-form-control-wrap\" data-name=\"your-twitter\"><input size=\"40\" maxlength=\"400\" class=\"wpcf7-form-control wpcf7-text\" aria-invalid=\"false\" placeholder=\"Usuario Twitter\" value=\"\" type=\"text\" name=\"your-twitter\" \/><\/span>\n\t\t\t<\/p>\n\t\t<\/div>\n\t<\/div>\n\t<div class=\"form-row\">\n\t\t<div class=\"column-full\">\n\t\t\t<p><span style=\"font-size:14px; color:#00a8b4\">Tipo de organizaci\u00f3n (Indica una de las opciones)<\/span><br \/>\n<span class=\"wpcf7-form-control-wrap\" data-name=\"organizacion\"><select class=\"wpcf7-form-control wpcf7-select wpcf7-validates-as-required\" aria-required=\"true\" aria-invalid=\"false\" name=\"organizacion\"><option value=\"\">&#8212;Por favor, elige una opci\u00f3n&#8212;<\/option><option value=\"Empresa\">Empresa<\/option><option value=\"Administraci\u00f3n P\u00fablica\">Administraci\u00f3n P\u00fablica<\/option><option value=\"Universidad\">Universidad<\/option><option value=\"Otros\">Otros<\/option><\/select><\/span>\n\t\t\t<\/p>\n\t\t<\/div>\n\t<\/div>\n<\/div><!--end responsive-form-->\n<div style=\"max-width:600px; text-align:right;\">\n\t<p><input class=\"wpcf7-form-control wpcf7-submit has-spinner\" type=\"submit\" value=\"Enviar\" \/>\n\t<\/p>\n<\/div><div class=\"wpcf7-response-output\" aria-hidden=\"true\"><\/div>\n<\/form>\n<\/div>\n[\/vc_column_text][\/vc_column][\/vc_row][vc_row][vc_column][vc_column_text]<\/p>\n<div style=\"max-width: 600px; text-align: justify; font-size: 12px; margin: auto; line-height: 14px;\">De acuerdo con la Ley org\u00e1nica 15\/1999, del 13 de diciembre, de protecci\u00f3n de datos de car\u00e1cter personal, os comunicamos que la informaci\u00f3n contenida en este formulario se incluir\u00e1 en un fichero llamado Vilagenda, titularidad del Ayuntamiento de Viladecans, cuya finalidad es la transmisi\u00f3n de informaci\u00f3n diversa e invitaciones a actos. Pod\u00e9is ejercer los derechos de acceso, rectificaci\u00f3n, cancelaci\u00f3n y oposici\u00f3n dirigi\u00e9ndoos a Viladecans Informaci\u00f3, a Pla\u00e7a Europa 7, aportando una copia del DNI.<\/div>\n<p>[\/vc_column_text][\/vc_column][\/vc_row][vc_row][vc_column][vc_raw_html]JTNDc3R5bGUlM0UlMEEubWVudS1pdGVtLTI2NSUyMGElMjAubWVudS1pdGVtLXRleHQlMjAubWVudS10ZXh0JTIwJTdCJTBBJTIwJTIwJTIwJTIwY29sb3IlM0ElMjAlMjMwMGE4YjQlMjAlMjFpbXBvcnRhbnQlM0IlMEElN0QlMEEubW9yaXR6JTIwJTdCdmlzaWJpbGl0eSUzQSUyMHZpc2libGUlM0IlMjAlMjFpbXBvcnRhbnQlM0IlN0QlMEElM0MlMkZzdHlsZSUzRQ==[\/vc_raw_html][\/vc_column][\/vc_row]<\/p>\n<\/div>","protected":false},"excerpt":{"rendered":"<p>[vc_row type=\u00bbvc_default\u00bb full_width=\u00bbstretch_row\u00bb content_placement=\u00bbmiddle\u00bb][vc_column][vc_single_image image=\u00bb226&#8243; img_size=\u00bbfull\u00bb alignment=\u00bbcenter\u00bb image_hovers=\u00bbfalse\u00bb][\/vc_column][\/vc_row][vc_row type=\u00bbvc_default\u00bb full_width=\u00bbstretch_row\u00bb content_placement=\u00bbmiddle\u00bb][vc_column][vc_column_text el_class=\u00bbtitu-negre\u00bb] Pendientes de los libros relevantes sobre innovaci\u00f3n [\/vc_column_text][vc_column_text] El IND+I Club es una red de reflexi\u00f3n e intercambio participativo entre personas interesadas en el \u00e1mbito de la industria y la innovaci\u00f3n. Est\u00e1 abierto a todo el mundo y da continuidad al encuentro anual&hellip;<\/p>\n","protected":false},"author":1,"featured_media":0,"parent":0,"menu_order":0,"comment_status":"closed","ping_status":"closed","template":"","meta":{"footnotes":""},"class_list":["post-370","page","type-page","status-publish","hentry","description-off"],"yoast_head":"<!-- This site is optimized with the Yoast SEO plugin v27.2 - https:\/\/yoast.com\/product\/yoast-seo-wordpress\/ -->\n<title>Club3 Old - IND+I 2025<\/title>\n<meta name=\"robots\" content=\"index, follow, max-snippet:-1, max-image-preview:large, max-video-preview:-1\" \/>\n<link rel=\"canonical\" href=\"https:\/\/indi.cat\/es\/club3-old\/\" \/>\n<meta property=\"og:locale\" content=\"es_ES\" \/>\n<meta property=\"og:type\" content=\"article\" \/>\n<meta property=\"og:title\" content=\"Club3 Old - IND+I 2025\" \/>\n<meta property=\"og:description\" content=\"[vc_row type=\u00bbvc_default\u00bb full_width=\u00bbstretch_row\u00bb content_placement=\u00bbmiddle\u00bb][vc_column][vc_single_image image=\u00bb226&#8243; img_size=\u00bbfull\u00bb alignment=\u00bbcenter\u00bb image_hovers=\u00bbfalse\u00bb][\/vc_column][\/vc_row][vc_row type=\u00bbvc_default\u00bb full_width=\u00bbstretch_row\u00bb content_placement=\u00bbmiddle\u00bb][vc_column][vc_column_text el_class=\u00bbtitu-negre\u00bb] Pendientes de los libros relevantes sobre innovaci\u00f3n [\/vc_column_text][vc_column_text] El IND+I Club es una red de reflexi\u00f3n e intercambio participativo entre personas interesadas en el \u00e1mbito de la industria y la innovaci\u00f3n. Est\u00e1 abierto a todo el mundo y da continuidad al encuentro anual&hellip;\" \/>\n<meta property=\"og:url\" content=\"https:\/\/indi.cat\/es\/club3-old\/\" \/>\n<meta property=\"og:site_name\" content=\"IND+I 2025\" \/>\n<meta property=\"article:modified_time\" content=\"2018-06-22T05:10:41+00:00\" \/>\n<meta property=\"og:image\" content=\"https:\/\/indi.cat\/wp-content\/uploads\/saber-mas.png\" \/>\n<meta name=\"twitter:card\" content=\"summary_large_image\" \/>\n<meta name=\"twitter:site\" content=\"@INDI_viladecans\" \/>\n<script type=\"application\/ld+json\" class=\"yoast-schema-graph\">{\"@context\":\"https:\/\/schema.org\",\"@graph\":[{\"@type\":\"WebPage\",\"@id\":\"https:\/\/indi.cat\/es\/club3-old\/\",\"url\":\"https:\/\/indi.cat\/es\/club3-old\/\",\"name\":\"Club3 Old - IND+I 2025\",\"isPartOf\":{\"@id\":\"https:\/\/indi.cat\/#website\"},\"primaryImageOfPage\":{\"@id\":\"https:\/\/indi.cat\/es\/club3-old\/#primaryimage\"},\"image\":{\"@id\":\"https:\/\/indi.cat\/es\/club3-old\/#primaryimage\"},\"thumbnailUrl\":\"https:\/\/indi.cat\/wp-content\/uploads\/saber-mas.png\",\"datePublished\":\"2017-03-09T10:39:21+00:00\",\"dateModified\":\"2018-06-22T05:10:41+00:00\",\"breadcrumb\":{\"@id\":\"https:\/\/indi.cat\/es\/club3-old\/#breadcrumb\"},\"inLanguage\":\"es\",\"potentialAction\":[{\"@type\":\"ReadAction\",\"target\":[\"https:\/\/indi.cat\/es\/club3-old\/\"]}]},{\"@type\":\"ImageObject\",\"inLanguage\":\"es\",\"@id\":\"https:\/\/indi.cat\/es\/club3-old\/#primaryimage\",\"url\":\"https:\/\/indi.cat\/wp-content\/uploads\/saber-mas.png\",\"contentUrl\":\"https:\/\/indi.cat\/wp-content\/uploads\/saber-mas.png\"},{\"@type\":\"BreadcrumbList\",\"@id\":\"https:\/\/indi.cat\/es\/club3-old\/#breadcrumb\",\"itemListElement\":[{\"@type\":\"ListItem\",\"position\":1,\"name\":\"Home\",\"item\":\"https:\/\/indi.cat\/es\/\"},{\"@type\":\"ListItem\",\"position\":2,\"name\":\"Club3 Old\"}]},{\"@type\":\"WebSite\",\"@id\":\"https:\/\/indi.cat\/#website\",\"url\":\"https:\/\/indi.cat\/\",\"name\":\"IND+I 2025\",\"description\":\"Viladecans\",\"potentialAction\":[{\"@type\":\"SearchAction\",\"target\":{\"@type\":\"EntryPoint\",\"urlTemplate\":\"https:\/\/indi.cat\/?s={search_term_string}\"},\"query-input\":{\"@type\":\"PropertyValueSpecification\",\"valueRequired\":true,\"valueName\":\"search_term_string\"}}],\"inLanguage\":\"es\"}]}<\/script>\n<!-- \/ Yoast SEO plugin. -->","yoast_head_json":{"title":"Club3 Old - IND+I 2025","robots":{"index":"index","follow":"follow","max-snippet":"max-snippet:-1","max-image-preview":"max-image-preview:large","max-video-preview":"max-video-preview:-1"},"canonical":"https:\/\/indi.cat\/es\/club3-old\/","og_locale":"es_ES","og_type":"article","og_title":"Club3 Old - IND+I 2025","og_description":"[vc_row type=\u00bbvc_default\u00bb full_width=\u00bbstretch_row\u00bb content_placement=\u00bbmiddle\u00bb][vc_column][vc_single_image image=\u00bb226&#8243; img_size=\u00bbfull\u00bb alignment=\u00bbcenter\u00bb image_hovers=\u00bbfalse\u00bb][\/vc_column][\/vc_row][vc_row type=\u00bbvc_default\u00bb full_width=\u00bbstretch_row\u00bb content_placement=\u00bbmiddle\u00bb][vc_column][vc_column_text el_class=\u00bbtitu-negre\u00bb] Pendientes de los libros relevantes sobre innovaci\u00f3n [\/vc_column_text][vc_column_text] El IND+I Club es una red de reflexi\u00f3n e intercambio participativo entre personas interesadas en el \u00e1mbito de la industria y la innovaci\u00f3n. Est\u00e1 abierto a todo el mundo y da continuidad al encuentro anual&hellip;","og_url":"https:\/\/indi.cat\/es\/club3-old\/","og_site_name":"IND+I 2025","article_modified_time":"2018-06-22T05:10:41+00:00","og_image":[{"url":"https:\/\/indi.cat\/wp-content\/uploads\/saber-mas.png","type":"","width":"","height":""}],"twitter_card":"summary_large_image","twitter_site":"@INDI_viladecans","schema":{"@context":"https:\/\/schema.org","@graph":[{"@type":"WebPage","@id":"https:\/\/indi.cat\/es\/club3-old\/","url":"https:\/\/indi.cat\/es\/club3-old\/","name":"Club3 Old - IND+I 2025","isPartOf":{"@id":"https:\/\/indi.cat\/#website"},"primaryImageOfPage":{"@id":"https:\/\/indi.cat\/es\/club3-old\/#primaryimage"},"image":{"@id":"https:\/\/indi.cat\/es\/club3-old\/#primaryimage"},"thumbnailUrl":"https:\/\/indi.cat\/wp-content\/uploads\/saber-mas.png","datePublished":"2017-03-09T10:39:21+00:00","dateModified":"2018-06-22T05:10:41+00:00","breadcrumb":{"@id":"https:\/\/indi.cat\/es\/club3-old\/#breadcrumb"},"inLanguage":"es","potentialAction":[{"@type":"ReadAction","target":["https:\/\/indi.cat\/es\/club3-old\/"]}]},{"@type":"ImageObject","inLanguage":"es","@id":"https:\/\/indi.cat\/es\/club3-old\/#primaryimage","url":"https:\/\/indi.cat\/wp-content\/uploads\/saber-mas.png","contentUrl":"https:\/\/indi.cat\/wp-content\/uploads\/saber-mas.png"},{"@type":"BreadcrumbList","@id":"https:\/\/indi.cat\/es\/club3-old\/#breadcrumb","itemListElement":[{"@type":"ListItem","position":1,"name":"Home","item":"https:\/\/indi.cat\/es\/"},{"@type":"ListItem","position":2,"name":"Club3 Old"}]},{"@type":"WebSite","@id":"https:\/\/indi.cat\/#website","url":"https:\/\/indi.cat\/","name":"IND+I 2025","description":"Viladecans","potentialAction":[{"@type":"SearchAction","target":{"@type":"EntryPoint","urlTemplate":"https:\/\/indi.cat\/?s={search_term_string}"},"query-input":{"@type":"PropertyValueSpecification","valueRequired":true,"valueName":"search_term_string"}}],"inLanguage":"es"}]}},"_links":{"self":[{"href":"https:\/\/indi.cat\/es\/wp-json\/wp\/v2\/pages\/370","targetHints":{"allow":["GET"]}}],"collection":[{"href":"https:\/\/indi.cat\/es\/wp-json\/wp\/v2\/pages"}],"about":[{"href":"https:\/\/indi.cat\/es\/wp-json\/wp\/v2\/types\/page"}],"author":[{"embeddable":true,"href":"https:\/\/indi.cat\/es\/wp-json\/wp\/v2\/users\/1"}],"replies":[{"embeddable":true,"href":"https:\/\/indi.cat\/es\/wp-json\/wp\/v2\/comments?post=370"}],"version-history":[{"count":0,"href":"https:\/\/indi.cat\/es\/wp-json\/wp\/v2\/pages\/370\/revisions"}],"wp:attachment":[{"href":"https:\/\/indi.cat\/es\/wp-json\/wp\/v2\/media?parent=370"}],"curies":[{"name":"wp","href":"https:\/\/api.w.org\/{rel}","templated":true}]}}