{"id":2010,"date":"2020-02-21T13:52:51","date_gmt":"2020-02-21T13:52:51","guid":{"rendered":"https:\/\/indi.cat\/?page_id=2010"},"modified":"2020-02-21T13:52:51","modified_gmt":"2020-02-21T13:52:51","slug":"2020-manuel-marina","status":"publish","type":"page","link":"https:\/\/indi.cat\/es\/2020-manuel-marina\/","title":{"rendered":"Dr. Manuel Marina Breysse"},"content":{"rendered":"<div class=\"wpb-content-wrapper\"><p>[vc_row margin_top=\u00bb50px\u00bb margin_bottom=\u00bb40px\u00bb][vc_column width=\u00bb1\/4&#8243; css=\u00bb.vc_custom_1489653926973{margin-top: -20px !important;}\u00bb][vc_single_image image=\u00bb1989&#8243; img_size=\u00bbfull\u00bb alignment=\u00bbcenter\u00bb image_hovers=\u00bbfalse\u00bb][\/vc_column][vc_column width=\u00bb3\/4&#8243;][vc_column_text el_class=\u00bbtitu-negre\u00bb css=\u00bb.vc_custom_1582293094771{margin-bottom: 40px !important;}\u00bb]Dr. Manuel Marina Breysse[\/vc_column_text][vc_column_text]Cardi\u00f3logo, CEO y fundador de IDOVEN, una startup pionera en Salud Digital que est\u00e1 redefiniendo la manera en que se diagnostican las enfermedades cardiacas para reducir su impacto en las personas y la sociedad. Para ello, combinan el an\u00e1lisis de electrocardiogramas en la nube con potentes algoritmos de inteligencia artificial.<\/p>\n<p>Tras licenciarse en medicina y especializarse en cardiolog\u00eda, curs\u00f3 un m\u00e1ster en Metodolog\u00eda de la Investigaci\u00f3n en Ciencias de la Salud y obtuvo una plaza por oposici\u00f3n en la AEPSAD (Agencia Espa\u00f1ola de Protecci\u00f3n de la Salud en Deporte) donde ha ejercido una cardiolog\u00eda de alta precisi\u00f3n con los deportistas de \u00e9lite espa\u00f1oles.<\/p>\n<p>Manuel es investigador del CNIC (Centro Nacional de Investigaciones Cardiovasculares), centro de referencia europeo en investigaci\u00f3n b\u00e1sica y traslacional. Posee amplia experiencia en I+D de nuevas herramientas de medici\u00f3n en el campo de la medicina y en el dise\u00f1o de estudios cl\u00ednicos sobre enfermedades cardiovasculares: la principal causa de muerte en el mundo y la que supone el mayor coste para el sistema sanitario global.[\/vc_column_text][vc_column_text el_class=\u00bbhidden\u00bb]<a href=\"https:\/\/twitter.com\/XavierFerras\" target=\"_blank\" rel=\"noopener noreferrer\"><img decoding=\"async\" class=\"alignleft wp-image-66 size-full\" style=\"margin-right: 5px;\" src=\"https:\/\/indi.cat\/wp-content\/uploads\/twi-v.png\" alt=\"\" width=\"32\" height=\"37\" \/><\/a><a href=\"https:\/\/www.linkedin.com\/in\/xferras\/\" target=\"_blank\" rel=\"noopener noreferrer\"><img decoding=\"async\" class=\"alignleft wp-image-64 size-full\" style=\"margin-right: 5px;\" src=\"https:\/\/indi.cat\/wp-content\/uploads\/link-v.png\" alt=\"\" width=\"32\" height=\"37\" \/><\/a>[\/vc_column_text][\/vc_column][\/vc_row][vc_row type=\u00bbvc_default\u00bb full_width=\u00bbstretch_row_content_no_spaces\u00bb content_placement=\u00bbmiddle\u00bb css=\u00bb.vc_custom_1489394714797{margin-bottom: -70px !important;background-color: #000000 !important;}\u00bb][vc_column][vc_column_text css=\u00bb.vc_custom_1493106847678{margin-bottom: 5px !important;}\u00bb]<\/p>\n<div style=\"text-align: center; width: 100%;\"><a href=\"https:\/\/twitter.com\/INDI_viladecans\" target=\"_blank\" rel=\"noopener noreferrer\"><img decoding=\"async\" class=\"wp-image-65 size-full\" style=\"margin-right: 3px;\" src=\"https:\/\/indi.cat\/wp-content\/uploads\/twi-b.png\" alt=\"\" width=\"32\" height=\"37\" \/><\/a><a href=\"https:\/\/www.linkedin.com\/company-beta\/11070686\" target=\"_blank\" rel=\"noopener noreferrer\"><img decoding=\"async\" class=\"wp-image-63 size-full\" style=\"margin-right: 3px;\" src=\"https:\/\/indi.cat\/wp-content\/uploads\/link-b.png\" alt=\"\" width=\"32\" height=\"37\" \/><\/a><a href=\"https:\/\/www.youtube.com\/channel\/UCCZB7eGXiFeX1OEJ5z0Gykw\" target=\"_blank\" rel=\"noopener noreferrer\"><img decoding=\"async\" class=\"wp-image-68 size-full\" src=\"https:\/\/indi.cat\/wp-content\/uploads\/you-b-1.png\" alt=\"\" width=\"32\" height=\"37\" \/><\/a><\/div>\n<p>[\/vc_column_text][vc_column_text css=\u00bb.vc_custom_1489394798837{border-bottom-width: 15px !important;}\u00bb el_class=\u00bbblanc\u00bb]<\/p>\n<p style=\"text-align: center;\">#FENTLINDI<\/p>\n<p>[\/vc_column_text][\/vc_column][\/vc_row][vc_row][vc_column][vc_raw_html]PHN0eWxlPg0KLm1lbnUtaXRlbS0yNDYgYSAubWVudS1pdGVtLXRleHQgLm1lbnUtdGV4dCB7PGJyIC8+DQogICAgY29sb3I6ICMwMGE4YjQgIWltcG9ydGFudDs8YnIgLz4NCn08YnIgLz4NCjwvc3R5bGU+[\/vc_raw_html][\/vc_column][\/vc_row]<\/p>\n<\/div>","protected":false},"excerpt":{"rendered":"<p>[vc_row margin_top=\u00bb50px\u00bb margin_bottom=\u00bb40px\u00bb][vc_column width=\u00bb1\/4&#8243; css=\u00bb.vc_custom_1489653926973{margin-top: -20px !important;}\u00bb][vc_single_image image=\u00bb1989&#8243; img_size=\u00bbfull\u00bb alignment=\u00bbcenter\u00bb image_hovers=\u00bbfalse\u00bb][\/vc_column][vc_column width=\u00bb3\/4&#8243;][vc_column_text el_class=\u00bbtitu-negre\u00bb css=\u00bb.vc_custom_1582293094771{margin-bottom: 40px !important;}\u00bb]Dr. Manuel Marina Breysse[\/vc_column_text][vc_column_text]Cardi\u00f3logo, CEO y fundador de IDOVEN, una startup pionera en Salud Digital que est\u00e1 redefiniendo la manera en que se diagnostican las enfermedades cardiacas para reducir su impacto en las personas y la sociedad. Para ello, combinan&hellip;<\/p>\n","protected":false},"author":1,"featured_media":0,"parent":0,"menu_order":0,"comment_status":"closed","ping_status":"closed","template":"","meta":{"footnotes":""},"class_list":["post-2010","page","type-page","status-publish","hentry","description-off"],"yoast_head":"<!-- This site is optimized with the Yoast SEO plugin v27.5 - https:\/\/yoast.com\/product\/yoast-seo-wordpress\/ -->\n<title>Dr. Manuel Marina Breysse - IND+I 2025<\/title>\n<meta name=\"robots\" content=\"index, follow, max-snippet:-1, max-image-preview:large, max-video-preview:-1\" \/>\n<link rel=\"canonical\" href=\"https:\/\/indi.cat\/es\/2020-manuel-marina\/\" \/>\n<meta property=\"og:locale\" content=\"es_ES\" \/>\n<meta property=\"og:type\" content=\"article\" \/>\n<meta property=\"og:title\" content=\"Dr. Manuel Marina Breysse - IND+I 2025\" \/>\n<meta property=\"og:description\" content=\"[vc_row margin_top=\u00bb50px\u00bb margin_bottom=\u00bb40px\u00bb][vc_column width=\u00bb1\/4&#8243; css=\u00bb.vc_custom_1489653926973{margin-top: -20px !important;}\u00bb][vc_single_image image=\u00bb1989&#8243; img_size=\u00bbfull\u00bb alignment=\u00bbcenter\u00bb image_hovers=\u00bbfalse\u00bb][\/vc_column][vc_column width=\u00bb3\/4&#8243;][vc_column_text el_class=\u00bbtitu-negre\u00bb css=\u00bb.vc_custom_1582293094771{margin-bottom: 40px !important;}\u00bb]Dr. Manuel Marina Breysse[\/vc_column_text][vc_column_text]Cardi\u00f3logo, CEO y fundador de IDOVEN, una startup pionera en Salud Digital que est\u00e1 redefiniendo la manera en que se diagnostican las enfermedades cardiacas para reducir su impacto en las personas y la sociedad. Para ello, combinan&hellip;\" \/>\n<meta property=\"og:url\" content=\"https:\/\/indi.cat\/es\/2020-manuel-marina\/\" \/>\n<meta property=\"og:site_name\" content=\"IND+I 2025\" \/>\n<meta property=\"og:image\" content=\"https:\/\/indi.cat\/wp-content\/uploads\/twi-v.png\" \/>\n<meta name=\"twitter:card\" content=\"summary_large_image\" \/>\n<meta name=\"twitter:site\" content=\"@INDI_viladecans\" \/>\n<script type=\"application\/ld+json\" class=\"yoast-schema-graph\">{\"@context\":\"https:\\\/\\\/schema.org\",\"@graph\":[{\"@type\":\"WebPage\",\"@id\":\"https:\\\/\\\/indi.cat\\\/es\\\/2020-manuel-marina\\\/\",\"url\":\"https:\\\/\\\/indi.cat\\\/es\\\/2020-manuel-marina\\\/\",\"name\":\"Dr. Manuel Marina Breysse - IND+I 2025\",\"isPartOf\":{\"@id\":\"https:\\\/\\\/indi.cat\\\/#website\"},\"primaryImageOfPage\":{\"@id\":\"https:\\\/\\\/indi.cat\\\/es\\\/2020-manuel-marina\\\/#primaryimage\"},\"image\":{\"@id\":\"https:\\\/\\\/indi.cat\\\/es\\\/2020-manuel-marina\\\/#primaryimage\"},\"thumbnailUrl\":\"https:\\\/\\\/indi.cat\\\/wp-content\\\/uploads\\\/twi-v.png\",\"datePublished\":\"2020-02-21T13:52:51+00:00\",\"breadcrumb\":{\"@id\":\"https:\\\/\\\/indi.cat\\\/es\\\/2020-manuel-marina\\\/#breadcrumb\"},\"inLanguage\":\"es\",\"potentialAction\":[{\"@type\":\"ReadAction\",\"target\":[\"https:\\\/\\\/indi.cat\\\/es\\\/2020-manuel-marina\\\/\"]}]},{\"@type\":\"ImageObject\",\"inLanguage\":\"es\",\"@id\":\"https:\\\/\\\/indi.cat\\\/es\\\/2020-manuel-marina\\\/#primaryimage\",\"url\":\"https:\\\/\\\/indi.cat\\\/wp-content\\\/uploads\\\/twi-v.png\",\"contentUrl\":\"https:\\\/\\\/indi.cat\\\/wp-content\\\/uploads\\\/twi-v.png\"},{\"@type\":\"BreadcrumbList\",\"@id\":\"https:\\\/\\\/indi.cat\\\/es\\\/2020-manuel-marina\\\/#breadcrumb\",\"itemListElement\":[{\"@type\":\"ListItem\",\"position\":1,\"name\":\"Home\",\"item\":\"https:\\\/\\\/indi.cat\\\/es\\\/\"},{\"@type\":\"ListItem\",\"position\":2,\"name\":\"Dr. Manuel Marina Breysse\"}]},{\"@type\":\"WebSite\",\"@id\":\"https:\\\/\\\/indi.cat\\\/#website\",\"url\":\"https:\\\/\\\/indi.cat\\\/\",\"name\":\"IND+I 2025\",\"description\":\"Viladecans\",\"potentialAction\":[{\"@type\":\"SearchAction\",\"target\":{\"@type\":\"EntryPoint\",\"urlTemplate\":\"https:\\\/\\\/indi.cat\\\/?s={search_term_string}\"},\"query-input\":{\"@type\":\"PropertyValueSpecification\",\"valueRequired\":true,\"valueName\":\"search_term_string\"}}],\"inLanguage\":\"es\"}]}<\/script>\n<!-- \/ Yoast SEO plugin. -->","yoast_head_json":{"title":"Dr. Manuel Marina Breysse - IND+I 2025","robots":{"index":"index","follow":"follow","max-snippet":"max-snippet:-1","max-image-preview":"max-image-preview:large","max-video-preview":"max-video-preview:-1"},"canonical":"https:\/\/indi.cat\/es\/2020-manuel-marina\/","og_locale":"es_ES","og_type":"article","og_title":"Dr. Manuel Marina Breysse - IND+I 2025","og_description":"[vc_row margin_top=\u00bb50px\u00bb margin_bottom=\u00bb40px\u00bb][vc_column width=\u00bb1\/4&#8243; css=\u00bb.vc_custom_1489653926973{margin-top: -20px !important;}\u00bb][vc_single_image image=\u00bb1989&#8243; img_size=\u00bbfull\u00bb alignment=\u00bbcenter\u00bb image_hovers=\u00bbfalse\u00bb][\/vc_column][vc_column width=\u00bb3\/4&#8243;][vc_column_text el_class=\u00bbtitu-negre\u00bb css=\u00bb.vc_custom_1582293094771{margin-bottom: 40px !important;}\u00bb]Dr. Manuel Marina Breysse[\/vc_column_text][vc_column_text]Cardi\u00f3logo, CEO y fundador de IDOVEN, una startup pionera en Salud Digital que est\u00e1 redefiniendo la manera en que se diagnostican las enfermedades cardiacas para reducir su impacto en las personas y la sociedad. Para ello, combinan&hellip;","og_url":"https:\/\/indi.cat\/es\/2020-manuel-marina\/","og_site_name":"IND+I 2025","og_image":[{"url":"https:\/\/indi.cat\/wp-content\/uploads\/twi-v.png","type":"","width":"","height":""}],"twitter_card":"summary_large_image","twitter_site":"@INDI_viladecans","schema":{"@context":"https:\/\/schema.org","@graph":[{"@type":"WebPage","@id":"https:\/\/indi.cat\/es\/2020-manuel-marina\/","url":"https:\/\/indi.cat\/es\/2020-manuel-marina\/","name":"Dr. Manuel Marina Breysse - IND+I 2025","isPartOf":{"@id":"https:\/\/indi.cat\/#website"},"primaryImageOfPage":{"@id":"https:\/\/indi.cat\/es\/2020-manuel-marina\/#primaryimage"},"image":{"@id":"https:\/\/indi.cat\/es\/2020-manuel-marina\/#primaryimage"},"thumbnailUrl":"https:\/\/indi.cat\/wp-content\/uploads\/twi-v.png","datePublished":"2020-02-21T13:52:51+00:00","breadcrumb":{"@id":"https:\/\/indi.cat\/es\/2020-manuel-marina\/#breadcrumb"},"inLanguage":"es","potentialAction":[{"@type":"ReadAction","target":["https:\/\/indi.cat\/es\/2020-manuel-marina\/"]}]},{"@type":"ImageObject","inLanguage":"es","@id":"https:\/\/indi.cat\/es\/2020-manuel-marina\/#primaryimage","url":"https:\/\/indi.cat\/wp-content\/uploads\/twi-v.png","contentUrl":"https:\/\/indi.cat\/wp-content\/uploads\/twi-v.png"},{"@type":"BreadcrumbList","@id":"https:\/\/indi.cat\/es\/2020-manuel-marina\/#breadcrumb","itemListElement":[{"@type":"ListItem","position":1,"name":"Home","item":"https:\/\/indi.cat\/es\/"},{"@type":"ListItem","position":2,"name":"Dr. Manuel Marina Breysse"}]},{"@type":"WebSite","@id":"https:\/\/indi.cat\/#website","url":"https:\/\/indi.cat\/","name":"IND+I 2025","description":"Viladecans","potentialAction":[{"@type":"SearchAction","target":{"@type":"EntryPoint","urlTemplate":"https:\/\/indi.cat\/?s={search_term_string}"},"query-input":{"@type":"PropertyValueSpecification","valueRequired":true,"valueName":"search_term_string"}}],"inLanguage":"es"}]}},"_links":{"self":[{"href":"https:\/\/indi.cat\/es\/wp-json\/wp\/v2\/pages\/2010","targetHints":{"allow":["GET"]}}],"collection":[{"href":"https:\/\/indi.cat\/es\/wp-json\/wp\/v2\/pages"}],"about":[{"href":"https:\/\/indi.cat\/es\/wp-json\/wp\/v2\/types\/page"}],"author":[{"embeddable":true,"href":"https:\/\/indi.cat\/es\/wp-json\/wp\/v2\/users\/1"}],"replies":[{"embeddable":true,"href":"https:\/\/indi.cat\/es\/wp-json\/wp\/v2\/comments?post=2010"}],"version-history":[{"count":0,"href":"https:\/\/indi.cat\/es\/wp-json\/wp\/v2\/pages\/2010\/revisions"}],"wp:attachment":[{"href":"https:\/\/indi.cat\/es\/wp-json\/wp\/v2\/media?parent=2010"}],"curies":[{"name":"wp","href":"https:\/\/api.w.org\/{rel}","templated":true}]}}