{"id":2007,"date":"2020-02-21T13:48:03","date_gmt":"2020-02-21T13:48:03","guid":{"rendered":"https:\/\/indi.cat\/?page_id=2007"},"modified":"2020-02-21T13:48:03","modified_gmt":"2020-02-21T13:48:03","slug":"2020-javier-goyeneche","status":"publish","type":"page","link":"https:\/\/indi.cat\/es\/2020-javier-goyeneche\/","title":{"rendered":"Javier Goyeneche"},"content":{"rendered":"<div class=\"wpb-content-wrapper\"><p>[vc_row margin_top=\u00bb50px\u00bb margin_bottom=\u00bb40px\u00bb][vc_column width=\u00bb1\/4&#8243; css=\u00bb.vc_custom_1489653926973{margin-top: -20px !important;}\u00bb][vc_single_image image=\u00bb1977&#8243; img_size=\u00bbfull\u00bb alignment=\u00bbcenter\u00bb image_hovers=\u00bbfalse\u00bb][\/vc_column][vc_column width=\u00bb3\/4&#8243;][vc_column_text el_class=\u00bbtitu-negre\u00bb css=\u00bb.vc_custom_1582292863429{margin-bottom: 40px !important;}\u00bb]Javier Goyeneche[\/vc_column_text][vc_column_text]Nacido en Madrid, Javier estudi\u00f3 en Espa\u00f1a, Londres y Par\u00eds, y tambi\u00e9n particip\u00f3 en las principales competiciones ecuestres internacionales. Recibi\u00f3 su t\u00edtulo en Administraci\u00f3n de Empresas de la European Business School y continu\u00f3 con su trabajo de posgrado en Estrategias de Marketing Internacional en la Universidad Northwestern en Chicago.<br \/>\nEn 1995, fund\u00f3 Fun &amp; Basics, especializada en bolsos y accesorios de moda contempor\u00e1nea. En 10 a\u00f1os, Javier hizo crecer el negocio a 350 puntos de venta y 70 tiendas minoristas de marca. Sus logros fueron reconocidos por la industria cuando fue galardonado como Mejor Joven Emprendedor de Madrid en 2005.<\/p>\n<p>Javier gradualmente se sinti\u00f3 frustrado con la cantidad de desperdicio que vio que produc\u00eda la industria de la moda. Se embarc\u00f3 en la misi\u00f3n de crear un concepto completamente nuevo que combinar\u00eda su sensibilidad de dise\u00f1o y comprensi\u00f3n del consumidor de moda con lo \u00faltimo en materiales reciclados. En 2012 lanz\u00f3 ECOALF, que lleva el nombre de su hijo Alfredo.<br \/>\nBajo su liderazgo, la compa\u00f1\u00eda ha crecido de manera constante y ahora produce una colecci\u00f3n completa de estilo de vida de prendas de vestir exteriores, trajes de ba\u00f1o, ropa casual, zapatos y accesorios, todos hechos de materiales reciclados. En 2015, Ecoalf a trav\u00e9s de la Fundaci\u00f3n Ecoalf se embarc\u00f3 en su proyecto m\u00e1s ambicioso hasta la fecha: Upcycling the Oceans, una aventura mundial sin precedentes que ayudar\u00e1 a eliminar los desechos del fondo del oc\u00e9ano gracias al apoyo de los pescadores.<br \/>\nEcoalf ha colaborado con empresas como Apple, Swatch, Coolhunting, Coca-Cola y Will-i-am, Barneys NY, etc<br \/>\n[\/vc_column_text][vc_column_text el_class=\u00bbhidden\u00bb]<a href=\"https:\/\/twitter.com\/XavierFerras\" target=\"_blank\" rel=\"noopener noreferrer\"><img decoding=\"async\" class=\"alignleft wp-image-66 size-full\" style=\"margin-right: 5px;\" src=\"https:\/\/indi.cat\/wp-content\/uploads\/twi-v.png\" alt=\"\" width=\"32\" height=\"37\" \/><\/a><a href=\"https:\/\/www.linkedin.com\/in\/xferras\/\" target=\"_blank\" rel=\"noopener noreferrer\"><img decoding=\"async\" class=\"alignleft wp-image-64 size-full\" style=\"margin-right: 5px;\" src=\"https:\/\/indi.cat\/wp-content\/uploads\/link-v.png\" alt=\"\" width=\"32\" height=\"37\" \/><\/a>[\/vc_column_text][\/vc_column][\/vc_row][vc_row type=\u00bbvc_default\u00bb full_width=\u00bbstretch_row_content_no_spaces\u00bb content_placement=\u00bbmiddle\u00bb css=\u00bb.vc_custom_1489394714797{margin-bottom: -70px !important;background-color: #000000 !important;}\u00bb][vc_column][vc_column_text css=\u00bb.vc_custom_1493106847678{margin-bottom: 5px !important;}\u00bb]<\/p>\n<div style=\"text-align: center; width: 100%;\"><a href=\"https:\/\/twitter.com\/INDI_viladecans\" target=\"_blank\" rel=\"noopener noreferrer\"><img decoding=\"async\" class=\"wp-image-65 size-full\" style=\"margin-right: 3px;\" src=\"https:\/\/indi.cat\/wp-content\/uploads\/twi-b.png\" alt=\"\" width=\"32\" height=\"37\" \/><\/a><a href=\"https:\/\/www.linkedin.com\/company-beta\/11070686\" target=\"_blank\" rel=\"noopener noreferrer\"><img decoding=\"async\" class=\"wp-image-63 size-full\" style=\"margin-right: 3px;\" src=\"https:\/\/indi.cat\/wp-content\/uploads\/link-b.png\" alt=\"\" width=\"32\" height=\"37\" \/><\/a><a href=\"https:\/\/www.youtube.com\/channel\/UCCZB7eGXiFeX1OEJ5z0Gykw\" target=\"_blank\" rel=\"noopener noreferrer\"><img decoding=\"async\" class=\"wp-image-68 size-full\" src=\"https:\/\/indi.cat\/wp-content\/uploads\/you-b-1.png\" alt=\"\" width=\"32\" height=\"37\" \/><\/a><\/div>\n<p>[\/vc_column_text][vc_column_text css=\u00bb.vc_custom_1489394798837{border-bottom-width: 15px !important;}\u00bb el_class=\u00bbblanc\u00bb]<\/p>\n<p style=\"text-align: center;\">#FENTLINDI<\/p>\n<p>[\/vc_column_text][\/vc_column][\/vc_row][vc_row][vc_column][vc_raw_html]JTNDc3R5bGUlM0UlMEEubWVudS1pdGVtLTI0NiUyMGElMjAubWVudS1pdGVtLXRleHQlMjAubWVudS10ZXh0JTIwJTdCJTBBJTIwJTIwJTIwJTIwY29sb3IlM0ElMjAlMjMwMGE4YjQlMjAlMjFpbXBvcnRhbnQlM0IlMEElN0QlMEElM0MlMkZzdHlsZSUzRQ==[\/vc_raw_html][\/vc_column][\/vc_row]<\/p>\n<\/div>","protected":false},"excerpt":{"rendered":"<p>[vc_row margin_top=\u00bb50px\u00bb margin_bottom=\u00bb40px\u00bb][vc_column width=\u00bb1\/4&#8243; css=\u00bb.vc_custom_1489653926973{margin-top: -20px !important;}\u00bb][vc_single_image image=\u00bb1977&#8243; img_size=\u00bbfull\u00bb alignment=\u00bbcenter\u00bb image_hovers=\u00bbfalse\u00bb][\/vc_column][vc_column width=\u00bb3\/4&#8243;][vc_column_text el_class=\u00bbtitu-negre\u00bb css=\u00bb.vc_custom_1582292863429{margin-bottom: 40px !important;}\u00bb]Javier Goyeneche[\/vc_column_text][vc_column_text]Nacido en Madrid, Javier estudi\u00f3 en Espa\u00f1a, Londres y Par\u00eds, y tambi\u00e9n particip\u00f3 en las principales competiciones ecuestres internacionales. Recibi\u00f3 su t\u00edtulo en Administraci\u00f3n de Empresas de la European Business School y continu\u00f3 con su trabajo de posgrado en&hellip;<\/p>\n","protected":false},"author":1,"featured_media":0,"parent":0,"menu_order":0,"comment_status":"closed","ping_status":"closed","template":"","meta":{"footnotes":""},"class_list":["post-2007","page","type-page","status-publish","hentry","description-off"],"yoast_head":"<!-- This site is optimized with the Yoast SEO plugin v27.2 - https:\/\/yoast.com\/product\/yoast-seo-wordpress\/ -->\n<title>Javier Goyeneche - IND+I 2025<\/title>\n<meta name=\"robots\" content=\"index, follow, max-snippet:-1, max-image-preview:large, max-video-preview:-1\" \/>\n<link rel=\"canonical\" href=\"https:\/\/indi.cat\/es\/2020-javier-goyeneche\/\" \/>\n<meta property=\"og:locale\" content=\"es_ES\" \/>\n<meta property=\"og:type\" content=\"article\" \/>\n<meta property=\"og:title\" content=\"Javier Goyeneche - IND+I 2025\" \/>\n<meta property=\"og:description\" content=\"[vc_row margin_top=\u00bb50px\u00bb margin_bottom=\u00bb40px\u00bb][vc_column width=\u00bb1\/4&#8243; css=\u00bb.vc_custom_1489653926973{margin-top: -20px !important;}\u00bb][vc_single_image image=\u00bb1977&#8243; img_size=\u00bbfull\u00bb alignment=\u00bbcenter\u00bb image_hovers=\u00bbfalse\u00bb][\/vc_column][vc_column width=\u00bb3\/4&#8243;][vc_column_text el_class=\u00bbtitu-negre\u00bb css=\u00bb.vc_custom_1582292863429{margin-bottom: 40px !important;}\u00bb]Javier Goyeneche[\/vc_column_text][vc_column_text]Nacido en Madrid, Javier estudi\u00f3 en Espa\u00f1a, Londres y Par\u00eds, y tambi\u00e9n particip\u00f3 en las principales competiciones ecuestres internacionales. Recibi\u00f3 su t\u00edtulo en Administraci\u00f3n de Empresas de la European Business School y continu\u00f3 con su trabajo de posgrado en&hellip;\" \/>\n<meta property=\"og:url\" content=\"https:\/\/indi.cat\/es\/2020-javier-goyeneche\/\" \/>\n<meta property=\"og:site_name\" content=\"IND+I 2025\" \/>\n<meta property=\"og:image\" content=\"https:\/\/indi.cat\/wp-content\/uploads\/twi-v.png\" \/>\n<meta name=\"twitter:card\" content=\"summary_large_image\" \/>\n<meta name=\"twitter:site\" content=\"@INDI_viladecans\" \/>\n<script type=\"application\/ld+json\" class=\"yoast-schema-graph\">{\"@context\":\"https:\/\/schema.org\",\"@graph\":[{\"@type\":\"WebPage\",\"@id\":\"https:\/\/indi.cat\/es\/2020-javier-goyeneche\/\",\"url\":\"https:\/\/indi.cat\/es\/2020-javier-goyeneche\/\",\"name\":\"Javier Goyeneche - IND+I 2025\",\"isPartOf\":{\"@id\":\"https:\/\/indi.cat\/#website\"},\"primaryImageOfPage\":{\"@id\":\"https:\/\/indi.cat\/es\/2020-javier-goyeneche\/#primaryimage\"},\"image\":{\"@id\":\"https:\/\/indi.cat\/es\/2020-javier-goyeneche\/#primaryimage\"},\"thumbnailUrl\":\"https:\/\/indi.cat\/wp-content\/uploads\/twi-v.png\",\"datePublished\":\"2020-02-21T13:48:03+00:00\",\"breadcrumb\":{\"@id\":\"https:\/\/indi.cat\/es\/2020-javier-goyeneche\/#breadcrumb\"},\"inLanguage\":\"es\",\"potentialAction\":[{\"@type\":\"ReadAction\",\"target\":[\"https:\/\/indi.cat\/es\/2020-javier-goyeneche\/\"]}]},{\"@type\":\"ImageObject\",\"inLanguage\":\"es\",\"@id\":\"https:\/\/indi.cat\/es\/2020-javier-goyeneche\/#primaryimage\",\"url\":\"https:\/\/indi.cat\/wp-content\/uploads\/twi-v.png\",\"contentUrl\":\"https:\/\/indi.cat\/wp-content\/uploads\/twi-v.png\"},{\"@type\":\"BreadcrumbList\",\"@id\":\"https:\/\/indi.cat\/es\/2020-javier-goyeneche\/#breadcrumb\",\"itemListElement\":[{\"@type\":\"ListItem\",\"position\":1,\"name\":\"Home\",\"item\":\"https:\/\/indi.cat\/es\/\"},{\"@type\":\"ListItem\",\"position\":2,\"name\":\"Javier Goyeneche\"}]},{\"@type\":\"WebSite\",\"@id\":\"https:\/\/indi.cat\/#website\",\"url\":\"https:\/\/indi.cat\/\",\"name\":\"IND+I 2025\",\"description\":\"Viladecans\",\"potentialAction\":[{\"@type\":\"SearchAction\",\"target\":{\"@type\":\"EntryPoint\",\"urlTemplate\":\"https:\/\/indi.cat\/?s={search_term_string}\"},\"query-input\":{\"@type\":\"PropertyValueSpecification\",\"valueRequired\":true,\"valueName\":\"search_term_string\"}}],\"inLanguage\":\"es\"}]}<\/script>\n<!-- \/ Yoast SEO plugin. -->","yoast_head_json":{"title":"Javier Goyeneche - IND+I 2025","robots":{"index":"index","follow":"follow","max-snippet":"max-snippet:-1","max-image-preview":"max-image-preview:large","max-video-preview":"max-video-preview:-1"},"canonical":"https:\/\/indi.cat\/es\/2020-javier-goyeneche\/","og_locale":"es_ES","og_type":"article","og_title":"Javier Goyeneche - IND+I 2025","og_description":"[vc_row margin_top=\u00bb50px\u00bb margin_bottom=\u00bb40px\u00bb][vc_column width=\u00bb1\/4&#8243; css=\u00bb.vc_custom_1489653926973{margin-top: -20px !important;}\u00bb][vc_single_image image=\u00bb1977&#8243; img_size=\u00bbfull\u00bb alignment=\u00bbcenter\u00bb image_hovers=\u00bbfalse\u00bb][\/vc_column][vc_column width=\u00bb3\/4&#8243;][vc_column_text el_class=\u00bbtitu-negre\u00bb css=\u00bb.vc_custom_1582292863429{margin-bottom: 40px !important;}\u00bb]Javier Goyeneche[\/vc_column_text][vc_column_text]Nacido en Madrid, Javier estudi\u00f3 en Espa\u00f1a, Londres y Par\u00eds, y tambi\u00e9n particip\u00f3 en las principales competiciones ecuestres internacionales. Recibi\u00f3 su t\u00edtulo en Administraci\u00f3n de Empresas de la European Business School y continu\u00f3 con su trabajo de posgrado en&hellip;","og_url":"https:\/\/indi.cat\/es\/2020-javier-goyeneche\/","og_site_name":"IND+I 2025","og_image":[{"url":"https:\/\/indi.cat\/wp-content\/uploads\/twi-v.png","type":"","width":"","height":""}],"twitter_card":"summary_large_image","twitter_site":"@INDI_viladecans","schema":{"@context":"https:\/\/schema.org","@graph":[{"@type":"WebPage","@id":"https:\/\/indi.cat\/es\/2020-javier-goyeneche\/","url":"https:\/\/indi.cat\/es\/2020-javier-goyeneche\/","name":"Javier Goyeneche - IND+I 2025","isPartOf":{"@id":"https:\/\/indi.cat\/#website"},"primaryImageOfPage":{"@id":"https:\/\/indi.cat\/es\/2020-javier-goyeneche\/#primaryimage"},"image":{"@id":"https:\/\/indi.cat\/es\/2020-javier-goyeneche\/#primaryimage"},"thumbnailUrl":"https:\/\/indi.cat\/wp-content\/uploads\/twi-v.png","datePublished":"2020-02-21T13:48:03+00:00","breadcrumb":{"@id":"https:\/\/indi.cat\/es\/2020-javier-goyeneche\/#breadcrumb"},"inLanguage":"es","potentialAction":[{"@type":"ReadAction","target":["https:\/\/indi.cat\/es\/2020-javier-goyeneche\/"]}]},{"@type":"ImageObject","inLanguage":"es","@id":"https:\/\/indi.cat\/es\/2020-javier-goyeneche\/#primaryimage","url":"https:\/\/indi.cat\/wp-content\/uploads\/twi-v.png","contentUrl":"https:\/\/indi.cat\/wp-content\/uploads\/twi-v.png"},{"@type":"BreadcrumbList","@id":"https:\/\/indi.cat\/es\/2020-javier-goyeneche\/#breadcrumb","itemListElement":[{"@type":"ListItem","position":1,"name":"Home","item":"https:\/\/indi.cat\/es\/"},{"@type":"ListItem","position":2,"name":"Javier Goyeneche"}]},{"@type":"WebSite","@id":"https:\/\/indi.cat\/#website","url":"https:\/\/indi.cat\/","name":"IND+I 2025","description":"Viladecans","potentialAction":[{"@type":"SearchAction","target":{"@type":"EntryPoint","urlTemplate":"https:\/\/indi.cat\/?s={search_term_string}"},"query-input":{"@type":"PropertyValueSpecification","valueRequired":true,"valueName":"search_term_string"}}],"inLanguage":"es"}]}},"_links":{"self":[{"href":"https:\/\/indi.cat\/es\/wp-json\/wp\/v2\/pages\/2007","targetHints":{"allow":["GET"]}}],"collection":[{"href":"https:\/\/indi.cat\/es\/wp-json\/wp\/v2\/pages"}],"about":[{"href":"https:\/\/indi.cat\/es\/wp-json\/wp\/v2\/types\/page"}],"author":[{"embeddable":true,"href":"https:\/\/indi.cat\/es\/wp-json\/wp\/v2\/users\/1"}],"replies":[{"embeddable":true,"href":"https:\/\/indi.cat\/es\/wp-json\/wp\/v2\/comments?post=2007"}],"version-history":[{"count":0,"href":"https:\/\/indi.cat\/es\/wp-json\/wp\/v2\/pages\/2007\/revisions"}],"wp:attachment":[{"href":"https:\/\/indi.cat\/es\/wp-json\/wp\/v2\/media?parent=2007"}],"curies":[{"name":"wp","href":"https:\/\/api.w.org\/{rel}","templated":true}]}}