{"id":1821,"date":"2019-03-13T17:22:21","date_gmt":"2019-03-13T17:22:21","guid":{"rendered":"http:\/\/indi.cat\/?page_id=1821"},"modified":"2019-03-13T17:22:21","modified_gmt":"2019-03-13T17:22:21","slug":"2019-larry-levene","status":"publish","type":"page","link":"https:\/\/indi.cat\/es\/2019-larry-levene\/","title":{"rendered":"Larry Levene"},"content":{"rendered":"<div class=\"wpb-content-wrapper\"><p>[vc_row margin_top=\u00bb50px\u00bb margin_bottom=\u00bb40px\u00bb][vc_column width=\u00bb1\/4&#8243; css=\u00bb.vc_custom_1489653926973{margin-top: -20px !important;}\u00bb][vc_single_image image=\u00bb1832&#8243; img_size=\u00bbfull\u00bb alignment=\u00bbcenter\u00bb image_hovers=\u00bbfalse\u00bb][\/vc_column][vc_column width=\u00bb3\/4&#8243;][vc_column_text el_class=\u00bbtitu-negre\u00bb css=\u00bb.vc_custom_1552496690041{margin-bottom: 40px !important;}\u00bb]Larry Levene[\/vc_column_text][vc_column_text]Abogado de profesi\u00f3n dedicado a la consultor\u00eda y gesti\u00f3n de empresas, decide trabajar en el mundo cultural editando la revista de los a\u00f1os 80 <i>Luna de Madrid<\/i>. Aqu\u00ed comienza su trayectoria cultural, que le lleva, hace m\u00e1s de 20 a\u00f1os atr\u00e1s, a producir, dirigir y escribir los guiones de documentales desde su propia empresa, Es.Docu.<\/p>\n<p>India, Espa\u00f1a y China son los territorios en los que se sit\u00faan sus documentales y, ahora, sus pel\u00edculas. En 2011, dirigida por Ic\u00edar Bolla\u00edn, produc\u00eda su primer largometraje: <i>Kathmandu Lullaby<\/i>.<\/p>\n<p>Es el presidente de la Asociaci\u00f3n Espa\u00f1ola de Productoras de Documentales y actualmente est\u00e1 en plena coproducci\u00f3n de tres pel\u00edculas con China, incluso una comedia para el mercado chino que se llamar\u00e1 <i>Amor en Espa\u00f1a<\/i>.[\/vc_column_text][vc_column_text el_class=\u00bbhidden\u00bb]<a href=\"https:\/\/twitter.com\/XavierFerras\" target=\"_blank\" rel=\"noopener noreferrer\"><img decoding=\"async\" class=\"alignleft wp-image-66 size-full\" style=\"margin-right: 5px;\" src=\"https:\/\/indi.cat\/wp-content\/uploads\/twi-v.png\" alt=\"\" width=\"32\" height=\"37\" \/><\/a><a href=\"https:\/\/www.linkedin.com\/in\/xferras\/\" target=\"_blank\" rel=\"noopener noreferrer\"><img decoding=\"async\" class=\"alignleft wp-image-64 size-full\" style=\"margin-right: 5px;\" src=\"https:\/\/indi.cat\/wp-content\/uploads\/link-v.png\" alt=\"\" width=\"32\" height=\"37\" \/><\/a>[\/vc_column_text][\/vc_column][\/vc_row][vc_row type=\u00bbvc_default\u00bb full_width=\u00bbstretch_row_content_no_spaces\u00bb content_placement=\u00bbmiddle\u00bb css=\u00bb.vc_custom_1489394714797{margin-bottom: -70px !important;background-color: #000000 !important;}\u00bb][vc_column][vc_column_text css=\u00bb.vc_custom_1493106847678{margin-bottom: 5px !important;}\u00bb]<\/p>\n<div style=\"text-align: center; width: 100%;\"><a href=\"https:\/\/twitter.com\/INDI_viladecans\" target=\"_blank\" rel=\"noopener noreferrer\"><img decoding=\"async\" class=\"wp-image-65 size-full\" style=\"margin-right: 3px;\" src=\"https:\/\/indi.cat\/wp-content\/uploads\/twi-b.png\" alt=\"\" width=\"32\" height=\"37\" \/><\/a><a href=\"https:\/\/www.linkedin.com\/company-beta\/11070686\" target=\"_blank\" rel=\"noopener noreferrer\"><img decoding=\"async\" class=\"wp-image-63 size-full\" style=\"margin-right: 3px;\" src=\"https:\/\/indi.cat\/wp-content\/uploads\/link-b.png\" alt=\"\" width=\"32\" height=\"37\" \/><\/a><a href=\"https:\/\/www.youtube.com\/channel\/UCCZB7eGXiFeX1OEJ5z0Gykw\" target=\"_blank\" rel=\"noopener noreferrer\"><img decoding=\"async\" class=\"wp-image-68 size-full\" src=\"https:\/\/indi.cat\/wp-content\/uploads\/you-b-1.png\" alt=\"\" width=\"32\" height=\"37\" \/><\/a><\/div>\n<p>[\/vc_column_text][vc_column_text css=\u00bb.vc_custom_1489394798837{border-bottom-width: 15px !important;}\u00bb el_class=\u00bbblanc\u00bb]<\/p>\n<p style=\"text-align: center;\">#FENTLINDI<\/p>\n<p>[\/vc_column_text][\/vc_column][\/vc_row][vc_row][vc_column][vc_raw_html]PHN0eWxlPg0KLm1lbnUtaXRlbS0yNDYgYSAubWVudS1pdGVtLXRleHQgLm1lbnUtdGV4dCB7PGJyIC8+DQogICAgY29sb3I6ICMwMGE4YjQgIWltcG9ydGFudDs8YnIgLz4NCn08YnIgLz4NCjwvc3R5bGU+[\/vc_raw_html][\/vc_column][\/vc_row]<\/p>\n<\/div>","protected":false},"excerpt":{"rendered":"<p>[vc_row margin_top=\u00bb50px\u00bb margin_bottom=\u00bb40px\u00bb][vc_column width=\u00bb1\/4&#8243; css=\u00bb.vc_custom_1489653926973{margin-top: -20px !important;}\u00bb][vc_single_image image=\u00bb1832&#8243; img_size=\u00bbfull\u00bb alignment=\u00bbcenter\u00bb image_hovers=\u00bbfalse\u00bb][\/vc_column][vc_column width=\u00bb3\/4&#8243;][vc_column_text el_class=\u00bbtitu-negre\u00bb css=\u00bb.vc_custom_1552496690041{margin-bottom: 40px !important;}\u00bb]Larry Levene[\/vc_column_text][vc_column_text]Abogado de profesi\u00f3n dedicado a la consultor\u00eda y gesti\u00f3n de empresas, decide trabajar en el mundo cultural editando la revista de los a\u00f1os 80 Luna de Madrid. Aqu\u00ed comienza su trayectoria cultural, que le lleva, hace m\u00e1s de 20&hellip;<\/p>\n","protected":false},"author":1,"featured_media":0,"parent":0,"menu_order":0,"comment_status":"closed","ping_status":"closed","template":"","meta":{"footnotes":""},"class_list":["post-1821","page","type-page","status-publish","hentry","description-off"],"yoast_head":"<!-- This site is optimized with the Yoast SEO plugin v27.5 - https:\/\/yoast.com\/product\/yoast-seo-wordpress\/ -->\n<title>Larry Levene - IND+I 2025<\/title>\n<meta name=\"robots\" content=\"index, follow, max-snippet:-1, max-image-preview:large, max-video-preview:-1\" \/>\n<link rel=\"canonical\" href=\"https:\/\/indi.cat\/es\/2019-larry-levene\/\" \/>\n<meta property=\"og:locale\" content=\"es_ES\" \/>\n<meta property=\"og:type\" content=\"article\" \/>\n<meta property=\"og:title\" content=\"Larry Levene - IND+I 2025\" \/>\n<meta property=\"og:description\" content=\"[vc_row margin_top=\u00bb50px\u00bb margin_bottom=\u00bb40px\u00bb][vc_column width=\u00bb1\/4&#8243; css=\u00bb.vc_custom_1489653926973{margin-top: -20px !important;}\u00bb][vc_single_image image=\u00bb1832&#8243; img_size=\u00bbfull\u00bb alignment=\u00bbcenter\u00bb image_hovers=\u00bbfalse\u00bb][\/vc_column][vc_column width=\u00bb3\/4&#8243;][vc_column_text el_class=\u00bbtitu-negre\u00bb css=\u00bb.vc_custom_1552496690041{margin-bottom: 40px !important;}\u00bb]Larry Levene[\/vc_column_text][vc_column_text]Abogado de profesi\u00f3n dedicado a la consultor\u00eda y gesti\u00f3n de empresas, decide trabajar en el mundo cultural editando la revista de los a\u00f1os 80 Luna de Madrid. Aqu\u00ed comienza su trayectoria cultural, que le lleva, hace m\u00e1s de 20&hellip;\" \/>\n<meta property=\"og:url\" content=\"https:\/\/indi.cat\/es\/2019-larry-levene\/\" \/>\n<meta property=\"og:site_name\" content=\"IND+I 2025\" \/>\n<meta property=\"og:image\" content=\"https:\/\/indi.cat\/wp-content\/uploads\/twi-v.png\" \/>\n<meta name=\"twitter:card\" content=\"summary_large_image\" \/>\n<meta name=\"twitter:site\" content=\"@INDI_viladecans\" \/>\n<script type=\"application\/ld+json\" class=\"yoast-schema-graph\">{\"@context\":\"https:\\\/\\\/schema.org\",\"@graph\":[{\"@type\":\"WebPage\",\"@id\":\"https:\\\/\\\/indi.cat\\\/es\\\/2019-larry-levene\\\/\",\"url\":\"https:\\\/\\\/indi.cat\\\/es\\\/2019-larry-levene\\\/\",\"name\":\"Larry Levene - IND+I 2025\",\"isPartOf\":{\"@id\":\"https:\\\/\\\/indi.cat\\\/#website\"},\"primaryImageOfPage\":{\"@id\":\"https:\\\/\\\/indi.cat\\\/es\\\/2019-larry-levene\\\/#primaryimage\"},\"image\":{\"@id\":\"https:\\\/\\\/indi.cat\\\/es\\\/2019-larry-levene\\\/#primaryimage\"},\"thumbnailUrl\":\"https:\\\/\\\/indi.cat\\\/wp-content\\\/uploads\\\/twi-v.png\",\"datePublished\":\"2019-03-13T17:22:21+00:00\",\"breadcrumb\":{\"@id\":\"https:\\\/\\\/indi.cat\\\/es\\\/2019-larry-levene\\\/#breadcrumb\"},\"inLanguage\":\"es\",\"potentialAction\":[{\"@type\":\"ReadAction\",\"target\":[\"https:\\\/\\\/indi.cat\\\/es\\\/2019-larry-levene\\\/\"]}]},{\"@type\":\"ImageObject\",\"inLanguage\":\"es\",\"@id\":\"https:\\\/\\\/indi.cat\\\/es\\\/2019-larry-levene\\\/#primaryimage\",\"url\":\"https:\\\/\\\/indi.cat\\\/wp-content\\\/uploads\\\/twi-v.png\",\"contentUrl\":\"https:\\\/\\\/indi.cat\\\/wp-content\\\/uploads\\\/twi-v.png\"},{\"@type\":\"BreadcrumbList\",\"@id\":\"https:\\\/\\\/indi.cat\\\/es\\\/2019-larry-levene\\\/#breadcrumb\",\"itemListElement\":[{\"@type\":\"ListItem\",\"position\":1,\"name\":\"Home\",\"item\":\"https:\\\/\\\/indi.cat\\\/es\\\/\"},{\"@type\":\"ListItem\",\"position\":2,\"name\":\"Larry Levene\"}]},{\"@type\":\"WebSite\",\"@id\":\"https:\\\/\\\/indi.cat\\\/#website\",\"url\":\"https:\\\/\\\/indi.cat\\\/\",\"name\":\"IND+I 2025\",\"description\":\"Viladecans\",\"potentialAction\":[{\"@type\":\"SearchAction\",\"target\":{\"@type\":\"EntryPoint\",\"urlTemplate\":\"https:\\\/\\\/indi.cat\\\/?s={search_term_string}\"},\"query-input\":{\"@type\":\"PropertyValueSpecification\",\"valueRequired\":true,\"valueName\":\"search_term_string\"}}],\"inLanguage\":\"es\"}]}<\/script>\n<!-- \/ Yoast SEO plugin. -->","yoast_head_json":{"title":"Larry Levene - IND+I 2025","robots":{"index":"index","follow":"follow","max-snippet":"max-snippet:-1","max-image-preview":"max-image-preview:large","max-video-preview":"max-video-preview:-1"},"canonical":"https:\/\/indi.cat\/es\/2019-larry-levene\/","og_locale":"es_ES","og_type":"article","og_title":"Larry Levene - IND+I 2025","og_description":"[vc_row margin_top=\u00bb50px\u00bb margin_bottom=\u00bb40px\u00bb][vc_column width=\u00bb1\/4&#8243; css=\u00bb.vc_custom_1489653926973{margin-top: -20px !important;}\u00bb][vc_single_image image=\u00bb1832&#8243; img_size=\u00bbfull\u00bb alignment=\u00bbcenter\u00bb image_hovers=\u00bbfalse\u00bb][\/vc_column][vc_column width=\u00bb3\/4&#8243;][vc_column_text el_class=\u00bbtitu-negre\u00bb css=\u00bb.vc_custom_1552496690041{margin-bottom: 40px !important;}\u00bb]Larry Levene[\/vc_column_text][vc_column_text]Abogado de profesi\u00f3n dedicado a la consultor\u00eda y gesti\u00f3n de empresas, decide trabajar en el mundo cultural editando la revista de los a\u00f1os 80 Luna de Madrid. Aqu\u00ed comienza su trayectoria cultural, que le lleva, hace m\u00e1s de 20&hellip;","og_url":"https:\/\/indi.cat\/es\/2019-larry-levene\/","og_site_name":"IND+I 2025","og_image":[{"url":"https:\/\/indi.cat\/wp-content\/uploads\/twi-v.png","type":"","width":"","height":""}],"twitter_card":"summary_large_image","twitter_site":"@INDI_viladecans","schema":{"@context":"https:\/\/schema.org","@graph":[{"@type":"WebPage","@id":"https:\/\/indi.cat\/es\/2019-larry-levene\/","url":"https:\/\/indi.cat\/es\/2019-larry-levene\/","name":"Larry Levene - IND+I 2025","isPartOf":{"@id":"https:\/\/indi.cat\/#website"},"primaryImageOfPage":{"@id":"https:\/\/indi.cat\/es\/2019-larry-levene\/#primaryimage"},"image":{"@id":"https:\/\/indi.cat\/es\/2019-larry-levene\/#primaryimage"},"thumbnailUrl":"https:\/\/indi.cat\/wp-content\/uploads\/twi-v.png","datePublished":"2019-03-13T17:22:21+00:00","breadcrumb":{"@id":"https:\/\/indi.cat\/es\/2019-larry-levene\/#breadcrumb"},"inLanguage":"es","potentialAction":[{"@type":"ReadAction","target":["https:\/\/indi.cat\/es\/2019-larry-levene\/"]}]},{"@type":"ImageObject","inLanguage":"es","@id":"https:\/\/indi.cat\/es\/2019-larry-levene\/#primaryimage","url":"https:\/\/indi.cat\/wp-content\/uploads\/twi-v.png","contentUrl":"https:\/\/indi.cat\/wp-content\/uploads\/twi-v.png"},{"@type":"BreadcrumbList","@id":"https:\/\/indi.cat\/es\/2019-larry-levene\/#breadcrumb","itemListElement":[{"@type":"ListItem","position":1,"name":"Home","item":"https:\/\/indi.cat\/es\/"},{"@type":"ListItem","position":2,"name":"Larry Levene"}]},{"@type":"WebSite","@id":"https:\/\/indi.cat\/#website","url":"https:\/\/indi.cat\/","name":"IND+I 2025","description":"Viladecans","potentialAction":[{"@type":"SearchAction","target":{"@type":"EntryPoint","urlTemplate":"https:\/\/indi.cat\/?s={search_term_string}"},"query-input":{"@type":"PropertyValueSpecification","valueRequired":true,"valueName":"search_term_string"}}],"inLanguage":"es"}]}},"_links":{"self":[{"href":"https:\/\/indi.cat\/es\/wp-json\/wp\/v2\/pages\/1821","targetHints":{"allow":["GET"]}}],"collection":[{"href":"https:\/\/indi.cat\/es\/wp-json\/wp\/v2\/pages"}],"about":[{"href":"https:\/\/indi.cat\/es\/wp-json\/wp\/v2\/types\/page"}],"author":[{"embeddable":true,"href":"https:\/\/indi.cat\/es\/wp-json\/wp\/v2\/users\/1"}],"replies":[{"embeddable":true,"href":"https:\/\/indi.cat\/es\/wp-json\/wp\/v2\/comments?post=1821"}],"version-history":[{"count":0,"href":"https:\/\/indi.cat\/es\/wp-json\/wp\/v2\/pages\/1821\/revisions"}],"wp:attachment":[{"href":"https:\/\/indi.cat\/es\/wp-json\/wp\/v2\/media?parent=1821"}],"curies":[{"name":"wp","href":"https:\/\/api.w.org\/{rel}","templated":true}]}}