{"id":1203,"date":"2018-04-06T16:15:16","date_gmt":"2018-04-06T16:15:16","guid":{"rendered":"http:\/\/indi.cviladecans.cat\/pedro-mier\/"},"modified":"2018-04-27T05:34:48","modified_gmt":"2018-04-27T05:34:48","slug":"pedro-mier","status":"publish","type":"page","link":"https:\/\/indi.cat\/es\/pedro-mier\/","title":{"rendered":"Pedro Mier"},"content":{"rendered":"<div class=\"wpb-content-wrapper\"><p>[vc_row margin_top=\u00bb50px\u00bb margin_bottom=\u00bb40px\u00bb][vc_column width=\u00bb1\/4&#8243; css=\u00bb.vc_custom_1489653926973{margin-top: -20px !important;}\u00bb][vc_single_image image=\u00bb1150&#8243; img_size=\u00bbfull\u00bb alignment=\u00bbcenter\u00bb image_hovers=\u00bbfalse\u00bb][\/vc_column][vc_column width=\u00bb3\/4&#8243;][vc_column_text el_class=\u00bbtitu-negre\u00bb css=\u00bb.vc_custom_1523033969637{margin-bottom: 40px !important;}\u00bb]Pedro Mier[\/vc_column_text][vc_column_text]Nacido en Figueres, es ingeniero superior de Telecomunicaci\u00f3n por la Universidad Polit\u00e9cnica de Catalunya, MBA por ESADE y PADE por IESE, presidente de AMETIC, presidente del \u00c1rea de Ind\u00fastria Electr\u00f3nica y presidente del consejo de la entidad en Catalunya. Tambi\u00e9n es miembro del Comit\u00e9 Cient\u00edfico Asesor del CTTC (Centro Tecnol\u00f3gico de Telecomunicaciones de Catalunya). Ha desarrollado una intensa actividad en el \u00e1mbito asociativo y en defensa de la industria tecnol\u00f3gica espa\u00f1ola. Ha sido fundador y presidente de ProEspacio (Asociaci\u00f3n de Empresas Espa\u00f1olas del Sector Espacial) y de AENTEC (Asociaci\u00f3n Espa\u00f1ola de Nuevas Tecnolog\u00edas), y miembro del Junta Directiva de la patronal catalana Foment del Treball. En el a\u00f1o 1987 fund\u00f3 Mier Comunicacions, SA, integrada en el grupo TRYO Aerospace despu\u00e9s de su exitosa trayectoria.[\/vc_column_text][vc_column_text]<a href=\"https:\/\/www.linkedin.com\/in\/pedro-mier-42208389\" target=\"_blank\" rel=\"noopener noreferrer\"><img decoding=\"async\" class=\"alignleft wp-image-64 size-full\" style=\"margin-right: 5px;\" src=\"https:\/\/indi.cat\/wp-content\/uploads\/link-v.png\" alt=\"\" width=\"32\" height=\"37\" \/><\/a>[\/vc_column_text][\/vc_column][\/vc_row][vc_row type=\u00bbvc_default\u00bb full_width=\u00bbstretch_row_content_no_spaces\u00bb content_placement=\u00bbmiddle\u00bb css=\u00bb.vc_custom_1489394714797{margin-bottom: -70px !important;background-color: #000000 !important;}\u00bb][vc_column][vc_column_text css=\u00bb.vc_custom_1493106885006{margin-bottom: 5px !important;}\u00bb]<\/p>\n<div style=\"text-align: center; width: 100%;\"><a href=\"https:\/\/twitter.com\/INDI_viladecans\" target=\"_blank\" rel=\"noopener noreferrer\"><img decoding=\"async\" class=\"wp-image-65 size-full\" style=\"margin-right: 3px;\" src=\"https:\/\/indi.cat\/wp-content\/uploads\/twi-b.png\" alt=\"\" width=\"32\" height=\"37\" \/><\/a><a href=\"https:\/\/www.linkedin.com\/company-beta\/11070686\" target=\"_blank\" rel=\"noopener noreferrer\"><img decoding=\"async\" class=\"wp-image-63 size-full\" style=\"margin-right: 3px;\" src=\"https:\/\/indi.cat\/wp-content\/uploads\/link-b.png\" alt=\"\" width=\"32\" height=\"37\" \/><\/a><a href=\"https:\/\/www.youtube.com\/channel\/UCCZB7eGXiFeX1OEJ5z0Gykw\" target=\"_blank\" rel=\"noopener noreferrer\"><img decoding=\"async\" class=\"wp-image-68 size-full\" src=\"https:\/\/indi.cat\/wp-content\/uploads\/you-b-1.png\" alt=\"\" width=\"32\" height=\"37\" \/><\/a><\/div>\n<p>[\/vc_column_text][vc_column_text css=\u00bb.vc_custom_1489394798837{border-bottom-width: 15px !important;}\u00bb el_class=\u00bbblanc\u00bb]<\/p>\n<p style=\"text-align: center;\">#FENTLINDI<\/p>\n<p>[\/vc_column_text][\/vc_column][\/vc_row][vc_row][vc_column][vc_raw_html]JTNDc3R5bGUlM0UlMEEubWVudS1pdGVtLTI0NiUyMGElMjAubWVudS1pdGVtLXRleHQlMjAubWVudS10ZXh0JTIwJTdCJTBBJTIwJTIwJTIwJTIwY29sb3IlM0ElMjAlMjMwMGE4YjQlMjAlMjFpbXBvcnRhbnQlM0IlMEElN0QlMEElM0MlMkZzdHlsZSUzRQ==[\/vc_raw_html][\/vc_column][\/vc_row]<\/p>\n<\/div>","protected":false},"excerpt":{"rendered":"<p>[vc_row margin_top=\u00bb50px\u00bb margin_bottom=\u00bb40px\u00bb][vc_column width=\u00bb1\/4&#8243; css=\u00bb.vc_custom_1489653926973{margin-top: -20px !important;}\u00bb][vc_single_image image=\u00bb1150&#8243; img_size=\u00bbfull\u00bb alignment=\u00bbcenter\u00bb image_hovers=\u00bbfalse\u00bb][\/vc_column][vc_column width=\u00bb3\/4&#8243;][vc_column_text el_class=\u00bbtitu-negre\u00bb css=\u00bb.vc_custom_1523033969637{margin-bottom: 40px !important;}\u00bb]Pedro Mier[\/vc_column_text][vc_column_text]Nacido en Figueres, es ingeniero superior de Telecomunicaci\u00f3n por la Universidad Polit\u00e9cnica de Catalunya, MBA por ESADE y PADE por IESE, presidente de AMETIC, presidente del \u00c1rea de Ind\u00fastria Electr\u00f3nica y presidente del consejo de la entidad en Catalunya.&hellip;<\/p>\n","protected":false},"author":1,"featured_media":0,"parent":0,"menu_order":0,"comment_status":"closed","ping_status":"closed","template":"","meta":{"footnotes":""},"class_list":["post-1203","page","type-page","status-publish","hentry","description-off"],"yoast_head":"<!-- This site is optimized with the Yoast SEO plugin v27.2 - https:\/\/yoast.com\/product\/yoast-seo-wordpress\/ -->\n<title>Pedro Mier - IND+I 2025<\/title>\n<meta name=\"robots\" content=\"index, follow, max-snippet:-1, max-image-preview:large, max-video-preview:-1\" \/>\n<link rel=\"canonical\" href=\"https:\/\/indi.cat\/es\/pedro-mier\/\" \/>\n<meta property=\"og:locale\" content=\"es_ES\" \/>\n<meta property=\"og:type\" content=\"article\" \/>\n<meta property=\"og:title\" content=\"Pedro Mier - IND+I 2025\" \/>\n<meta property=\"og:description\" content=\"[vc_row margin_top=\u00bb50px\u00bb margin_bottom=\u00bb40px\u00bb][vc_column width=\u00bb1\/4&#8243; css=\u00bb.vc_custom_1489653926973{margin-top: -20px !important;}\u00bb][vc_single_image image=\u00bb1150&#8243; img_size=\u00bbfull\u00bb alignment=\u00bbcenter\u00bb image_hovers=\u00bbfalse\u00bb][\/vc_column][vc_column width=\u00bb3\/4&#8243;][vc_column_text el_class=\u00bbtitu-negre\u00bb css=\u00bb.vc_custom_1523033969637{margin-bottom: 40px !important;}\u00bb]Pedro Mier[\/vc_column_text][vc_column_text]Nacido en Figueres, es ingeniero superior de Telecomunicaci\u00f3n por la Universidad Polit\u00e9cnica de Catalunya, MBA por ESADE y PADE por IESE, presidente de AMETIC, presidente del \u00c1rea de Ind\u00fastria Electr\u00f3nica y presidente del consejo de la entidad en Catalunya.&hellip;\" \/>\n<meta property=\"og:url\" content=\"https:\/\/indi.cat\/es\/pedro-mier\/\" \/>\n<meta property=\"og:site_name\" content=\"IND+I 2025\" \/>\n<meta property=\"article:modified_time\" content=\"2018-04-27T05:34:48+00:00\" \/>\n<meta property=\"og:image\" content=\"https:\/\/indi.cat\/wp-content\/uploads\/link-v.png\" \/>\n<meta name=\"twitter:card\" content=\"summary_large_image\" \/>\n<meta name=\"twitter:site\" content=\"@INDI_viladecans\" \/>\n<script type=\"application\/ld+json\" class=\"yoast-schema-graph\">{\"@context\":\"https:\/\/schema.org\",\"@graph\":[{\"@type\":\"WebPage\",\"@id\":\"https:\/\/indi.cat\/es\/pedro-mier\/\",\"url\":\"https:\/\/indi.cat\/es\/pedro-mier\/\",\"name\":\"Pedro Mier - IND+I 2025\",\"isPartOf\":{\"@id\":\"https:\/\/indi.cat\/#website\"},\"primaryImageOfPage\":{\"@id\":\"https:\/\/indi.cat\/es\/pedro-mier\/#primaryimage\"},\"image\":{\"@id\":\"https:\/\/indi.cat\/es\/pedro-mier\/#primaryimage\"},\"thumbnailUrl\":\"https:\/\/indi.cat\/wp-content\/uploads\/link-v.png\",\"datePublished\":\"2018-04-06T16:15:16+00:00\",\"dateModified\":\"2018-04-27T05:34:48+00:00\",\"breadcrumb\":{\"@id\":\"https:\/\/indi.cat\/es\/pedro-mier\/#breadcrumb\"},\"inLanguage\":\"es\",\"potentialAction\":[{\"@type\":\"ReadAction\",\"target\":[\"https:\/\/indi.cat\/es\/pedro-mier\/\"]}]},{\"@type\":\"ImageObject\",\"inLanguage\":\"es\",\"@id\":\"https:\/\/indi.cat\/es\/pedro-mier\/#primaryimage\",\"url\":\"https:\/\/indi.cat\/wp-content\/uploads\/link-v.png\",\"contentUrl\":\"https:\/\/indi.cat\/wp-content\/uploads\/link-v.png\"},{\"@type\":\"BreadcrumbList\",\"@id\":\"https:\/\/indi.cat\/es\/pedro-mier\/#breadcrumb\",\"itemListElement\":[{\"@type\":\"ListItem\",\"position\":1,\"name\":\"Home\",\"item\":\"https:\/\/indi.cat\/es\/\"},{\"@type\":\"ListItem\",\"position\":2,\"name\":\"Pedro Mier\"}]},{\"@type\":\"WebSite\",\"@id\":\"https:\/\/indi.cat\/#website\",\"url\":\"https:\/\/indi.cat\/\",\"name\":\"IND+I 2025\",\"description\":\"Viladecans\",\"potentialAction\":[{\"@type\":\"SearchAction\",\"target\":{\"@type\":\"EntryPoint\",\"urlTemplate\":\"https:\/\/indi.cat\/?s={search_term_string}\"},\"query-input\":{\"@type\":\"PropertyValueSpecification\",\"valueRequired\":true,\"valueName\":\"search_term_string\"}}],\"inLanguage\":\"es\"}]}<\/script>\n<!-- \/ Yoast SEO plugin. -->","yoast_head_json":{"title":"Pedro Mier - IND+I 2025","robots":{"index":"index","follow":"follow","max-snippet":"max-snippet:-1","max-image-preview":"max-image-preview:large","max-video-preview":"max-video-preview:-1"},"canonical":"https:\/\/indi.cat\/es\/pedro-mier\/","og_locale":"es_ES","og_type":"article","og_title":"Pedro Mier - IND+I 2025","og_description":"[vc_row margin_top=\u00bb50px\u00bb margin_bottom=\u00bb40px\u00bb][vc_column width=\u00bb1\/4&#8243; css=\u00bb.vc_custom_1489653926973{margin-top: -20px !important;}\u00bb][vc_single_image image=\u00bb1150&#8243; img_size=\u00bbfull\u00bb alignment=\u00bbcenter\u00bb image_hovers=\u00bbfalse\u00bb][\/vc_column][vc_column width=\u00bb3\/4&#8243;][vc_column_text el_class=\u00bbtitu-negre\u00bb css=\u00bb.vc_custom_1523033969637{margin-bottom: 40px !important;}\u00bb]Pedro Mier[\/vc_column_text][vc_column_text]Nacido en Figueres, es ingeniero superior de Telecomunicaci\u00f3n por la Universidad Polit\u00e9cnica de Catalunya, MBA por ESADE y PADE por IESE, presidente de AMETIC, presidente del \u00c1rea de Ind\u00fastria Electr\u00f3nica y presidente del consejo de la entidad en Catalunya.&hellip;","og_url":"https:\/\/indi.cat\/es\/pedro-mier\/","og_site_name":"IND+I 2025","article_modified_time":"2018-04-27T05:34:48+00:00","og_image":[{"url":"https:\/\/indi.cat\/wp-content\/uploads\/link-v.png","type":"","width":"","height":""}],"twitter_card":"summary_large_image","twitter_site":"@INDI_viladecans","schema":{"@context":"https:\/\/schema.org","@graph":[{"@type":"WebPage","@id":"https:\/\/indi.cat\/es\/pedro-mier\/","url":"https:\/\/indi.cat\/es\/pedro-mier\/","name":"Pedro Mier - IND+I 2025","isPartOf":{"@id":"https:\/\/indi.cat\/#website"},"primaryImageOfPage":{"@id":"https:\/\/indi.cat\/es\/pedro-mier\/#primaryimage"},"image":{"@id":"https:\/\/indi.cat\/es\/pedro-mier\/#primaryimage"},"thumbnailUrl":"https:\/\/indi.cat\/wp-content\/uploads\/link-v.png","datePublished":"2018-04-06T16:15:16+00:00","dateModified":"2018-04-27T05:34:48+00:00","breadcrumb":{"@id":"https:\/\/indi.cat\/es\/pedro-mier\/#breadcrumb"},"inLanguage":"es","potentialAction":[{"@type":"ReadAction","target":["https:\/\/indi.cat\/es\/pedro-mier\/"]}]},{"@type":"ImageObject","inLanguage":"es","@id":"https:\/\/indi.cat\/es\/pedro-mier\/#primaryimage","url":"https:\/\/indi.cat\/wp-content\/uploads\/link-v.png","contentUrl":"https:\/\/indi.cat\/wp-content\/uploads\/link-v.png"},{"@type":"BreadcrumbList","@id":"https:\/\/indi.cat\/es\/pedro-mier\/#breadcrumb","itemListElement":[{"@type":"ListItem","position":1,"name":"Home","item":"https:\/\/indi.cat\/es\/"},{"@type":"ListItem","position":2,"name":"Pedro Mier"}]},{"@type":"WebSite","@id":"https:\/\/indi.cat\/#website","url":"https:\/\/indi.cat\/","name":"IND+I 2025","description":"Viladecans","potentialAction":[{"@type":"SearchAction","target":{"@type":"EntryPoint","urlTemplate":"https:\/\/indi.cat\/?s={search_term_string}"},"query-input":{"@type":"PropertyValueSpecification","valueRequired":true,"valueName":"search_term_string"}}],"inLanguage":"es"}]}},"_links":{"self":[{"href":"https:\/\/indi.cat\/es\/wp-json\/wp\/v2\/pages\/1203","targetHints":{"allow":["GET"]}}],"collection":[{"href":"https:\/\/indi.cat\/es\/wp-json\/wp\/v2\/pages"}],"about":[{"href":"https:\/\/indi.cat\/es\/wp-json\/wp\/v2\/types\/page"}],"author":[{"embeddable":true,"href":"https:\/\/indi.cat\/es\/wp-json\/wp\/v2\/users\/1"}],"replies":[{"embeddable":true,"href":"https:\/\/indi.cat\/es\/wp-json\/wp\/v2\/comments?post=1203"}],"version-history":[{"count":0,"href":"https:\/\/indi.cat\/es\/wp-json\/wp\/v2\/pages\/1203\/revisions"}],"wp:attachment":[{"href":"https:\/\/indi.cat\/es\/wp-json\/wp\/v2\/media?parent=1203"}],"curies":[{"name":"wp","href":"https:\/\/api.w.org\/{rel}","templated":true}]}}