{"id":1200,"date":"2018-04-06T16:12:55","date_gmt":"2018-04-06T16:12:55","guid":{"rendered":"http:\/\/indi.cviladecans.cat\/montserrat-pallares\/"},"modified":"2018-04-27T05:29:34","modified_gmt":"2018-04-27T05:29:34","slug":"montserrat-pallares","status":"publish","type":"page","link":"https:\/\/indi.cat\/es\/montserrat-pallares\/","title":{"rendered":"Montserrat Pallar\u00e8s"},"content":{"rendered":"<div class=\"wpb-content-wrapper\"><p>[vc_row margin_top=\u00bb50px\u00bb margin_bottom=\u00bb40px\u00bb][vc_column width=\u00bb1\/4&#8243; css=\u00bb.vc_custom_1489653926973{margin-top: -20px !important;}\u00bb][vc_single_image image=\u00bb1149&#8243; img_size=\u00bbfull\u00bb alignment=\u00bbcenter\u00bb image_hovers=\u00bbfalse\u00bb][\/vc_column][vc_column width=\u00bb3\/4&#8243;][vc_column_text el_class=\u00bbtitu-negre\u00bb css=\u00bb.vc_custom_1523033827480{margin-bottom: 40px !important;}\u00bb]Montserrat Pallar\u00e8s[\/vc_column_text][vc_column_text]Es profesora titular en la Universidad Aut\u00f3noma de Barcelona (UAB), en el Departamento de Geograf\u00eda. Actualmente, su investigaci\u00f3n se centra en la intersecci\u00f3n entre Geograf\u00eda Urbana, Sistemas de Informaci\u00f3n Geogr\u00e1fica y Bienestar Social.<\/p>\n<p>Pallar\u00e8s ha realizado trabajos de campo en Espa\u00f1a, espec\u00edficamente en Barcelona y los Pirineos. Empez\u00f3 su investigaci\u00f3n en la industria del autom\u00f3vil en Espa\u00f1a; en la cual hizo su tesis doctoral. Su investigaci\u00f3n despu\u00e9s se movi\u00f3 en diferentes temas dentro de la Geograf\u00eda Econ\u00f3mica, tales como el estudio de conglomerados econ\u00f3micos y la lealtad espacial de la actividad econ\u00f3mica en \u00e1reas rurales, taxonom\u00eda de \u00e1reas, g\u00e9nero y capital social, y nueva econom\u00eda en las ciudades.<\/p>\n<p>Actualmente se encuentra involucrada en el estudio de la relaci\u00f3n entre planificaci\u00f3n urbana y bienestar social, analizando la provisi\u00f3n de servicios y la poblaci\u00f3n en los cl\u00e1sicos excelentes de la planificaci\u00f3n urbana como el Plan de Expansi\u00f3n Urbana de Barcelona de Ildefons Cerd\u00e0.<br \/>\nPallar\u00e8s ocupa cargos administrativos en su universidad, siendo durante algunos a\u00f1os vicerrectora y vicedecana de la Universitat Aut\u00f2noma de Barcelona. En general, ense\u00f1a Geograf\u00eda Econ\u00f3mica y an\u00e1lisis espacial en cursos de posgrado y pregrado.<\/p>\n<p>Su publicaci\u00f3n m\u00e1s reciente es un estudio cr\u00edtico en\u00a0coautor\u00eda\u00a0sobre las redes sociales como la columna vertebral del trabajo de las mujeres en el\u00a0Pirineo\u00a0catal\u00e1n. Se public\u00f3 en\u00a0los European\u00a0Urban\u00a0and\u00a0Regional\u00a0Studies, en 2017.[\/vc_column_text][vc_column_text]<a href=\"https:\/\/es.linkedin.com\/in\/montserrat-pallares-barbera-b369066\" target=\"_blank\" rel=\"noopener noreferrer\"><img decoding=\"async\" class=\"alignleft wp-image-64 size-full\" style=\"margin-right: 5px;\" src=\"https:\/\/indi.cat\/wp-content\/uploads\/link-v.png\" alt=\"\" width=\"32\" height=\"37\" \/><\/a><a href=\"https:\/\/es.linkedin.com\/in\/montserrat-pallares-barbera-b369066\" target=\"_blank\" rel=\"noopener noreferrer\"><img decoding=\"async\" class=\"alignleft wp-image-1265 size-full\" style=\"margin-right: 5px;\" src=\"https:\/\/indi.cat\/wp-content\/uploads\/icone-link.png\" alt=\"\" width=\"32\" height=\"37\" \/><\/a>[\/vc_column_text][\/vc_column][\/vc_row][vc_row type=\u00bbvc_default\u00bb full_width=\u00bbstretch_row_content_no_spaces\u00bb content_placement=\u00bbmiddle\u00bb css=\u00bb.vc_custom_1489394714797{margin-bottom: -70px !important;background-color: #000000 !important;}\u00bb][vc_column][vc_column_text css=\u00bb.vc_custom_1493106885006{margin-bottom: 5px !important;}\u00bb]<\/p>\n<div style=\"text-align: center; width: 100%;\"><a href=\"https:\/\/twitter.com\/INDI_viladecans\" target=\"_blank\" rel=\"noopener noreferrer\"><img decoding=\"async\" class=\"wp-image-65 size-full\" style=\"margin-right: 3px;\" src=\"https:\/\/indi.cat\/wp-content\/uploads\/twi-b.png\" alt=\"\" width=\"32\" height=\"37\" \/><\/a><a href=\"https:\/\/www.linkedin.com\/company-beta\/11070686\" target=\"_blank\" rel=\"noopener noreferrer\"><img decoding=\"async\" class=\"wp-image-63 size-full\" style=\"margin-right: 3px;\" src=\"https:\/\/indi.cat\/wp-content\/uploads\/link-b.png\" alt=\"\" width=\"32\" height=\"37\" \/><\/a><a href=\"https:\/\/www.youtube.com\/channel\/UCCZB7eGXiFeX1OEJ5z0Gykw\" target=\"_blank\" rel=\"noopener noreferrer\"><img decoding=\"async\" class=\"wp-image-68 size-full\" src=\"https:\/\/indi.cat\/wp-content\/uploads\/you-b-1.png\" alt=\"\" width=\"32\" height=\"37\" \/><\/a><\/div>\n<p>[\/vc_column_text][vc_column_text css=\u00bb.vc_custom_1489394798837{border-bottom-width: 15px !important;}\u00bb el_class=\u00bbblanc\u00bb]<\/p>\n<p style=\"text-align: center;\">#FENTLINDI<\/p>\n<p>[\/vc_column_text][\/vc_column][\/vc_row][vc_row][vc_column][vc_raw_html]JTNDc3R5bGUlM0UlMEEubWVudS1pdGVtLTI0NiUyMGElMjAubWVudS1pdGVtLXRleHQlMjAubWVudS10ZXh0JTIwJTdCJTBBJTIwJTIwJTIwJTIwY29sb3IlM0ElMjAlMjMwMGE4YjQlMjAlMjFpbXBvcnRhbnQlM0IlMEElN0QlMEElM0MlMkZzdHlsZSUzRQ==[\/vc_raw_html][\/vc_column][\/vc_row]<\/p>\n<\/div>","protected":false},"excerpt":{"rendered":"<p>[vc_row margin_top=\u00bb50px\u00bb margin_bottom=\u00bb40px\u00bb][vc_column width=\u00bb1\/4&#8243; css=\u00bb.vc_custom_1489653926973{margin-top: -20px !important;}\u00bb][vc_single_image image=\u00bb1149&#8243; img_size=\u00bbfull\u00bb alignment=\u00bbcenter\u00bb image_hovers=\u00bbfalse\u00bb][\/vc_column][vc_column width=\u00bb3\/4&#8243;][vc_column_text el_class=\u00bbtitu-negre\u00bb css=\u00bb.vc_custom_1523033827480{margin-bottom: 40px !important;}\u00bb]Montserrat Pallar\u00e8s[\/vc_column_text][vc_column_text]Es profesora titular en la Universidad Aut\u00f3noma de Barcelona (UAB), en el Departamento de Geograf\u00eda. Actualmente, su investigaci\u00f3n se centra en la intersecci\u00f3n entre Geograf\u00eda Urbana, Sistemas de Informaci\u00f3n Geogr\u00e1fica y Bienestar Social. Pallar\u00e8s ha realizado trabajos de campo&hellip;<\/p>\n","protected":false},"author":1,"featured_media":0,"parent":0,"menu_order":0,"comment_status":"closed","ping_status":"closed","template":"","meta":{"footnotes":""},"class_list":["post-1200","page","type-page","status-publish","hentry","description-off"],"yoast_head":"<!-- This site is optimized with the Yoast SEO plugin v27.5 - https:\/\/yoast.com\/product\/yoast-seo-wordpress\/ -->\n<title>Montserrat Pallar\u00e8s - IND+I 2025<\/title>\n<meta name=\"robots\" content=\"index, follow, max-snippet:-1, max-image-preview:large, max-video-preview:-1\" \/>\n<link rel=\"canonical\" href=\"https:\/\/indi.cat\/es\/montserrat-pallares\/\" \/>\n<meta property=\"og:locale\" content=\"es_ES\" \/>\n<meta property=\"og:type\" content=\"article\" \/>\n<meta property=\"og:title\" content=\"Montserrat Pallar\u00e8s - IND+I 2025\" \/>\n<meta property=\"og:description\" content=\"[vc_row margin_top=\u00bb50px\u00bb margin_bottom=\u00bb40px\u00bb][vc_column width=\u00bb1\/4&#8243; css=\u00bb.vc_custom_1489653926973{margin-top: -20px !important;}\u00bb][vc_single_image image=\u00bb1149&#8243; img_size=\u00bbfull\u00bb alignment=\u00bbcenter\u00bb image_hovers=\u00bbfalse\u00bb][\/vc_column][vc_column width=\u00bb3\/4&#8243;][vc_column_text el_class=\u00bbtitu-negre\u00bb css=\u00bb.vc_custom_1523033827480{margin-bottom: 40px !important;}\u00bb]Montserrat Pallar\u00e8s[\/vc_column_text][vc_column_text]Es profesora titular en la Universidad Aut\u00f3noma de Barcelona (UAB), en el Departamento de Geograf\u00eda. Actualmente, su investigaci\u00f3n se centra en la intersecci\u00f3n entre Geograf\u00eda Urbana, Sistemas de Informaci\u00f3n Geogr\u00e1fica y Bienestar Social. Pallar\u00e8s ha realizado trabajos de campo&hellip;\" \/>\n<meta property=\"og:url\" content=\"https:\/\/indi.cat\/es\/montserrat-pallares\/\" \/>\n<meta property=\"og:site_name\" content=\"IND+I 2025\" \/>\n<meta property=\"article:modified_time\" content=\"2018-04-27T05:29:34+00:00\" \/>\n<meta property=\"og:image\" content=\"https:\/\/indi.cat\/wp-content\/uploads\/link-v.png\" \/>\n<meta name=\"twitter:card\" content=\"summary_large_image\" \/>\n<meta name=\"twitter:site\" content=\"@INDI_viladecans\" \/>\n<script type=\"application\/ld+json\" class=\"yoast-schema-graph\">{\"@context\":\"https:\\\/\\\/schema.org\",\"@graph\":[{\"@type\":\"WebPage\",\"@id\":\"https:\\\/\\\/indi.cat\\\/es\\\/montserrat-pallares\\\/\",\"url\":\"https:\\\/\\\/indi.cat\\\/es\\\/montserrat-pallares\\\/\",\"name\":\"Montserrat Pallar\u00e8s - IND+I 2025\",\"isPartOf\":{\"@id\":\"https:\\\/\\\/indi.cat\\\/#website\"},\"primaryImageOfPage\":{\"@id\":\"https:\\\/\\\/indi.cat\\\/es\\\/montserrat-pallares\\\/#primaryimage\"},\"image\":{\"@id\":\"https:\\\/\\\/indi.cat\\\/es\\\/montserrat-pallares\\\/#primaryimage\"},\"thumbnailUrl\":\"https:\\\/\\\/indi.cat\\\/wp-content\\\/uploads\\\/link-v.png\",\"datePublished\":\"2018-04-06T16:12:55+00:00\",\"dateModified\":\"2018-04-27T05:29:34+00:00\",\"breadcrumb\":{\"@id\":\"https:\\\/\\\/indi.cat\\\/es\\\/montserrat-pallares\\\/#breadcrumb\"},\"inLanguage\":\"es\",\"potentialAction\":[{\"@type\":\"ReadAction\",\"target\":[\"https:\\\/\\\/indi.cat\\\/es\\\/montserrat-pallares\\\/\"]}]},{\"@type\":\"ImageObject\",\"inLanguage\":\"es\",\"@id\":\"https:\\\/\\\/indi.cat\\\/es\\\/montserrat-pallares\\\/#primaryimage\",\"url\":\"https:\\\/\\\/indi.cat\\\/wp-content\\\/uploads\\\/link-v.png\",\"contentUrl\":\"https:\\\/\\\/indi.cat\\\/wp-content\\\/uploads\\\/link-v.png\"},{\"@type\":\"BreadcrumbList\",\"@id\":\"https:\\\/\\\/indi.cat\\\/es\\\/montserrat-pallares\\\/#breadcrumb\",\"itemListElement\":[{\"@type\":\"ListItem\",\"position\":1,\"name\":\"Home\",\"item\":\"https:\\\/\\\/indi.cat\\\/es\\\/\"},{\"@type\":\"ListItem\",\"position\":2,\"name\":\"Montserrat Pallar\u00e8s\"}]},{\"@type\":\"WebSite\",\"@id\":\"https:\\\/\\\/indi.cat\\\/#website\",\"url\":\"https:\\\/\\\/indi.cat\\\/\",\"name\":\"IND+I 2025\",\"description\":\"Viladecans\",\"potentialAction\":[{\"@type\":\"SearchAction\",\"target\":{\"@type\":\"EntryPoint\",\"urlTemplate\":\"https:\\\/\\\/indi.cat\\\/?s={search_term_string}\"},\"query-input\":{\"@type\":\"PropertyValueSpecification\",\"valueRequired\":true,\"valueName\":\"search_term_string\"}}],\"inLanguage\":\"es\"}]}<\/script>\n<!-- \/ Yoast SEO plugin. -->","yoast_head_json":{"title":"Montserrat Pallar\u00e8s - IND+I 2025","robots":{"index":"index","follow":"follow","max-snippet":"max-snippet:-1","max-image-preview":"max-image-preview:large","max-video-preview":"max-video-preview:-1"},"canonical":"https:\/\/indi.cat\/es\/montserrat-pallares\/","og_locale":"es_ES","og_type":"article","og_title":"Montserrat Pallar\u00e8s - IND+I 2025","og_description":"[vc_row margin_top=\u00bb50px\u00bb margin_bottom=\u00bb40px\u00bb][vc_column width=\u00bb1\/4&#8243; css=\u00bb.vc_custom_1489653926973{margin-top: -20px !important;}\u00bb][vc_single_image image=\u00bb1149&#8243; img_size=\u00bbfull\u00bb alignment=\u00bbcenter\u00bb image_hovers=\u00bbfalse\u00bb][\/vc_column][vc_column width=\u00bb3\/4&#8243;][vc_column_text el_class=\u00bbtitu-negre\u00bb css=\u00bb.vc_custom_1523033827480{margin-bottom: 40px !important;}\u00bb]Montserrat Pallar\u00e8s[\/vc_column_text][vc_column_text]Es profesora titular en la Universidad Aut\u00f3noma de Barcelona (UAB), en el Departamento de Geograf\u00eda. Actualmente, su investigaci\u00f3n se centra en la intersecci\u00f3n entre Geograf\u00eda Urbana, Sistemas de Informaci\u00f3n Geogr\u00e1fica y Bienestar Social. Pallar\u00e8s ha realizado trabajos de campo&hellip;","og_url":"https:\/\/indi.cat\/es\/montserrat-pallares\/","og_site_name":"IND+I 2025","article_modified_time":"2018-04-27T05:29:34+00:00","og_image":[{"url":"https:\/\/indi.cat\/wp-content\/uploads\/link-v.png","type":"","width":"","height":""}],"twitter_card":"summary_large_image","twitter_site":"@INDI_viladecans","schema":{"@context":"https:\/\/schema.org","@graph":[{"@type":"WebPage","@id":"https:\/\/indi.cat\/es\/montserrat-pallares\/","url":"https:\/\/indi.cat\/es\/montserrat-pallares\/","name":"Montserrat Pallar\u00e8s - IND+I 2025","isPartOf":{"@id":"https:\/\/indi.cat\/#website"},"primaryImageOfPage":{"@id":"https:\/\/indi.cat\/es\/montserrat-pallares\/#primaryimage"},"image":{"@id":"https:\/\/indi.cat\/es\/montserrat-pallares\/#primaryimage"},"thumbnailUrl":"https:\/\/indi.cat\/wp-content\/uploads\/link-v.png","datePublished":"2018-04-06T16:12:55+00:00","dateModified":"2018-04-27T05:29:34+00:00","breadcrumb":{"@id":"https:\/\/indi.cat\/es\/montserrat-pallares\/#breadcrumb"},"inLanguage":"es","potentialAction":[{"@type":"ReadAction","target":["https:\/\/indi.cat\/es\/montserrat-pallares\/"]}]},{"@type":"ImageObject","inLanguage":"es","@id":"https:\/\/indi.cat\/es\/montserrat-pallares\/#primaryimage","url":"https:\/\/indi.cat\/wp-content\/uploads\/link-v.png","contentUrl":"https:\/\/indi.cat\/wp-content\/uploads\/link-v.png"},{"@type":"BreadcrumbList","@id":"https:\/\/indi.cat\/es\/montserrat-pallares\/#breadcrumb","itemListElement":[{"@type":"ListItem","position":1,"name":"Home","item":"https:\/\/indi.cat\/es\/"},{"@type":"ListItem","position":2,"name":"Montserrat Pallar\u00e8s"}]},{"@type":"WebSite","@id":"https:\/\/indi.cat\/#website","url":"https:\/\/indi.cat\/","name":"IND+I 2025","description":"Viladecans","potentialAction":[{"@type":"SearchAction","target":{"@type":"EntryPoint","urlTemplate":"https:\/\/indi.cat\/?s={search_term_string}"},"query-input":{"@type":"PropertyValueSpecification","valueRequired":true,"valueName":"search_term_string"}}],"inLanguage":"es"}]}},"_links":{"self":[{"href":"https:\/\/indi.cat\/es\/wp-json\/wp\/v2\/pages\/1200","targetHints":{"allow":["GET"]}}],"collection":[{"href":"https:\/\/indi.cat\/es\/wp-json\/wp\/v2\/pages"}],"about":[{"href":"https:\/\/indi.cat\/es\/wp-json\/wp\/v2\/types\/page"}],"author":[{"embeddable":true,"href":"https:\/\/indi.cat\/es\/wp-json\/wp\/v2\/users\/1"}],"replies":[{"embeddable":true,"href":"https:\/\/indi.cat\/es\/wp-json\/wp\/v2\/comments?post=1200"}],"version-history":[{"count":0,"href":"https:\/\/indi.cat\/es\/wp-json\/wp\/v2\/pages\/1200\/revisions"}],"wp:attachment":[{"href":"https:\/\/indi.cat\/es\/wp-json\/wp\/v2\/media?parent=1200"}],"curies":[{"name":"wp","href":"https:\/\/api.w.org\/{rel}","templated":true}]}}