{"id":1183,"date":"2018-04-06T15:59:20","date_gmt":"2018-04-06T15:59:20","guid":{"rendered":"http:\/\/indi.cviladecans.cat\/jon-mikel-zabala\/"},"modified":"2018-05-09T13:37:54","modified_gmt":"2018-05-09T13:37:54","slug":"jon-mikel-zabala","status":"publish","type":"page","link":"https:\/\/indi.cat\/es\/jon-mikel-zabala\/","title":{"rendered":"Jon Mikel Zabala"},"content":{"rendered":"<div class=\"wpb-content-wrapper\"><p>[vc_row margin_top=\u00bb50px\u00bb margin_bottom=\u00bb40px\u00bb][vc_column width=\u00bb1\/4&#8243; css=\u00bb.vc_custom_1489653926973{margin-top: -20px !important;}\u00bb][vc_single_image image=\u00bb1146&#8243; img_size=\u00bbfull\u00bb alignment=\u00bbcenter\u00bb image_hovers=\u00bbfalse\u00bb][\/vc_column][vc_column width=\u00bb3\/4&#8243;][vc_column_text el_class=\u00bbtitu-negre\u00bb css=\u00bb.vc_custom_1523032995406{margin-bottom: 40px !important;}\u00bb]Jon Mikel Zabala[\/vc_column_text][vc_column_text]Es profesor en el Departamento de Econom\u00eda de la Universidad de Deusto en San Sebasti\u00e1n. Recibi\u00f3 su doctorado en Proyectos de Ingenier\u00eda e Innovaci\u00f3n en el a\u00f1o 2008 en la Universidad Polit\u00e9cnica de Valencia, y lo realiz\u00f3 con una beca de formaci\u00f3n de personal investigador del Gobierno Vasco. Durante su etapa predoctoral (2003-2008), fue miembro del Instituto de Gesti\u00f3n de la Innovaci\u00f3n y del Conocimiento (INGENIO), instituto mixto del Consejo Superior de Investigaciones Cient\u00edficas (CSIC) y de la Universidad Polit\u00e9cnica de Valencia (UPV). Adem\u00e1s, durante esta formaci\u00f3n predoctoral, fue tambi\u00e9n investigador visitante en el Technical Research Centre (VTT) de Finlandia.<\/p>\n<p>En el a\u00f1o 2009, tras finalizar su doctorado, se traslad\u00f3 como investigador postdoctoral en CIRCLE (Centre for Innovation, Research and Competence in the Learning Economy), en la Universidad de Lund (Suecia), donde permaneci\u00f3 hasta el a\u00f1o 2013. En dicho a\u00f1o, obtuvo una beca Marie Curie que le permiti\u00f3 integrarse en la Universidad de Deusto, donde posteriormente pas\u00f3 a trabajar como profesor contratado. Es coordinador del programa de doctorado de la Universidad de Deusto en Competitividad Empresarial y Territorial, Innovaci\u00f3n y Sostenibilidad (CETIS), adem\u00e1s de dirigir el Diploma de Especializaci\u00f3n en Investigaci\u00f3n en Management y Econom\u00eda.<\/p>\n<p>Sus trabajos de investigaci\u00f3n se centran en las pol\u00edticas de ciencia, tecnolog\u00eda e innovaci\u00f3n, la gesti\u00f3n de la innovaci\u00f3n y el uso de indicadores para informar las evaluaciones de pol\u00edticas p\u00fablicas. Ha participado en varios proyectos de investigaci\u00f3n regionales, nacionales e internacionales sobre dichos temas. Ha publicado sus trabajos en algunas de las m\u00e1s relevantes revistas cient\u00edficas internacionales en su \u00e1rea de investigaci\u00f3n como <i>Research<\/i> <i>Policy<\/i><i>, <\/i><i>R&amp;D<\/i><i> Management, <\/i><i>Technovation<\/i><i>, <\/i><i>Scientometrics<\/i><i>, <\/i>o <i>Science<\/i><i> and <\/i><i>Public<\/i> <i>Policy<\/i><i>,<\/i> entre otras. Como docente, ha impartido docencia en grado, postgrado y doctorado en varias universidades Europeas y de Am\u00e9rica Latina.<\/p>\n<p>Entre los reconocimientos m\u00e1s significativos recibidos durante su carrera, destacan el premio al mejor revisor de la Regional Studies Association en el a\u00f1o 2009 o en Research Policy en el a\u00f1o 2016, el premio a la mejor presentaci\u00f3n en el Science Slam que tuvo lugar en la Eu-SPRI Early Career Researcher Conference en Enschede en el a\u00f1o 2012, y el premio otorgado por la c\u00e1tedra UAM-Accenture al mejor art\u00edculo de investigaci\u00f3n sobre \u201cInnovaci\u00f3n y recuperaci\u00f3n econ\u00f3mica\u201d en el a\u00f1o 2016.[\/vc_column_text][vc_column_text]<a href=\"https:\/\/www.linkedin.com\/in\/jon-mikel-zabala-iturriagagoitia-8779ba4\/\" target=\"_blank\" rel=\"noopener noreferrer\"><img decoding=\"async\" class=\"alignleft wp-image-64 size-full\" style=\"margin-right: 5px;\" src=\"https:\/\/indi.cat\/wp-content\/uploads\/link-v.png\" alt=\"\" width=\"32\" height=\"37\" \/><\/a><a href=\"https:\/\/twitter.com\/jonmizabala\" target=\"_blank\" rel=\"noopener noreferrer\"><img decoding=\"async\" class=\"alignleft wp-image-66 size-full\" style=\"margin-right: 5px;\" src=\"https:\/\/indi.cat\/wp-content\/uploads\/twi-v.png\" alt=\"\" width=\"32\" height=\"37\" \/><\/a><a href=\"https:\/\/www.linkedin.com\/in\/jon-mikel-zabala-iturriagagoitia-8779ba4\/\" target=\"_blank\" rel=\"noopener noreferrer\"><img decoding=\"async\" class=\"wp-image-1265 size-full alignleft\" style=\"margin-right: 5px;\" src=\"https:\/\/indi.cat\/wp-content\/uploads\/icone-link.png\" alt=\"\" width=\"32\" height=\"37\" \/><\/a><a href=\"https:\/\/indi.cat\/wp-content\/uploads\/Jon_Mikel_-Zabala.pptx\" target=\"_blank\" rel=\"noopener noreferrer\"><img decoding=\"async\" class=\"alignleft wp-image-1368 size-full\" style=\"margin-right: 5px; margin-top: 5px;\" src=\"https:\/\/indi.cat\/wp-content\/uploads\/desc-ponen-es-1.png\" alt=\"\" width=\"210\" height=\"29\" \/><\/a>[\/vc_column_text][\/vc_column][\/vc_row][vc_row type=\u00bbvc_default\u00bb full_width=\u00bbstretch_row_content_no_spaces\u00bb content_placement=\u00bbmiddle\u00bb css=\u00bb.vc_custom_1489394714797{margin-bottom: -70px !important;background-color: #000000 !important;}\u00bb][vc_column][vc_column_text css=\u00bb.vc_custom_1493106885006{margin-bottom: 5px !important;}\u00bb]<\/p>\n<div style=\"text-align: center; width: 100%;\"><a href=\"https:\/\/twitter.com\/INDI_viladecans\" target=\"_blank\" rel=\"noopener noreferrer\"><img decoding=\"async\" class=\"wp-image-65 size-full\" style=\"margin-right: 3px;\" src=\"https:\/\/indi.cat\/wp-content\/uploads\/twi-b.png\" alt=\"\" width=\"32\" height=\"37\" \/><\/a><a href=\"https:\/\/www.linkedin.com\/company-beta\/11070686\" target=\"_blank\" rel=\"noopener noreferrer\"><img decoding=\"async\" class=\"wp-image-63 size-full\" style=\"margin-right: 3px;\" src=\"https:\/\/indi.cat\/wp-content\/uploads\/link-b.png\" alt=\"\" width=\"32\" height=\"37\" \/><\/a><a href=\"https:\/\/www.youtube.com\/channel\/UCCZB7eGXiFeX1OEJ5z0Gykw\" target=\"_blank\" rel=\"noopener noreferrer\"><img decoding=\"async\" class=\"wp-image-68 size-full\" src=\"https:\/\/indi.cat\/wp-content\/uploads\/you-b-1.png\" alt=\"\" width=\"32\" height=\"37\" \/><\/a><\/div>\n<p>[\/vc_column_text][vc_column_text css=\u00bb.vc_custom_1489394798837{border-bottom-width: 15px !important;}\u00bb el_class=\u00bbblanc\u00bb]<\/p>\n<p style=\"text-align: center;\">#FENTLINDI<\/p>\n<p>[\/vc_column_text][\/vc_column][\/vc_row][vc_row][vc_column][vc_raw_html]JTNDc3R5bGUlM0UlMEEubWVudS1pdGVtLTI0NiUyMGElMjAubWVudS1pdGVtLXRleHQlMjAubWVudS10ZXh0JTIwJTdCJTBBJTIwJTIwJTIwJTIwY29sb3IlM0ElMjAlMjMwMGE4YjQlMjAlMjFpbXBvcnRhbnQlM0IlMEElN0QlMEElM0MlMkZzdHlsZSUzRQ==[\/vc_raw_html][\/vc_column][\/vc_row]<\/p>\n<\/div>","protected":false},"excerpt":{"rendered":"<p>[vc_row margin_top=\u00bb50px\u00bb margin_bottom=\u00bb40px\u00bb][vc_column width=\u00bb1\/4&#8243; css=\u00bb.vc_custom_1489653926973{margin-top: -20px !important;}\u00bb][vc_single_image image=\u00bb1146&#8243; img_size=\u00bbfull\u00bb alignment=\u00bbcenter\u00bb image_hovers=\u00bbfalse\u00bb][\/vc_column][vc_column width=\u00bb3\/4&#8243;][vc_column_text el_class=\u00bbtitu-negre\u00bb css=\u00bb.vc_custom_1523032995406{margin-bottom: 40px !important;}\u00bb]Jon Mikel Zabala[\/vc_column_text][vc_column_text]Es profesor en el Departamento de Econom\u00eda de la Universidad de Deusto en San Sebasti\u00e1n. Recibi\u00f3 su doctorado en Proyectos de Ingenier\u00eda e Innovaci\u00f3n en el a\u00f1o 2008 en la Universidad Polit\u00e9cnica de Valencia, y lo realiz\u00f3 con&hellip;<\/p>\n","protected":false},"author":1,"featured_media":0,"parent":0,"menu_order":0,"comment_status":"closed","ping_status":"closed","template":"","meta":{"footnotes":""},"class_list":["post-1183","page","type-page","status-publish","hentry","description-off"],"yoast_head":"<!-- This site is optimized with the Yoast SEO plugin v27.2 - https:\/\/yoast.com\/product\/yoast-seo-wordpress\/ -->\n<title>Jon Mikel Zabala - IND+I 2025<\/title>\n<meta name=\"robots\" content=\"index, follow, max-snippet:-1, max-image-preview:large, max-video-preview:-1\" \/>\n<link rel=\"canonical\" href=\"https:\/\/indi.cat\/es\/jon-mikel-zabala\/\" \/>\n<meta property=\"og:locale\" content=\"es_ES\" \/>\n<meta property=\"og:type\" content=\"article\" \/>\n<meta property=\"og:title\" content=\"Jon Mikel Zabala - IND+I 2025\" \/>\n<meta property=\"og:description\" content=\"[vc_row margin_top=\u00bb50px\u00bb margin_bottom=\u00bb40px\u00bb][vc_column width=\u00bb1\/4&#8243; css=\u00bb.vc_custom_1489653926973{margin-top: -20px !important;}\u00bb][vc_single_image image=\u00bb1146&#8243; img_size=\u00bbfull\u00bb alignment=\u00bbcenter\u00bb image_hovers=\u00bbfalse\u00bb][\/vc_column][vc_column width=\u00bb3\/4&#8243;][vc_column_text el_class=\u00bbtitu-negre\u00bb css=\u00bb.vc_custom_1523032995406{margin-bottom: 40px !important;}\u00bb]Jon Mikel Zabala[\/vc_column_text][vc_column_text]Es profesor en el Departamento de Econom\u00eda de la Universidad de Deusto en San Sebasti\u00e1n. Recibi\u00f3 su doctorado en Proyectos de Ingenier\u00eda e Innovaci\u00f3n en el a\u00f1o 2008 en la Universidad Polit\u00e9cnica de Valencia, y lo realiz\u00f3 con&hellip;\" \/>\n<meta property=\"og:url\" content=\"https:\/\/indi.cat\/es\/jon-mikel-zabala\/\" \/>\n<meta property=\"og:site_name\" content=\"IND+I 2025\" \/>\n<meta property=\"article:modified_time\" content=\"2018-05-09T13:37:54+00:00\" \/>\n<meta property=\"og:image\" content=\"https:\/\/indi.cat\/wp-content\/uploads\/link-v.png\" \/>\n<meta name=\"twitter:card\" content=\"summary_large_image\" \/>\n<meta name=\"twitter:site\" content=\"@INDI_viladecans\" \/>\n<script type=\"application\/ld+json\" class=\"yoast-schema-graph\">{\"@context\":\"https:\/\/schema.org\",\"@graph\":[{\"@type\":\"WebPage\",\"@id\":\"https:\/\/indi.cat\/es\/jon-mikel-zabala\/\",\"url\":\"https:\/\/indi.cat\/es\/jon-mikel-zabala\/\",\"name\":\"Jon Mikel Zabala - IND+I 2025\",\"isPartOf\":{\"@id\":\"https:\/\/indi.cat\/#website\"},\"primaryImageOfPage\":{\"@id\":\"https:\/\/indi.cat\/es\/jon-mikel-zabala\/#primaryimage\"},\"image\":{\"@id\":\"https:\/\/indi.cat\/es\/jon-mikel-zabala\/#primaryimage\"},\"thumbnailUrl\":\"https:\/\/indi.cat\/wp-content\/uploads\/link-v.png\",\"datePublished\":\"2018-04-06T15:59:20+00:00\",\"dateModified\":\"2018-05-09T13:37:54+00:00\",\"breadcrumb\":{\"@id\":\"https:\/\/indi.cat\/es\/jon-mikel-zabala\/#breadcrumb\"},\"inLanguage\":\"es\",\"potentialAction\":[{\"@type\":\"ReadAction\",\"target\":[\"https:\/\/indi.cat\/es\/jon-mikel-zabala\/\"]}]},{\"@type\":\"ImageObject\",\"inLanguage\":\"es\",\"@id\":\"https:\/\/indi.cat\/es\/jon-mikel-zabala\/#primaryimage\",\"url\":\"https:\/\/indi.cat\/wp-content\/uploads\/link-v.png\",\"contentUrl\":\"https:\/\/indi.cat\/wp-content\/uploads\/link-v.png\"},{\"@type\":\"BreadcrumbList\",\"@id\":\"https:\/\/indi.cat\/es\/jon-mikel-zabala\/#breadcrumb\",\"itemListElement\":[{\"@type\":\"ListItem\",\"position\":1,\"name\":\"Home\",\"item\":\"https:\/\/indi.cat\/es\/\"},{\"@type\":\"ListItem\",\"position\":2,\"name\":\"Jon Mikel Zabala\"}]},{\"@type\":\"WebSite\",\"@id\":\"https:\/\/indi.cat\/#website\",\"url\":\"https:\/\/indi.cat\/\",\"name\":\"IND+I 2025\",\"description\":\"Viladecans\",\"potentialAction\":[{\"@type\":\"SearchAction\",\"target\":{\"@type\":\"EntryPoint\",\"urlTemplate\":\"https:\/\/indi.cat\/?s={search_term_string}\"},\"query-input\":{\"@type\":\"PropertyValueSpecification\",\"valueRequired\":true,\"valueName\":\"search_term_string\"}}],\"inLanguage\":\"es\"}]}<\/script>\n<!-- \/ Yoast SEO plugin. -->","yoast_head_json":{"title":"Jon Mikel Zabala - IND+I 2025","robots":{"index":"index","follow":"follow","max-snippet":"max-snippet:-1","max-image-preview":"max-image-preview:large","max-video-preview":"max-video-preview:-1"},"canonical":"https:\/\/indi.cat\/es\/jon-mikel-zabala\/","og_locale":"es_ES","og_type":"article","og_title":"Jon Mikel Zabala - IND+I 2025","og_description":"[vc_row margin_top=\u00bb50px\u00bb margin_bottom=\u00bb40px\u00bb][vc_column width=\u00bb1\/4&#8243; css=\u00bb.vc_custom_1489653926973{margin-top: -20px !important;}\u00bb][vc_single_image image=\u00bb1146&#8243; img_size=\u00bbfull\u00bb alignment=\u00bbcenter\u00bb image_hovers=\u00bbfalse\u00bb][\/vc_column][vc_column width=\u00bb3\/4&#8243;][vc_column_text el_class=\u00bbtitu-negre\u00bb css=\u00bb.vc_custom_1523032995406{margin-bottom: 40px !important;}\u00bb]Jon Mikel Zabala[\/vc_column_text][vc_column_text]Es profesor en el Departamento de Econom\u00eda de la Universidad de Deusto en San Sebasti\u00e1n. Recibi\u00f3 su doctorado en Proyectos de Ingenier\u00eda e Innovaci\u00f3n en el a\u00f1o 2008 en la Universidad Polit\u00e9cnica de Valencia, y lo realiz\u00f3 con&hellip;","og_url":"https:\/\/indi.cat\/es\/jon-mikel-zabala\/","og_site_name":"IND+I 2025","article_modified_time":"2018-05-09T13:37:54+00:00","og_image":[{"url":"https:\/\/indi.cat\/wp-content\/uploads\/link-v.png","type":"","width":"","height":""}],"twitter_card":"summary_large_image","twitter_site":"@INDI_viladecans","schema":{"@context":"https:\/\/schema.org","@graph":[{"@type":"WebPage","@id":"https:\/\/indi.cat\/es\/jon-mikel-zabala\/","url":"https:\/\/indi.cat\/es\/jon-mikel-zabala\/","name":"Jon Mikel Zabala - IND+I 2025","isPartOf":{"@id":"https:\/\/indi.cat\/#website"},"primaryImageOfPage":{"@id":"https:\/\/indi.cat\/es\/jon-mikel-zabala\/#primaryimage"},"image":{"@id":"https:\/\/indi.cat\/es\/jon-mikel-zabala\/#primaryimage"},"thumbnailUrl":"https:\/\/indi.cat\/wp-content\/uploads\/link-v.png","datePublished":"2018-04-06T15:59:20+00:00","dateModified":"2018-05-09T13:37:54+00:00","breadcrumb":{"@id":"https:\/\/indi.cat\/es\/jon-mikel-zabala\/#breadcrumb"},"inLanguage":"es","potentialAction":[{"@type":"ReadAction","target":["https:\/\/indi.cat\/es\/jon-mikel-zabala\/"]}]},{"@type":"ImageObject","inLanguage":"es","@id":"https:\/\/indi.cat\/es\/jon-mikel-zabala\/#primaryimage","url":"https:\/\/indi.cat\/wp-content\/uploads\/link-v.png","contentUrl":"https:\/\/indi.cat\/wp-content\/uploads\/link-v.png"},{"@type":"BreadcrumbList","@id":"https:\/\/indi.cat\/es\/jon-mikel-zabala\/#breadcrumb","itemListElement":[{"@type":"ListItem","position":1,"name":"Home","item":"https:\/\/indi.cat\/es\/"},{"@type":"ListItem","position":2,"name":"Jon Mikel Zabala"}]},{"@type":"WebSite","@id":"https:\/\/indi.cat\/#website","url":"https:\/\/indi.cat\/","name":"IND+I 2025","description":"Viladecans","potentialAction":[{"@type":"SearchAction","target":{"@type":"EntryPoint","urlTemplate":"https:\/\/indi.cat\/?s={search_term_string}"},"query-input":{"@type":"PropertyValueSpecification","valueRequired":true,"valueName":"search_term_string"}}],"inLanguage":"es"}]}},"_links":{"self":[{"href":"https:\/\/indi.cat\/es\/wp-json\/wp\/v2\/pages\/1183","targetHints":{"allow":["GET"]}}],"collection":[{"href":"https:\/\/indi.cat\/es\/wp-json\/wp\/v2\/pages"}],"about":[{"href":"https:\/\/indi.cat\/es\/wp-json\/wp\/v2\/types\/page"}],"author":[{"embeddable":true,"href":"https:\/\/indi.cat\/es\/wp-json\/wp\/v2\/users\/1"}],"replies":[{"embeddable":true,"href":"https:\/\/indi.cat\/es\/wp-json\/wp\/v2\/comments?post=1183"}],"version-history":[{"count":0,"href":"https:\/\/indi.cat\/es\/wp-json\/wp\/v2\/pages\/1183\/revisions"}],"wp:attachment":[{"href":"https:\/\/indi.cat\/es\/wp-json\/wp\/v2\/media?parent=1183"}],"curies":[{"name":"wp","href":"https:\/\/api.w.org\/{rel}","templated":true}]}}