{"id":1173,"date":"2018-04-06T15:52:25","date_gmt":"2018-04-06T15:52:25","guid":{"rendered":"http:\/\/indi.cviladecans.cat\/merle-jacob\/"},"modified":"2018-05-09T12:38:52","modified_gmt":"2018-05-09T12:38:52","slug":"merle-jacob","status":"publish","type":"page","link":"https:\/\/indi.cat\/es\/merle-jacob\/","title":{"rendered":"Merle Jacob"},"content":{"rendered":"<div class=\"wpb-content-wrapper\"><p>[vc_row margin_top=\u00bb50px\u00bb margin_bottom=\u00bb40px\u00bb][vc_column width=\u00bb1\/4&#8243; css=\u00bb.vc_custom_1489653926973{margin-top: -20px !important;}\u00bb][vc_single_image image=\u00bb1148&#8243; img_size=\u00bbfull\u00bb alignment=\u00bbcenter\u00bb image_hovers=\u00bbfalse\u00bb][\/vc_column][vc_column width=\u00bb3\/4&#8243;][vc_column_text el_class=\u00bbtitu-negre\u00bb css=\u00bb.vc_custom_1523032591126{margin-bottom: 40px !important;}\u00bb]Merle Jacob[\/vc_column_text][vc_column_text]Merle Jacob defendi\u00f3 en 1997 su tesi doctoral, una teor\u00eda de la ciencia de la Universidad de G\u00f6teborg. Actualmente trabaja en el Instituto de Pol\u00edtica de la Investigaci\u00f3n, en la Universidad de Lund y en la Universidad de Link\u00f6ping, y es miembro de la junta cient\u00edfica del Centro de Estudios Pol\u00edticos y de Negocios del SNS. El enfoque de la investigaci\u00f3n de Merle Jacob se puede describir ampliamente como una interacci\u00f3n entre ciencia y pol\u00edtica. Sus intereses de investigaci\u00f3n actuales son la pol\u00edtica de investigaci\u00f3n e innovaci\u00f3n, la reorganizaci\u00f3n de la universidad y el papel del conocimiento cient\u00edfico en la pol\u00edtica clim\u00e1tica internacional. Tambi\u00e9n ha participado en la ense\u00f1anza de cursos profesionales en gesti\u00f3n de proyectos e investigaci\u00f3n.[\/vc_column_text][vc_column_text]<a href=\"http:\/\/portal.research.lu.se\/portal\/en\/persons\/merle-jacob(0574a12f-6d2d-4d40-bf80-ce1eb3ce8864).html\" target=\"_blank\" rel=\"noopener noreferrer\"><img decoding=\"async\" class=\"wp-image-1265 size-full alignleft\" style=\"margin-right: 5px;\" src=\"https:\/\/indi.cat\/wp-content\/uploads\/icone-link.png\" alt=\"\" width=\"32\" height=\"37\" \/><\/a><a href=\"https:\/\/indi.cat\/wp-content\/uploads\/Merle_Jacob.pptx\" target=\"_blank\" rel=\"noopener noreferrer\"><img decoding=\"async\" class=\"alignleft wp-image-1368 size-full\" style=\"margin-right: 5px; margin-top: 5px;\" src=\"https:\/\/indi.cat\/wp-content\/uploads\/desc-ponen-es-1.png\" alt=\"\" width=\"210\" height=\"29\" \/><\/a>[\/vc_column_text][\/vc_column][\/vc_row][vc_row type=\u00bbvc_default\u00bb full_width=\u00bbstretch_row_content_no_spaces\u00bb content_placement=\u00bbmiddle\u00bb css=\u00bb.vc_custom_1489394714797{margin-bottom: -70px !important;background-color: #000000 !important;}\u00bb][vc_column][vc_column_text css=\u00bb.vc_custom_1493106885006{margin-bottom: 5px !important;}\u00bb]<\/p>\n<div style=\"text-align: center; width: 100%;\"><a href=\"https:\/\/twitter.com\/INDI_viladecans\" target=\"_blank\" rel=\"noopener noreferrer\"><img decoding=\"async\" class=\"wp-image-65 size-full\" style=\"margin-right: 3px;\" src=\"https:\/\/indi.cat\/wp-content\/uploads\/twi-b.png\" alt=\"\" width=\"32\" height=\"37\" \/><\/a><a href=\"https:\/\/www.linkedin.com\/company-beta\/11070686\" target=\"_blank\" rel=\"noopener noreferrer\"><img decoding=\"async\" class=\"wp-image-63 size-full\" style=\"margin-right: 3px;\" src=\"https:\/\/indi.cat\/wp-content\/uploads\/link-b.png\" alt=\"\" width=\"32\" height=\"37\" \/><\/a><a href=\"https:\/\/www.youtube.com\/channel\/UCCZB7eGXiFeX1OEJ5z0Gykw\" target=\"_blank\" rel=\"noopener noreferrer\"><img decoding=\"async\" class=\"wp-image-68 size-full\" src=\"https:\/\/indi.cat\/wp-content\/uploads\/you-b-1.png\" alt=\"\" width=\"32\" height=\"37\" \/><\/a><\/div>\n<p>[\/vc_column_text][vc_column_text css=\u00bb.vc_custom_1489394798837{border-bottom-width: 15px !important;}\u00bb el_class=\u00bbblanc\u00bb]<\/p>\n<p style=\"text-align: center;\">#FENTLINDI<\/p>\n<p>[\/vc_column_text][\/vc_column][\/vc_row][vc_row][vc_column][vc_raw_html]JTNDc3R5bGUlM0UlMEEubWVudS1pdGVtLTI0NiUyMGElMjAubWVudS1pdGVtLXRleHQlMjAubWVudS10ZXh0JTIwJTdCJTBBJTIwJTIwJTIwJTIwY29sb3IlM0ElMjAlMjMwMGE4YjQlMjAlMjFpbXBvcnRhbnQlM0IlMEElN0QlMEElM0MlMkZzdHlsZSUzRQ==[\/vc_raw_html][\/vc_column][\/vc_row]<\/p>\n<\/div>","protected":false},"excerpt":{"rendered":"<p>[vc_row margin_top=\u00bb50px\u00bb margin_bottom=\u00bb40px\u00bb][vc_column width=\u00bb1\/4&#8243; css=\u00bb.vc_custom_1489653926973{margin-top: -20px !important;}\u00bb][vc_single_image image=\u00bb1148&#8243; img_size=\u00bbfull\u00bb alignment=\u00bbcenter\u00bb image_hovers=\u00bbfalse\u00bb][\/vc_column][vc_column width=\u00bb3\/4&#8243;][vc_column_text el_class=\u00bbtitu-negre\u00bb css=\u00bb.vc_custom_1523032591126{margin-bottom: 40px !important;}\u00bb]Merle Jacob[\/vc_column_text][vc_column_text]Merle Jacob defendi\u00f3 en 1997 su tesi doctoral, una teor\u00eda de la ciencia de la Universidad de G\u00f6teborg. Actualmente trabaja en el Instituto de Pol\u00edtica de la Investigaci\u00f3n, en la Universidad de Lund y en la Universidad de Link\u00f6ping,&hellip;<\/p>\n","protected":false},"author":1,"featured_media":0,"parent":0,"menu_order":0,"comment_status":"closed","ping_status":"closed","template":"","meta":{"footnotes":""},"class_list":["post-1173","page","type-page","status-publish","hentry","description-off"],"yoast_head":"<!-- This site is optimized with the Yoast SEO plugin v27.2 - https:\/\/yoast.com\/product\/yoast-seo-wordpress\/ -->\n<title>Merle Jacob - IND+I 2025<\/title>\n<meta name=\"robots\" content=\"index, follow, max-snippet:-1, max-image-preview:large, max-video-preview:-1\" \/>\n<link rel=\"canonical\" href=\"https:\/\/indi.cat\/es\/merle-jacob\/\" \/>\n<meta property=\"og:locale\" content=\"es_ES\" \/>\n<meta property=\"og:type\" content=\"article\" \/>\n<meta property=\"og:title\" content=\"Merle Jacob - IND+I 2025\" \/>\n<meta property=\"og:description\" content=\"[vc_row margin_top=\u00bb50px\u00bb margin_bottom=\u00bb40px\u00bb][vc_column width=\u00bb1\/4&#8243; css=\u00bb.vc_custom_1489653926973{margin-top: -20px !important;}\u00bb][vc_single_image image=\u00bb1148&#8243; img_size=\u00bbfull\u00bb alignment=\u00bbcenter\u00bb image_hovers=\u00bbfalse\u00bb][\/vc_column][vc_column width=\u00bb3\/4&#8243;][vc_column_text el_class=\u00bbtitu-negre\u00bb css=\u00bb.vc_custom_1523032591126{margin-bottom: 40px !important;}\u00bb]Merle Jacob[\/vc_column_text][vc_column_text]Merle Jacob defendi\u00f3 en 1997 su tesi doctoral, una teor\u00eda de la ciencia de la Universidad de G\u00f6teborg. Actualmente trabaja en el Instituto de Pol\u00edtica de la Investigaci\u00f3n, en la Universidad de Lund y en la Universidad de Link\u00f6ping,&hellip;\" \/>\n<meta property=\"og:url\" content=\"https:\/\/indi.cat\/es\/merle-jacob\/\" \/>\n<meta property=\"og:site_name\" content=\"IND+I 2025\" \/>\n<meta property=\"article:modified_time\" content=\"2018-05-09T12:38:52+00:00\" \/>\n<meta property=\"og:image\" content=\"https:\/\/indi.cat\/wp-content\/uploads\/icone-link.png\" \/>\n<meta name=\"twitter:card\" content=\"summary_large_image\" \/>\n<meta name=\"twitter:site\" content=\"@INDI_viladecans\" \/>\n<script type=\"application\/ld+json\" class=\"yoast-schema-graph\">{\"@context\":\"https:\/\/schema.org\",\"@graph\":[{\"@type\":\"WebPage\",\"@id\":\"https:\/\/indi.cat\/es\/merle-jacob\/\",\"url\":\"https:\/\/indi.cat\/es\/merle-jacob\/\",\"name\":\"Merle Jacob - IND+I 2025\",\"isPartOf\":{\"@id\":\"https:\/\/indi.cat\/#website\"},\"primaryImageOfPage\":{\"@id\":\"https:\/\/indi.cat\/es\/merle-jacob\/#primaryimage\"},\"image\":{\"@id\":\"https:\/\/indi.cat\/es\/merle-jacob\/#primaryimage\"},\"thumbnailUrl\":\"https:\/\/indi.cat\/wp-content\/uploads\/icone-link.png\",\"datePublished\":\"2018-04-06T15:52:25+00:00\",\"dateModified\":\"2018-05-09T12:38:52+00:00\",\"breadcrumb\":{\"@id\":\"https:\/\/indi.cat\/es\/merle-jacob\/#breadcrumb\"},\"inLanguage\":\"es\",\"potentialAction\":[{\"@type\":\"ReadAction\",\"target\":[\"https:\/\/indi.cat\/es\/merle-jacob\/\"]}]},{\"@type\":\"ImageObject\",\"inLanguage\":\"es\",\"@id\":\"https:\/\/indi.cat\/es\/merle-jacob\/#primaryimage\",\"url\":\"https:\/\/indi.cat\/wp-content\/uploads\/icone-link.png\",\"contentUrl\":\"https:\/\/indi.cat\/wp-content\/uploads\/icone-link.png\"},{\"@type\":\"BreadcrumbList\",\"@id\":\"https:\/\/indi.cat\/es\/merle-jacob\/#breadcrumb\",\"itemListElement\":[{\"@type\":\"ListItem\",\"position\":1,\"name\":\"Home\",\"item\":\"https:\/\/indi.cat\/es\/\"},{\"@type\":\"ListItem\",\"position\":2,\"name\":\"Merle Jacob\"}]},{\"@type\":\"WebSite\",\"@id\":\"https:\/\/indi.cat\/#website\",\"url\":\"https:\/\/indi.cat\/\",\"name\":\"IND+I 2025\",\"description\":\"Viladecans\",\"potentialAction\":[{\"@type\":\"SearchAction\",\"target\":{\"@type\":\"EntryPoint\",\"urlTemplate\":\"https:\/\/indi.cat\/?s={search_term_string}\"},\"query-input\":{\"@type\":\"PropertyValueSpecification\",\"valueRequired\":true,\"valueName\":\"search_term_string\"}}],\"inLanguage\":\"es\"}]}<\/script>\n<!-- \/ Yoast SEO plugin. -->","yoast_head_json":{"title":"Merle Jacob - IND+I 2025","robots":{"index":"index","follow":"follow","max-snippet":"max-snippet:-1","max-image-preview":"max-image-preview:large","max-video-preview":"max-video-preview:-1"},"canonical":"https:\/\/indi.cat\/es\/merle-jacob\/","og_locale":"es_ES","og_type":"article","og_title":"Merle Jacob - IND+I 2025","og_description":"[vc_row margin_top=\u00bb50px\u00bb margin_bottom=\u00bb40px\u00bb][vc_column width=\u00bb1\/4&#8243; css=\u00bb.vc_custom_1489653926973{margin-top: -20px !important;}\u00bb][vc_single_image image=\u00bb1148&#8243; img_size=\u00bbfull\u00bb alignment=\u00bbcenter\u00bb image_hovers=\u00bbfalse\u00bb][\/vc_column][vc_column width=\u00bb3\/4&#8243;][vc_column_text el_class=\u00bbtitu-negre\u00bb css=\u00bb.vc_custom_1523032591126{margin-bottom: 40px !important;}\u00bb]Merle Jacob[\/vc_column_text][vc_column_text]Merle Jacob defendi\u00f3 en 1997 su tesi doctoral, una teor\u00eda de la ciencia de la Universidad de G\u00f6teborg. Actualmente trabaja en el Instituto de Pol\u00edtica de la Investigaci\u00f3n, en la Universidad de Lund y en la Universidad de Link\u00f6ping,&hellip;","og_url":"https:\/\/indi.cat\/es\/merle-jacob\/","og_site_name":"IND+I 2025","article_modified_time":"2018-05-09T12:38:52+00:00","og_image":[{"url":"https:\/\/indi.cat\/wp-content\/uploads\/icone-link.png","type":"","width":"","height":""}],"twitter_card":"summary_large_image","twitter_site":"@INDI_viladecans","schema":{"@context":"https:\/\/schema.org","@graph":[{"@type":"WebPage","@id":"https:\/\/indi.cat\/es\/merle-jacob\/","url":"https:\/\/indi.cat\/es\/merle-jacob\/","name":"Merle Jacob - IND+I 2025","isPartOf":{"@id":"https:\/\/indi.cat\/#website"},"primaryImageOfPage":{"@id":"https:\/\/indi.cat\/es\/merle-jacob\/#primaryimage"},"image":{"@id":"https:\/\/indi.cat\/es\/merle-jacob\/#primaryimage"},"thumbnailUrl":"https:\/\/indi.cat\/wp-content\/uploads\/icone-link.png","datePublished":"2018-04-06T15:52:25+00:00","dateModified":"2018-05-09T12:38:52+00:00","breadcrumb":{"@id":"https:\/\/indi.cat\/es\/merle-jacob\/#breadcrumb"},"inLanguage":"es","potentialAction":[{"@type":"ReadAction","target":["https:\/\/indi.cat\/es\/merle-jacob\/"]}]},{"@type":"ImageObject","inLanguage":"es","@id":"https:\/\/indi.cat\/es\/merle-jacob\/#primaryimage","url":"https:\/\/indi.cat\/wp-content\/uploads\/icone-link.png","contentUrl":"https:\/\/indi.cat\/wp-content\/uploads\/icone-link.png"},{"@type":"BreadcrumbList","@id":"https:\/\/indi.cat\/es\/merle-jacob\/#breadcrumb","itemListElement":[{"@type":"ListItem","position":1,"name":"Home","item":"https:\/\/indi.cat\/es\/"},{"@type":"ListItem","position":2,"name":"Merle Jacob"}]},{"@type":"WebSite","@id":"https:\/\/indi.cat\/#website","url":"https:\/\/indi.cat\/","name":"IND+I 2025","description":"Viladecans","potentialAction":[{"@type":"SearchAction","target":{"@type":"EntryPoint","urlTemplate":"https:\/\/indi.cat\/?s={search_term_string}"},"query-input":{"@type":"PropertyValueSpecification","valueRequired":true,"valueName":"search_term_string"}}],"inLanguage":"es"}]}},"_links":{"self":[{"href":"https:\/\/indi.cat\/es\/wp-json\/wp\/v2\/pages\/1173","targetHints":{"allow":["GET"]}}],"collection":[{"href":"https:\/\/indi.cat\/es\/wp-json\/wp\/v2\/pages"}],"about":[{"href":"https:\/\/indi.cat\/es\/wp-json\/wp\/v2\/types\/page"}],"author":[{"embeddable":true,"href":"https:\/\/indi.cat\/es\/wp-json\/wp\/v2\/users\/1"}],"replies":[{"embeddable":true,"href":"https:\/\/indi.cat\/es\/wp-json\/wp\/v2\/comments?post=1173"}],"version-history":[{"count":0,"href":"https:\/\/indi.cat\/es\/wp-json\/wp\/v2\/pages\/1173\/revisions"}],"wp:attachment":[{"href":"https:\/\/indi.cat\/es\/wp-json\/wp\/v2\/media?parent=1173"}],"curies":[{"name":"wp","href":"https:\/\/api.w.org\/{rel}","templated":true}]}}