{"id":112241,"date":"2026-03-05T13:33:06","date_gmt":"2026-03-05T12:33:06","guid":{"rendered":"https:\/\/indi.cat\/?page_id=112241"},"modified":"2026-03-05T13:33:07","modified_gmt":"2026-03-05T12:33:07","slug":"indi-day","status":"publish","type":"page","link":"https:\/\/indi.cat\/es\/indi-day\/","title":{"rendered":"IND+I Day"},"content":{"rendered":"<div class=\"wpb-content-wrapper\"><p>[vc_row type=\u00bbvc_default\u00bb content_placement=\u00bbmiddle\u00bb full_width_row=\u00bbtrue\u00bb css=\u00bb.vc_custom_1772190917213{margin-top: 3em !important;}\u00bb][vc_column css=\u00bb.vc_custom_1772191103580{margin-top: 50px !important;}\u00bb][vc_single_image image=\u00bb112214&#8243; img_size=\u00bblarge\u00bb alignment=\u00bbcenter\u00bb css=\u00bb\u00bb image_hovers=\u00bbfalse\u00bb el_class=\u00bbmanifest\u00bb][vc_row_inner equal_height=\u00bbyes\u00bb content_placement=\u00bbmiddle\u00bb][vc_column_inner width=\u00bb1\/2&#8243;][vc_single_image image=\u00bb112212&#8243; img_size=\u00bbfull\u00bb alignment=\u00bbcenter\u00bb onclick=\u00bbcustom_link\u00bb css=\u00bb\u00bb image_hovers=\u00bbfalse\u00bb link=\u00bb#entrades\u00bb][\/vc_column_inner][vc_column_inner width=\u00bb1\/2&#8243;][vc_single_image image=\u00bb1857&#8243; img_size=\u00bbfull\u00bb alignment=\u00bbcenter\u00bb onclick=\u00bbcustom_link\u00bb css=\u00bb\u00bb image_hovers=\u00bbfalse\u00bb link=\u00bb#mapa\u00bb][\/vc_column_inner][\/vc_row_inner][vc_single_image image=\u00bb1539&#8243; img_size=\u00bbfull\u00bb alignment=\u00bbcenter\u00bb image_hovers=\u00bbfalse\u00bb][vc_single_image image=\u00bb1499&#8243; img_size=\u00bbfull\u00bb alignment=\u00bbcenter\u00bb css=\u00bb.vc_custom_1488970024704{margin-top: -20px !important;}\u00bb image_hovers=\u00bbfalse\u00bb][\/vc_column][\/vc_row][vc_row type=\u00bbvc_default\u00bb full_width=\u00bbstretch_row_content_no_spaces\u00bb equal_height=\u00bbyes\u00bb content_placement=\u00bbmiddle\u00bb full_width_row=\u00bbtrue\u00bb bg_type=\u00bbbg_color\u00bb css=\u00bb.vc_custom_1772190813956{margin-bottom: 3em !important;padding-bottom: 4em !important;background-color: #000000 !important;}\u00bb bg_color_value=\u00bb#000000&#8243;][vc_column][vc_column_text css_animation=\u00bbfadeIn\u00bb css=\u00bb\u00bb el_class=\u00bbtitu-blanc\u00bb]<\/p>\n<p style=\"text-align: center; font-size: 32px;\"><span style=\"color: #00b4c1;\">Una misi\u00f3n para una nueva d\u00e9cada<br \/>\n<\/span>porque la innovaci\u00f3n y la industria no se improvisan<\/p>\n<p>[\/vc_column_text][vc_column_text css_animation=\u00bbfadeIn\u00bb css=\u00bb\u00bb el_class=\u00bbblanc intro\u00bb]El <strong>IND+I Day 2026<\/strong> se celebra bajo el lema <strong>\u201cMISI\u00d3N 2036: El futuro ser\u00e1 el liderazgo industrial\u201d<\/strong>, un llamamiento a la acci\u00f3n colectiva para construir durante la pr\u00f3xima d\u00e9cada una <strong>industria europea s\u00f3lida, competitiva y con prop\u00f3sito<\/strong>.<\/p>\n<p>Esta Misi\u00f3n 2036 propone reflexionar sobre <strong>qu\u00e9 modelo industrial queremos y c\u00f3mo alcanzarlo<\/strong>: una industria capaz de generar valor, bienestar y empleo de calidad, que contribuya a la transici\u00f3n verde y digital, y que consolide la <strong>autonom\u00eda estrat\u00e9gica del continente<\/strong>.[\/vc_column_text][vc_single_image image=\u00bb112213&#8243; img_size=\u00bb500&#215;280&#8243; alignment=\u00bbcenter\u00bb css=\u00bb\u00bb][vc_column_text css_animation=\u00bbfadeIn\u00bb css=\u00bb\u00bb el_class=\u00bbblanc intro\u00bb]La <span style=\"color: #00b4c1;\"><strong>MISI\u00d3N 2036 LIDERAZGO INDUSTRIAL<\/strong><\/span> se articula en torno a 2 ejes:<\/p>\n<ul>\n<li><strong>REINVENTAR<\/strong> las cadenas de valor existentes y adaptarlas gracias a la innovaci\u00f3n.<\/li>\n<li><strong>REINDUSTRIALIZAR<\/strong> con nuevas capacidades productivas creando los sectores de la industria del 2036.<\/li>\n<\/ul>\n<p>[\/vc_column_text][\/vc_column][\/vc_row][vc_row type=\u00bbvc_default\u00bb full_width=\u00bbstretch_row_content\u00bb content_placement=\u00bbmiddle\u00bb full_width_row=\u00bbtrue\u00bb css=\u00bb.vc_custom_1772199266159{background-color: #ffffff !important;}\u00bb][vc_column][vc_column_text css_animation=\u00bbfadeIn\u00bb css=\u00bb\u00bb el_class=\u00bbtitu-blau\u00bb]<\/p>\n<p style=\"text-align: center;\">Una hoja de ruta compartida para la nueva d\u00e9cada<\/p>\n<p>[\/vc_column_text][vc_column_text css_animation=\u00bbfadeIn\u00bb css=\u00bb\u00bb el_class=\u00bbintro\u00bb]La <strong>Misi\u00f3n IND+I 2036<\/strong> se plantea como una hoja de ruta a diez a\u00f1os vista, inspirada en el concepto de las misiones orientadas al prop\u00f3sito de la economista <strong>Mariana Mazzucato<\/strong>. Estas misiones buscan alinear esfuerzos p\u00fablicos, privados y sociales para abordar los grandes retos de nuestro tiempo con <strong>una direcci\u00f3n com\u00fan y resultados medibles<\/strong>.<\/p>\n<p>En este sentido, el IND+I aspira a convertirse en un <strong>espacio de convergencia<\/strong> entre el sector industrial, el tejido innovador, las administraciones p\u00fablicas y la comunidad cient\u00edfica, contribuyendo a dar apoyo al <strong>Estado emprendedor<\/strong> y al conjunto de actores que impulsan el cambio.<\/p>\n<p>El objetivo: <strong>crear las condiciones para que Europa recupere el liderazgo industrial<\/strong>, apostando por un modelo basado en <strong>la autonom\u00eda, la resiliencia, el talento y la innovaci\u00f3n<\/strong>.[\/vc_column_text][\/vc_column][\/vc_row][vc_row type=\u00bbvc_default\u00bb full_width=\u00bbstretch_row_content_no_spaces\u00bb content_placement=\u00bbmiddle\u00bb full_width_row=\u00bbtrue\u00bb css=\u00bb.vc_custom_1772199390249{margin-top: 3em !important;margin-bottom: 3em !important;background-color: #000000 !important;}\u00bb][vc_column][vc_column_text css=\u00bb.vc_custom_1700136043928{margin-bottom: 5px !important;}\u00bb]<\/p>\n<div style=\"text-align: center; width: 100%;\"><a href=\"https:\/\/twitter.com\/INDIViladecans\" target=\"_blank\" rel=\"noopener noreferrer\"><img decoding=\"async\" class=\"wp-image-65 size-full\" style=\"margin-right: 3px;\" src=\"https:\/\/indi.cat\/wp-content\/uploads\/twi-b.png\" alt=\"\" width=\"32\" height=\"37\" \/><\/a><a href=\"https:\/\/www.linkedin.com\/in\/indi-viladecans-12a96813b\/\" target=\"_blank\" rel=\"noopener noreferrer\"><img decoding=\"async\" class=\"wp-image-63 size-full\" style=\"margin-right: 3px;\" src=\"https:\/\/indi.cat\/wp-content\/uploads\/link-b.png\" alt=\"\" width=\"32\" height=\"37\" \/><\/a><a href=\"https:\/\/www.youtube.com\/@canalindi7217\" target=\"_blank\" rel=\"noopener noreferrer\"><img decoding=\"async\" class=\"wp-image-68 size-full\" src=\"https:\/\/indi.cat\/wp-content\/uploads\/you-b-1.png\" alt=\"\" width=\"32\" height=\"37\" \/><\/a><\/div>\n<p>[\/vc_column_text][vc_column_text el_class=\u00bbblanc\u00bb]<\/p>\n<p style=\"text-align: center;\">#FENTLINDI<\/p>\n<p>[\/vc_column_text][\/vc_column][\/vc_row][vc_row type=\u00bbvc_default\u00bb full_width=\u00bbstretch_row_content\u00bb content_placement=\u00bbmiddle\u00bb full_width_row=\u00bbtrue\u00bb css=\u00bb.vc_custom_1772192446387{background-color: #ffffff !important;}\u00bb][vc_column][vc_column_text el_class=\u00bbtitu-negre\u00bb]<\/p>\n<p style=\"text-align: center;\">Qu\u00e9 dicen del IND+I<\/p>\n<p>[\/vc_column_text][vc_single_image image=\u00bb1499&#8243; img_size=\u00bbfull\u00bb alignment=\u00bbcenter\u00bb css=\u00bb.vc_custom_1488970024704{margin-top: -20px !important;}\u00bb image_hovers=\u00bbfalse\u00bb][vc_row_inner][vc_column_inner width=\u00bb1\/2&#8243;][vc_column_text css=\u00bb.vc_custom_1578502695143{margin-top: 21px !important;margin-bottom: 10px !important;}\u00bb]<span style=\"font-size: 22px;\">\u00daltimas noticias<\/span>[\/vc_column_text][vc_separator color=\u00bbblack\u00bb][vc_column_text css=\u00bb.vc_custom_1491817089086{margin-bottom: 1px !important;}\u00bb]<\/p>\n<div style=\"height: 360px; overflow-y: scroll;\"><ul class=\"lcp_catlist\" id=\"lcp_instance_0\"><li><a href=\"https:\/\/indi.cat\/es\/indi-club-upc-27-de-marzo\/\">IND+I Club UPC: 27 de marzo<\/a><a href=\"https:\/\/indi.cat\/es\/indi-club-upc-27-de-marzo\/\" title=\"IND+I Club UPC: 27 de marzo\"><img decoding=\"async\" width=\"150\" height=\"150\" src=\"https:\/\/indi.cat\/wp-content\/uploads\/indi20171-150x150.gif\" class=\"lcp_thumbnail wp-post-image\" alt=\"IND+I Club UPC: 27 de marzo\" \/><\/a><div class=\"lcp_excerpt\">Nueva edici\u00f3n del IND+I Club en UPC organitzado conjuntamente con el la Universidad Polit\u00e9cnica de Catalu\u00f1a con una sesi\u00f3n h\u00edbrida, en la Biblioteca Rector Gabriel ...<\/div><\/li><li><a href=\"https:\/\/indi.cat\/es\/indi-club-ermua-9-abril\/\">IND+I Club Ermua: 9 de abril<\/a><a href=\"https:\/\/indi.cat\/es\/indi-club-ermua-9-abril\/\" title=\"IND+I Club Ermua: 9 de abril\"><img decoding=\"async\" width=\"150\" height=\"150\" src=\"https:\/\/indi.cat\/wp-content\/uploads\/indi20171-150x150.gif\" class=\"lcp_thumbnail wp-post-image\" alt=\"IND+I Club Ermua: 9 de abril\" \/><\/a><div class=\"lcp_excerpt\">Nueva edici\u00f3n del IND+I Club, por primera vez en Ermua organitzado conjuntamente con el Ayuntamiento de Ermua con una sesi\u00f3n h\u00edbrida, en el Izarra Centre, ...<\/div><\/li><li><a href=\"https:\/\/indi.cat\/es\/indi-club-aviles-18-de-marzo\/\">IND+I Club Avil\u00e9s: 18 de marzo<\/a><a href=\"https:\/\/indi.cat\/es\/indi-club-aviles-18-de-marzo\/\" title=\"IND+I Club Avil\u00e9s: 18 de marzo\"><img decoding=\"async\" width=\"150\" height=\"150\" src=\"https:\/\/indi.cat\/wp-content\/uploads\/indi20171-150x150.gif\" class=\"lcp_thumbnail wp-post-image\" alt=\"IND+I Club Avil\u00e9s: 18 de marzo\" \/><\/a><div class=\"lcp_excerpt\">Nueva edici\u00f3n del IND+I Club en Avil\u00e9s organitzado conjuntamente con el Ayuntamiento de Avil\u00e9s con una sesi\u00f3n h\u00edbrida, en el Espacio Maqua, C. de la ...<\/div><\/li><li><a href=\"https:\/\/indi.cat\/es\/indi-club-sagunto-18-de-febrero\/\">IND+I Club Sagunto: 18 de febrero<\/a><a href=\"https:\/\/indi.cat\/es\/indi-club-sagunto-18-de-febrero\/\" title=\"IND+I Club Sagunto: 18 de febrero\"><img decoding=\"async\" width=\"150\" height=\"150\" src=\"https:\/\/indi.cat\/wp-content\/uploads\/indi20171-150x150.gif\" class=\"lcp_thumbnail wp-post-image\" alt=\"IND+I Club Sagunto: 18 de febrero\" \/><\/a><div class=\"lcp_excerpt\">Nueva edici\u00f3n del IND+I Club en Sagunto organitzado conjuntamente con el Ayuntamiento de Sagunto con una sesi\u00f3n h\u00edbrida, en la Sede de la Fundaci\u00f3 Port ...<\/div><\/li><\/ul><\/div>\n<p>[\/vc_column_text][vc_separator color=\u00bbblack\u00bb css=\u00bb.vc_custom_1491816336139{margin-bottom: 18px !important;}\u00bb][vc_column_text]<a href=\"https:\/\/indi.cat\/es\/ver-todas-las-noticias\/\">Veure totes les not\u00edcies<\/a>[\/vc_column_text][\/vc_column_inner][vc_column_inner width=\u00bb1\/2&#8243;][vc_raw_html]JTNDYSUyMGNsYXNzJTNEJTIydHdpdHRlci10aW1lbGluZSUyMiUyMGRhdGEtaGVpZ2h0JTNEJTIyNTAwJTIyJTIwaHJlZiUzRCUyMmh0dHBzJTNBJTJGJTJGdHdpdHRlci5jb20lMkZJTkRJdmlsYWRlY2FucyUzRnJlZl9zcmMlM0R0d3NyYyUyNTVFdGZ3JTIyJTNFVHdlZXRzJTIwZGUlMjBJTkRJX3ZpbGFkZWNhbnMlM0MlMkZhJTNFJTIwJTNDc2NyaXB0JTIwYXN5bmMlMjBzcmMlM0QlMjJodHRwcyUzQSUyRiUyRnBsYXRmb3JtLnR3aXR0ZXIuY29tJTJGd2lkZ2V0cy5qcyUyMiUyMGNoYXJzZXQlM0QlMjJ1dGYtOCUyMiUzRSUzQyUyRnNjcmlwdCUzRSUyMA==[\/vc_raw_html][\/vc_column_inner][\/vc_row_inner][\/vc_column][\/vc_row]<\/p>\n<\/div>","protected":false},"excerpt":{"rendered":"<p>[vc_row type=\u00bbvc_default\u00bb content_placement=\u00bbmiddle\u00bb full_width_row=\u00bbtrue\u00bb css=\u00bb.vc_custom_1772190917213{margin-top: 3em !important;}\u00bb][vc_column css=\u00bb.vc_custom_1772191103580{margin-top: 50px !important;}\u00bb][vc_single_image image=\u00bb112214&#8243; img_size=\u00bblarge\u00bb alignment=\u00bbcenter\u00bb css=\u00bb\u00bb image_hovers=\u00bbfalse\u00bb el_class=\u00bbmanifest\u00bb][vc_row_inner equal_height=\u00bbyes\u00bb content_placement=\u00bbmiddle\u00bb][vc_column_inner width=\u00bb1\/2&#8243;][vc_single_image image=\u00bb112212&#8243; img_size=\u00bbfull\u00bb alignment=\u00bbcenter\u00bb onclick=\u00bbcustom_link\u00bb css=\u00bb\u00bb image_hovers=\u00bbfalse\u00bb link=\u00bb#entrades\u00bb][\/vc_column_inner][vc_column_inner width=\u00bb1\/2&#8243;][vc_single_image image=\u00bb1857&#8243; img_size=\u00bbfull\u00bb alignment=\u00bbcenter\u00bb onclick=\u00bbcustom_link\u00bb css=\u00bb\u00bb image_hovers=\u00bbfalse\u00bb link=\u00bb#mapa\u00bb][\/vc_column_inner][\/vc_row_inner][vc_single_image image=\u00bb1539&#8243; img_size=\u00bbfull\u00bb alignment=\u00bbcenter\u00bb image_hovers=\u00bbfalse\u00bb][vc_single_image image=\u00bb1499&#8243; img_size=\u00bbfull\u00bb alignment=\u00bbcenter\u00bb css=\u00bb.vc_custom_1488970024704{margin-top: -20px !important;}\u00bb image_hovers=\u00bbfalse\u00bb][\/vc_column][\/vc_row][vc_row type=\u00bbvc_default\u00bb full_width=\u00bbstretch_row_content_no_spaces\u00bb equal_height=\u00bbyes\u00bb content_placement=\u00bbmiddle\u00bb full_width_row=\u00bbtrue\u00bb bg_type=\u00bbbg_color\u00bb css=\u00bb.vc_custom_1772190813956{margin-bottom: 3em !important;padding-bottom: 4em&hellip;<\/p>\n","protected":false},"author":1,"featured_media":111759,"parent":0,"menu_order":0,"comment_status":"closed","ping_status":"closed","template":"template-microsite.php","meta":{"footnotes":""},"class_list":["post-112241","page","type-page","status-publish","has-post-thumbnail","hentry","description-off"],"yoast_head":"<!-- This site is optimized with the Yoast SEO plugin v27.2 - https:\/\/yoast.com\/product\/yoast-seo-wordpress\/ -->\n<title>IND+I 2025<\/title>\n<meta name=\"description\" content=\"En la 9\u00aa edici\u00f3n del IND+I Day exploraremos la geoestrategia industrial y tecnol\u00f3gica, un tema clave en un contexto global cada vez m\u00e1s complejo, interconectado y competitivo.\" \/>\n<meta name=\"robots\" content=\"index, follow, max-snippet:-1, max-image-preview:large, max-video-preview:-1\" \/>\n<link rel=\"canonical\" href=\"https:\/\/indi.cat\/es\/indi-day\/\" \/>\n<meta property=\"og:locale\" content=\"es_ES\" \/>\n<meta property=\"og:type\" content=\"article\" \/>\n<meta property=\"og:title\" content=\"IND+I 2025\" \/>\n<meta property=\"og:description\" content=\"En la 9\u00aa edici\u00f3n del IND+I Day exploraremos la geoestrategia industrial y tecnol\u00f3gica, un tema clave en un contexto global cada vez m\u00e1s complejo, interconectado y competitivo.\" \/>\n<meta property=\"og:url\" content=\"https:\/\/indi.cat\/es\/indi-day\/\" \/>\n<meta property=\"og:site_name\" content=\"IND+I 2025\" \/>\n<meta property=\"article:modified_time\" content=\"2026-03-05T12:33:07+00:00\" \/>\n<meta property=\"og:image\" content=\"https:\/\/indi.cat\/wp-content\/uploads\/indi-day-2025-es.jpg\" \/>\n\t<meta property=\"og:image:width\" content=\"1814\" \/>\n\t<meta property=\"og:image:height\" content=\"972\" \/>\n\t<meta property=\"og:image:type\" content=\"image\/jpeg\" \/>\n<meta name=\"twitter:card\" content=\"summary_large_image\" \/>\n<meta name=\"twitter:title\" content=\"IND+I 2025\" \/>\n<meta name=\"twitter:description\" content=\"En la 9\u00aa edici\u00f3n del IND+I Day exploraremos la geoestrategia industrial y tecnol\u00f3gica, un tema clave en un contexto global cada vez m\u00e1s complejo, interconectado y competitivo.\" \/>\n<meta name=\"twitter:image\" content=\"https:\/\/indi.cat\/wp-content\/uploads\/indi-day-2025-es.jpg\" \/>\n<meta name=\"twitter:site\" content=\"@INDI_viladecans\" \/>\n<script type=\"application\/ld+json\" class=\"yoast-schema-graph\">{\"@context\":\"https:\/\/schema.org\",\"@graph\":[{\"@type\":\"WebPage\",\"@id\":\"https:\/\/indi.cat\/es\/indi-day\/\",\"url\":\"https:\/\/indi.cat\/es\/indi-day\/\",\"name\":\"IND+I 2025\",\"isPartOf\":{\"@id\":\"https:\/\/indi.cat\/#website\"},\"primaryImageOfPage\":{\"@id\":\"https:\/\/indi.cat\/es\/indi-day\/#primaryimage\"},\"image\":{\"@id\":\"https:\/\/indi.cat\/es\/indi-day\/#primaryimage\"},\"thumbnailUrl\":\"https:\/\/indi.cat\/wp-content\/uploads\/indi-day-2025-es.jpg\",\"datePublished\":\"2026-03-05T12:33:06+00:00\",\"dateModified\":\"2026-03-05T12:33:07+00:00\",\"description\":\"En la 9\u00aa edici\u00f3n del IND+I Day exploraremos la geoestrategia industrial y tecnol\u00f3gica, un tema clave en un contexto global cada vez m\u00e1s complejo, interconectado y competitivo.\",\"breadcrumb\":{\"@id\":\"https:\/\/indi.cat\/es\/indi-day\/#breadcrumb\"},\"inLanguage\":\"es\",\"potentialAction\":[{\"@type\":\"ReadAction\",\"target\":[\"https:\/\/indi.cat\/es\/indi-day\/\"]}]},{\"@type\":\"ImageObject\",\"inLanguage\":\"es\",\"@id\":\"https:\/\/indi.cat\/es\/indi-day\/#primaryimage\",\"url\":\"https:\/\/indi.cat\/wp-content\/uploads\/indi-day-2025-es.jpg\",\"contentUrl\":\"https:\/\/indi.cat\/wp-content\/uploads\/indi-day-2025-es.jpg\",\"width\":1814,\"height\":972},{\"@type\":\"BreadcrumbList\",\"@id\":\"https:\/\/indi.cat\/es\/indi-day\/#breadcrumb\",\"itemListElement\":[{\"@type\":\"ListItem\",\"position\":1,\"name\":\"Home\",\"item\":\"https:\/\/indi.cat\/es\/\"},{\"@type\":\"ListItem\",\"position\":2,\"name\":\"IND+I Day\"}]},{\"@type\":\"WebSite\",\"@id\":\"https:\/\/indi.cat\/#website\",\"url\":\"https:\/\/indi.cat\/\",\"name\":\"IND+I 2025\",\"description\":\"Viladecans\",\"potentialAction\":[{\"@type\":\"SearchAction\",\"target\":{\"@type\":\"EntryPoint\",\"urlTemplate\":\"https:\/\/indi.cat\/?s={search_term_string}\"},\"query-input\":{\"@type\":\"PropertyValueSpecification\",\"valueRequired\":true,\"valueName\":\"search_term_string\"}}],\"inLanguage\":\"es\"}]}<\/script>\n<!-- \/ Yoast SEO plugin. -->","yoast_head_json":{"title":"IND+I 2025","description":"En la 9\u00aa edici\u00f3n del IND+I Day exploraremos la geoestrategia industrial y tecnol\u00f3gica, un tema clave en un contexto global cada vez m\u00e1s complejo, interconectado y competitivo.","robots":{"index":"index","follow":"follow","max-snippet":"max-snippet:-1","max-image-preview":"max-image-preview:large","max-video-preview":"max-video-preview:-1"},"canonical":"https:\/\/indi.cat\/es\/indi-day\/","og_locale":"es_ES","og_type":"article","og_title":"IND+I 2025","og_description":"En la 9\u00aa edici\u00f3n del IND+I Day exploraremos la geoestrategia industrial y tecnol\u00f3gica, un tema clave en un contexto global cada vez m\u00e1s complejo, interconectado y competitivo.","og_url":"https:\/\/indi.cat\/es\/indi-day\/","og_site_name":"IND+I 2025","article_modified_time":"2026-03-05T12:33:07+00:00","og_image":[{"width":1814,"height":972,"url":"https:\/\/indi.cat\/wp-content\/uploads\/indi-day-2025-es.jpg","type":"image\/jpeg"}],"twitter_card":"summary_large_image","twitter_title":"IND+I 2025","twitter_description":"En la 9\u00aa edici\u00f3n del IND+I Day exploraremos la geoestrategia industrial y tecnol\u00f3gica, un tema clave en un contexto global cada vez m\u00e1s complejo, interconectado y competitivo.","twitter_image":"https:\/\/indi.cat\/wp-content\/uploads\/indi-day-2025-es.jpg","twitter_site":"@INDI_viladecans","schema":{"@context":"https:\/\/schema.org","@graph":[{"@type":"WebPage","@id":"https:\/\/indi.cat\/es\/indi-day\/","url":"https:\/\/indi.cat\/es\/indi-day\/","name":"IND+I 2025","isPartOf":{"@id":"https:\/\/indi.cat\/#website"},"primaryImageOfPage":{"@id":"https:\/\/indi.cat\/es\/indi-day\/#primaryimage"},"image":{"@id":"https:\/\/indi.cat\/es\/indi-day\/#primaryimage"},"thumbnailUrl":"https:\/\/indi.cat\/wp-content\/uploads\/indi-day-2025-es.jpg","datePublished":"2026-03-05T12:33:06+00:00","dateModified":"2026-03-05T12:33:07+00:00","description":"En la 9\u00aa edici\u00f3n del IND+I Day exploraremos la geoestrategia industrial y tecnol\u00f3gica, un tema clave en un contexto global cada vez m\u00e1s complejo, interconectado y competitivo.","breadcrumb":{"@id":"https:\/\/indi.cat\/es\/indi-day\/#breadcrumb"},"inLanguage":"es","potentialAction":[{"@type":"ReadAction","target":["https:\/\/indi.cat\/es\/indi-day\/"]}]},{"@type":"ImageObject","inLanguage":"es","@id":"https:\/\/indi.cat\/es\/indi-day\/#primaryimage","url":"https:\/\/indi.cat\/wp-content\/uploads\/indi-day-2025-es.jpg","contentUrl":"https:\/\/indi.cat\/wp-content\/uploads\/indi-day-2025-es.jpg","width":1814,"height":972},{"@type":"BreadcrumbList","@id":"https:\/\/indi.cat\/es\/indi-day\/#breadcrumb","itemListElement":[{"@type":"ListItem","position":1,"name":"Home","item":"https:\/\/indi.cat\/es\/"},{"@type":"ListItem","position":2,"name":"IND+I Day"}]},{"@type":"WebSite","@id":"https:\/\/indi.cat\/#website","url":"https:\/\/indi.cat\/","name":"IND+I 2025","description":"Viladecans","potentialAction":[{"@type":"SearchAction","target":{"@type":"EntryPoint","urlTemplate":"https:\/\/indi.cat\/?s={search_term_string}"},"query-input":{"@type":"PropertyValueSpecification","valueRequired":true,"valueName":"search_term_string"}}],"inLanguage":"es"}]}},"_links":{"self":[{"href":"https:\/\/indi.cat\/es\/wp-json\/wp\/v2\/pages\/112241","targetHints":{"allow":["GET"]}}],"collection":[{"href":"https:\/\/indi.cat\/es\/wp-json\/wp\/v2\/pages"}],"about":[{"href":"https:\/\/indi.cat\/es\/wp-json\/wp\/v2\/types\/page"}],"author":[{"embeddable":true,"href":"https:\/\/indi.cat\/es\/wp-json\/wp\/v2\/users\/1"}],"replies":[{"embeddable":true,"href":"https:\/\/indi.cat\/es\/wp-json\/wp\/v2\/comments?post=112241"}],"version-history":[{"count":0,"href":"https:\/\/indi.cat\/es\/wp-json\/wp\/v2\/pages\/112241\/revisions"}],"wp:featuredmedia":[{"embeddable":true,"href":"https:\/\/indi.cat\/es\/wp-json\/wp\/v2\/media\/111759"}],"wp:attachment":[{"href":"https:\/\/indi.cat\/es\/wp-json\/wp\/v2\/media?parent=112241"}],"curies":[{"name":"wp","href":"https:\/\/api.w.org\/{rel}","templated":true}]}}