{"id":111677,"date":"2025-01-17T13:25:57","date_gmt":"2025-01-17T13:25:57","guid":{"rendered":"https:\/\/indi.cat\/?page_id=111677"},"modified":"2025-03-31T13:06:33","modified_gmt":"2025-03-31T11:06:33","slug":"indi-club-edicion-2024","status":"publish","type":"page","link":"https:\/\/indi.cat\/es\/club3\/indi-club-edicion-2024\/","title":{"rendered":"IND+I Club &#8211; Edici\u00f3n 2024"},"content":{"rendered":"<div class=\"wpb-content-wrapper\"><p>[vc_row type=\u00bbvc_default\u00bb full_width=\u00bbstretch_row\u00bb content_placement=\u00bbmiddle\u00bb][vc_column][vc_single_image image=\u00bb226&#8243; img_size=\u00bbfull\u00bb alignment=\u00bbcenter\u00bb image_hovers=\u00bbfalse\u00bb][\/vc_column][\/vc_row][vc_row type=\u00bbvc_default\u00bb full_width=\u00bbstretch_row\u00bb content_placement=\u00bbmiddle\u00bb][vc_column][vc_column_text el_class=\u00bbtitu-negre\u00bb]<\/p>\n<p style=\"text-align: center;\">Pendientes de los libros relevantes sobre innovaci\u00f3n<\/p>\n<p>[\/vc_column_text][vc_column_text]<\/p>\n<div style=\"max-width: 470px; text-align: justify; margin: auto;\">\n<p>El <b>IND+I Club <\/b>es una red de reflexi\u00f3n e intercambio participativo entre personas interesadas en el \u00e1mbito de la industria y la innovaci\u00f3n. Est\u00e1 abierto a todos y da continuidad al encuentro anual <b>IND+I <\/b>que se celebra en Viladecans anualmente.<\/p>\n<p><b>La actividad principal que realiza el IND+I Club es un Club de lectura<\/b>, en el que varios voluntarios <b>presentan y comentan libros <\/b>que les han parecido <b>relevantes en materia de innovaci\u00f3n e industria<\/b>.<\/p>\n<p>Sin duda, una ocasi\u00f3n excepcional para ponerse al d\u00eda de <b>las \u00faltimas tendencias. \u00bfTe animas a leer y presentar uno?<\/b><\/p>\n<\/div>\n<p>[\/vc_column_text][\/vc_column][\/vc_row][vc_row type=\u00bbvc_default\u00bb full_width=\u00bbstretch_row_content_no_spaces\u00bb content_placement=\u00bbmiddle\u00bb css=\u00bb.vc_custom_1489056578006{padding-top: 15px !important;padding-bottom: 15px !important;background-color: #000000 !important;}\u00bb][vc_column][vc_column_text el_class=\u00bbtitu-blanc\u00bb]<\/p>\n<p style=\"text-align: center;\">3a Sesi\u00f3n IND+I CLUB 2024<\/p>\n<p>[\/vc_column_text][\/vc_column][\/vc_row][vc_row type=\u00bbvc_default\u00bb full_width=\u00bbstretch_row\u00bb content_placement=\u00bbmiddle\u00bb][vc_column][vc_single_image image=\u00bb29&#8243; img_size=\u00bbfull\u00bb alignment=\u00bbcenter\u00bb image_hovers=\u00bbfalse\u00bb][\/vc_column][\/vc_row][vc_row type=\u00bbvc_default\u00bb full_width=\u00bbstretch_row\u00bb content_placement=\u00bbmiddle\u00bb css=\u00bb.vc_custom_1489057490422{margin-top: 20px !important;}\u00bb][vc_column][vc_column_text el_class=\u00bbsub-titu-negre\u00bb]<\/p>\n<p style=\"text-align: center;\"><strong>05\/06\/2024, 17:00h<\/strong><br \/>\n<strong>IND+I Club Alicante<\/strong><br \/>\nSesi\u00f3n presencial: Torre Juana, en Av. Pintor P\u00e9rez Gil, 16, 03540, Alicante<\/p>\n<p style=\"text-align: center;\"><a href=\"https:\/\/forms.gle\/Uk7ySpinaJAQhZ3Q9\">Formulario de inscripci\u00f3n<\/a><\/p>\n<p>[\/vc_column_text][\/vc_column][\/vc_row][vc_row][vc_column][vc_separator color=\u00bbcustom\u00bb border_width=\u00bb5&#8243; accent_color=\u00bb#00a8b4&#8243;][\/vc_column][\/vc_row][vc_row type=\u00bbvc_default\u00bb full_width=\u00bbstretch_row\u00bb content_placement=\u00bbmiddle\u00bb css=\u00bb.vc_custom_1541507098100{margin-bottom: 5em !important;}\u00bb][vc_column][vc_column_text css=\u00bb\u00bb el_class=\u00bbintro\u00bb]<\/p>\n<p style=\"text-align: center;\"><strong>AGENDA IND+I CLUB ALICANTE<\/strong><\/p>\n<p>&nbsp;<\/p>\n<p>17:00<strong> Bienvenida Institucional<\/strong>.<\/p>\n<p>17:05 <strong>Presentamos el IND+I.<\/strong><\/p>\n<p>17:15 <strong>Lecturas de innovaci\u00f3n<\/strong>:<\/p>\n<p><strong>Andr\u00e9s Pedre\u00f1o<\/strong>, co-fundador y presidente no ejecutivo de IT&amp;IS, director del observatorio para el an\u00e1lisis y desarrollo econ\u00f3mico de internet en Espa\u00f1a ADEI, presidente de AlicanTEC, director del observatorio Fintech y director del observatorio de inteligencia artificial, presenta el libro del que es autor junto con Lu\u00eds Moreno: \u00abEuropa frente a EE.UU. y China. Prevenir el declive en la era de la inteligencia artificial (Retos en la era de la inteligencia artificial)\u00bb.<\/p>\n<p><strong>\u00c0urea Rodr\u00edguez<\/strong>, profesora de la Universitat Rovira i Virgili, presenta el libro del que es autora \u00abAntes muerta que sin IA\u00bb.<\/p>\n<p>17:55 <strong>Turno de preguntas y debate<\/strong><\/p>\n<p>18:15 <strong>Cierre del acto<\/strong><\/p>\n<p>Modera <strong>Rosal\u00eda Mayo<\/strong>, presidenta de la Asociaci\u00f3n de Periodistas de la Provincia de Alicante.[\/vc_column_text][\/vc_column][\/vc_row][vc_row type=\u00bbvc_default\u00bb full_width=\u00bbstretch_row_content_no_spaces\u00bb content_placement=\u00bbmiddle\u00bb css=\u00bb.vc_custom_1489056578006{padding-top: 15px !important;padding-bottom: 15px !important;background-color: #000000 !important;}\u00bb][vc_column][vc_column_text el_class=\u00bbtitu-blanc\u00bb]<\/p>\n<p style=\"text-align: center;\">2a Sesi\u00f3n IND+I CLUB 2024<\/p>\n<p>[\/vc_column_text][\/vc_column][\/vc_row][vc_row type=\u00bbvc_default\u00bb full_width=\u00bbstretch_row\u00bb content_placement=\u00bbmiddle\u00bb][vc_column][vc_single_image image=\u00bb29&#8243; img_size=\u00bbfull\u00bb alignment=\u00bbcenter\u00bb image_hovers=\u00bbfalse\u00bb][\/vc_column][\/vc_row][vc_row type=\u00bbvc_default\u00bb full_width=\u00bbstretch_row\u00bb content_placement=\u00bbmiddle\u00bb css=\u00bb.vc_custom_1489057490422{margin-top: 20px !important;}\u00bb][vc_column][vc_column_text el_class=\u00bbsub-titu-negre\u00bb]<\/p>\n<p style=\"text-align: center;\"><strong>19\/03\/2024, 17:00h<\/strong><br \/>\n<strong>IND+I Club Madrid<\/strong><br \/>\nSesi\u00f3n h\u00edbrida: Presencial en la sede de ICEI (Instituto Complutense de Estudios Internacionales) a la Ctra. de H\u00famera, 96e, 28223, Pozuelo de Alarc\u00f3n (Madrid) y por ZOOM en formato virtual<\/p>\n<p style=\"text-align: center;\">Pr\u00f3ximamente: Inscripci\u00f3n asistencia<\/p>\n<p>[\/vc_column_text][\/vc_column][\/vc_row][vc_row][vc_column][vc_separator color=\u00bbcustom\u00bb border_width=\u00bb5&#8243; accent_color=\u00bb#00a8b4&#8243;][\/vc_column][\/vc_row][vc_row type=\u00bbvc_default\u00bb full_width=\u00bbstretch_row\u00bb content_placement=\u00bbmiddle\u00bb css=\u00bb.vc_custom_1541507098100{margin-bottom: 5em !important;}\u00bb][vc_column][vc_column_text el_class=\u00bbintro\u00bb]<\/p>\n<p style=\"text-align: center;\"><strong>AGENDA IND+I CLUB MADRID<\/strong><\/p>\n<p>&nbsp;<\/p>\n<p>17:00<strong> Bienvenida Institucional<\/strong>.<\/p>\n<p>17:05 <strong>Presentamos el IND+I<\/strong>, a cargo de <strong>\u00c0urea Rodr\u00edguez<\/strong>, experta en Innovaci\u00f3n y miembro del Consejo IND+I<\/p>\n<p>17:15 <strong>Lecturas de innovaci\u00f3n<\/strong>:<\/p>\n<p><strong>Jos\u00e9 M\u00aa Lasalle<\/strong>, Consultor independente y analista pol\u00edtico. Escritor y Profesor Universitario, presenta el libro del que es autor: \u00abCivilizaci\u00f3n Artificial\u00bb.<\/p>\n<p><strong>Blanca Espina Pah\u00ed<\/strong>, Senior Innovation Consultant en ACCI\u00d3 &#8211; Digital Mindset, presenta el libro del que es autora junto con Andr\u00e9s Raya Donet: \u201cDigital Soft Skills\u201d<\/p>\n<p>17:45 <strong>Turno de preguntas y debate<\/strong><\/p>\n<p>18:15 <strong>Cierre del acto<\/strong>[\/vc_column_text][\/vc_column][\/vc_row][vc_row type=\u00bbvc_default\u00bb full_width=\u00bbstretch_row_content_no_spaces\u00bb content_placement=\u00bbmiddle\u00bb css=\u00bb.vc_custom_1489056578006{padding-top: 15px !important;padding-bottom: 15px !important;background-color: #000000 !important;}\u00bb][vc_column][vc_column_text el_class=\u00bbtitu-blanc\u00bb]<\/p>\n<p style=\"text-align: center;\">1a Sesi\u00f3n IND+I CLUB 2024<\/p>\n<p>[\/vc_column_text][\/vc_column][\/vc_row][vc_row type=\u00bbvc_default\u00bb full_width=\u00bbstretch_row\u00bb content_placement=\u00bbmiddle\u00bb][vc_column][vc_single_image image=\u00bb29&#8243; img_size=\u00bbfull\u00bb alignment=\u00bbcenter\u00bb image_hovers=\u00bbfalse\u00bb][\/vc_column][\/vc_row][vc_row type=\u00bbvc_default\u00bb full_width=\u00bbstretch_row\u00bb content_placement=\u00bbmiddle\u00bb css=\u00bb.vc_custom_1489057490422{margin-top: 20px !important;}\u00bb][vc_column][vc_column_text el_class=\u00bbsub-titu-negre\u00bb]<\/p>\n<p style=\"text-align: center;\"><strong>29\/01\/2024, 17:00h<\/strong><br \/>\n<strong>IND+I Club Vilablareix<\/strong><br \/>\nSesi\u00f3n presencial: Sala de Confer\u00e8ncies de Can Guart (Carrer de la Farigola, 50 , Vilablareix)<\/p>\n<p style=\"text-align: center;\"><a href=\"https:\/\/docs.google.com\/forms\/d\/e\/1FAIpQLSeGUqgbyrXpxWkaZzfGnXNmMraNtfPrh4mz7XGWmljQ2JKfZA\/viewform\" target=\"_blank\" rel=\"noopener noreferrer\" data-saferedirecturl=\"#\">Inscripci\u00f3n asistencia<\/a><\/p>\n<p>[\/vc_column_text][\/vc_column][\/vc_row][vc_row][vc_column][vc_separator color=\u00bbcustom\u00bb border_width=\u00bb5&#8243; accent_color=\u00bb#00a8b4&#8243;][\/vc_column][\/vc_row][vc_row type=\u00bbvc_default\u00bb full_width=\u00bbstretch_row\u00bb content_placement=\u00bbmiddle\u00bb css=\u00bb.vc_custom_1541507098100{margin-bottom: 5em !important;}\u00bb][vc_column][vc_column_text el_class=\u00bbintro\u00bb]<\/p>\n<p style=\"text-align: center;\"><strong>AGENDA IND+I CLUB VILABLAREIX<\/strong><\/p>\n<p>&nbsp;<\/p>\n<p>17:00 <strong>Bienvenida Institucional,<\/strong> a cargo de <strong>Maite Tixis<\/strong>, alcaldesa de Vilablareix.<\/p>\n<p>17:05 <strong>Presentamos el IND+I,<\/strong> a cargo de <strong>\u00c0urea Rodr\u00edguez<\/strong>, experta en Innovaci\u00f3n y miembro del Consejo IND+I<\/p>\n<p>17:15 <strong>Lecturas de innovaci\u00f3n.<\/strong> Encuentro con los autores y los lectores:<\/p>\n<p><strong>Pere Condom,<\/strong> director del \u00c1rea de An\u00e1lisis Estrat\u00e9gico, en la Direcci\u00f3n General de Industria de la Generalitat de Catalunya y Director de la Oficina de Investigaci\u00f3n y Transferencia de Tecnolog\u00eda de la Universitat de Girona de 2020 a 2023 entre otros de otros cargos, presentar\u00e1 su libro Ciencia, Tecnolog\u00eda y Startups.<\/p>\n<p><strong>Xavier Amores<\/strong>, Director del Catalan Water Partenariado (CWP) y Presidente del Consejo por un uso sostenible del Agua en Catalu\u00f1a. Director del Programa de MBA de la Universitat de Girona y Profesor adjunto de la Universitat de Girona y de la EADA Business School, presentar\u00e1 el libro Limpio Positive. Impacto neto positivo. Como las personas valientes prosperan dando m\u00e1s de lo que reciben de Paul Polman y Andrew Winston.<\/p>\n<p><strong>Anna Pall\u00ed,<\/strong> Jefa de Vigilancia Tecnol\u00f3gica y Garant\u00eda de Calidad de la IRTA presentar\u00e1 el libre Dise\u00f1ando estructuras regenerativas de Daniel Christian Wahl.<\/p>\n<p>18:00 <strong>Turno de preguntas y debate<\/strong><\/p>\n<p>18:30 <strong>Networking<\/strong><\/p>\n<p>19:30 <strong>Cierre del acto<\/strong><\/p>\n<p><strong>Modera \u00c0urea Rodr\u00edguez,<\/strong> experta en Innovaci\u00f3n Digital y miembro del Consejo IND+I.[\/vc_column_text][\/vc_column][\/vc_row][vc_row type=\u00bbvc_default\u00bb full_width=\u00bbstretch_row\u00bb content_placement=\u00bbmiddle\u00bb][vc_column][vc_single_image image=\u00bb29&#8243; img_size=\u00bbfull\u00bb alignment=\u00bbcenter\u00bb image_hovers=\u00bbfalse\u00bb][\/vc_column][\/vc_row][vc_row type=\u00bbvc_default\u00bb full_width=\u00bbstretch_row\u00bb content_placement=\u00bbmiddle\u00bb][vc_column][vc_column_text el_class=\u00bbtitu-negre\u00bb]<\/p>\n<p style=\"text-align: center;\">FORMULARIO IND+I CLUB<\/p>\n<p>[\/vc_column_text][\/vc_column][\/vc_row][vc_row type=\u00bbvc_default\u00bb full_width=\u00bbstretch_row\u00bb content_placement=\u00bbmiddle\u00bb][vc_column][vc_column_text el_class=\u00bbtitu-negre\u00bb]\n<div class=\"wpcf7 no-js\" id=\"wpcf7-f249-o1\" lang=\"es-ES\" dir=\"ltr\" data-wpcf7-id=\"249\">\n<div class=\"screen-reader-response\"><p role=\"status\" aria-live=\"polite\" aria-atomic=\"true\"><\/p> <ul><\/ul><\/div>\n<form action=\"\/es\/wp-json\/wp\/v2\/pages\/111677#wpcf7-f249-o1\" method=\"post\" class=\"wpcf7-form init\" aria-label=\"Formulario de contacto\" novalidate=\"novalidate\" data-status=\"init\">\n<fieldset class=\"hidden-fields-container\"><input type=\"hidden\" name=\"_wpcf7\" value=\"249\" \/><input type=\"hidden\" name=\"_wpcf7_version\" value=\"6.1.5\" \/><input type=\"hidden\" name=\"_wpcf7_locale\" value=\"es_ES\" \/><input type=\"hidden\" name=\"_wpcf7_unit_tag\" value=\"wpcf7-f249-o1\" \/><input type=\"hidden\" name=\"_wpcf7_container_post\" value=\"0\" \/><input type=\"hidden\" name=\"_wpcf7_posted_data_hash\" value=\"\" \/><input type=\"hidden\" name=\"_wpcf7_recaptcha_response\" value=\"\" \/>\n<\/fieldset>\n<div id=\"responsive-form\" class=\"clearfix\">\n\t<div class=\"form-row\">\n\t\t<div class=\"column-half\">\n\t\t\t<p><span class=\"wpcf7-form-control-wrap\" data-name=\"your-name\"><input size=\"40\" maxlength=\"400\" class=\"wpcf7-form-control wpcf7-text wpcf7-validates-as-required\" aria-required=\"true\" aria-invalid=\"false\" placeholder=\"Nombre\" value=\"\" type=\"text\" name=\"your-name\" \/><\/span>\n\t\t\t<\/p>\n\t\t<\/div>\n\t\t<div class=\"column-half\">\n\t\t\t<p><span class=\"wpcf7-form-control-wrap\" data-name=\"your-apellidos\"><input size=\"40\" maxlength=\"400\" class=\"wpcf7-form-control wpcf7-text wpcf7-validates-as-required\" aria-required=\"true\" aria-invalid=\"false\" placeholder=\"Apellidos\" value=\"\" type=\"text\" name=\"your-apellidos\" \/><\/span>\n\t\t\t<\/p>\n\t\t<\/div>\n\t<\/div>\n\t<div class=\"form-row\">\n\t\t<div class=\"column-half\">\n\t\t\t<p><span class=\"wpcf7-form-control-wrap\" data-name=\"your-tlf\"><input size=\"40\" maxlength=\"400\" class=\"wpcf7-form-control wpcf7-text wpcf7-validates-as-required\" aria-required=\"true\" aria-invalid=\"false\" placeholder=\"Tel\u00e9fono\" value=\"\" type=\"text\" name=\"your-tlf\" \/><\/span>\n\t\t\t<\/p>\n\t\t<\/div>\n\t\t<div class=\"column-half\">\n\t\t\t<p><span class=\"wpcf7-form-control-wrap\" data-name=\"your-email\"><input size=\"40\" maxlength=\"400\" class=\"wpcf7-form-control wpcf7-email wpcf7-validates-as-required wpcf7-text wpcf7-validates-as-email\" aria-required=\"true\" aria-invalid=\"false\" placeholder=\"Correo electr\u00f3nico\" value=\"\" type=\"email\" name=\"your-email\" \/><\/span>\n\t\t\t<\/p>\n\t\t<\/div>\n\t<\/div>\n\t<div class=\"form-row\">\n\t\t<div class=\"column-half\">\n\t\t\t<p><span class=\"wpcf7-form-control-wrap\" data-name=\"your-profesion\"><input size=\"40\" maxlength=\"400\" class=\"wpcf7-form-control wpcf7-text wpcf7-validates-as-required\" aria-required=\"true\" aria-invalid=\"false\" placeholder=\"Cargo\" value=\"\" type=\"text\" name=\"your-profesion\" \/><\/span>\n\t\t\t<\/p>\n\t\t<\/div>\n\t\t<div class=\"column-half\">\n\t\t\t<p><span class=\"wpcf7-form-control-wrap\" data-name=\"your-organizacion\"><input size=\"40\" maxlength=\"400\" class=\"wpcf7-form-control wpcf7-text wpcf7-validates-as-required\" aria-required=\"true\" aria-invalid=\"false\" placeholder=\"Organizaci\u00f3n\" value=\"\" type=\"text\" name=\"your-organizacion\" \/><\/span>\n\t\t\t<\/p>\n\t\t<\/div>\n\t<\/div>\n\t<div class=\"form-row\">\n\t\t<div class=\"column-half\">\n\t\t\t<p><span class=\"wpcf7-form-control-wrap\" data-name=\"your-poblacion\"><input size=\"40\" maxlength=\"400\" class=\"wpcf7-form-control wpcf7-text wpcf7-validates-as-required\" aria-required=\"true\" aria-invalid=\"false\" placeholder=\"Municipio donde trabajo\" value=\"\" type=\"text\" name=\"your-poblacion\" \/><\/span>\n\t\t\t<\/p>\n\t\t<\/div>\n\t\t<div class=\"column-half\">\n\t\t\t<p><span class=\"wpcf7-form-control-wrap\" data-name=\"your-dni\"><input size=\"40\" maxlength=\"400\" class=\"wpcf7-form-control wpcf7-text wpcf7-validates-as-required\" aria-required=\"true\" aria-invalid=\"false\" placeholder=\"DNI\" value=\"\" type=\"text\" name=\"your-dni\" \/><\/span>\n\t\t\t<\/p>\n\t\t<\/div>\n\t<\/div>\n\t<div class=\"form-row\">\n\t\t<div class=\"column-half\">\n\t\t\t<p><span class=\"wpcf7-form-control-wrap\" data-name=\"your-linkedin\"><input size=\"40\" maxlength=\"400\" class=\"wpcf7-form-control wpcf7-text\" aria-invalid=\"false\" placeholder=\"Usuario Linkedin\" value=\"\" type=\"text\" name=\"your-linkedin\" \/><\/span>\n\t\t\t<\/p>\n\t\t<\/div>\n\t\t<div class=\"column-half\">\n\t\t\t<p><span class=\"wpcf7-form-control-wrap\" data-name=\"your-twitter\"><input size=\"40\" maxlength=\"400\" class=\"wpcf7-form-control wpcf7-text\" aria-invalid=\"false\" placeholder=\"Usuario Twitter\" value=\"\" type=\"text\" name=\"your-twitter\" \/><\/span>\n\t\t\t<\/p>\n\t\t<\/div>\n\t<\/div>\n\t<div class=\"form-row\">\n\t\t<div class=\"column-full\">\n\t\t\t<p><span style=\"font-size:14px; color:#00a8b4\">Tipo de organizaci\u00f3n (Indica una de las opciones)<\/span><br \/>\n<span class=\"wpcf7-form-control-wrap\" data-name=\"organizacion\"><select class=\"wpcf7-form-control wpcf7-select wpcf7-validates-as-required\" aria-required=\"true\" aria-invalid=\"false\" name=\"organizacion\"><option value=\"\">&#8212;Por favor, elige una opci\u00f3n&#8212;<\/option><option value=\"Empresa\">Empresa<\/option><option value=\"Administraci\u00f3n P\u00fablica\">Administraci\u00f3n P\u00fablica<\/option><option value=\"Universidad\">Universidad<\/option><option value=\"Otros\">Otros<\/option><\/select><\/span>\n\t\t\t<\/p>\n\t\t<\/div>\n\t<\/div>\n<\/div><!--end responsive-form-->\n<div style=\"max-width:600px; text-align:right;\">\n\t<p><input class=\"wpcf7-form-control wpcf7-submit has-spinner\" type=\"submit\" value=\"Enviar\" \/>\n\t<\/p>\n<\/div><div class=\"wpcf7-response-output\" aria-hidden=\"true\"><\/div>\n<\/form>\n<\/div>\n[\/vc_column_text][\/vc_column][\/vc_row][vc_row][vc_column][vc_column_text]<\/p>\n<div style=\"max-width: 600px; text-align: justify; font-size: 12px; margin: auto; line-height: 14px;\">De acuerdo con la Ley org\u00e1nica 15\/1999, del 13 de diciembre, de protecci\u00f3n de datos de car\u00e1cter personal, os comunicamos que la informaci\u00f3n contenida en este formulario se incluir\u00e1 en un fichero llamado Vilagenda, titularidad del Ayuntamiento de Viladecans, cuya finalidad es la transmisi\u00f3n de informaci\u00f3n diversa e invitaciones a actos. Pod\u00e9is ejercer los derechos de acceso, rectificaci\u00f3n, cancelaci\u00f3n y oposici\u00f3n dirigi\u00e9ndoos a Viladecans Informaci\u00f3, a Pla\u00e7a Europa 7, aportando una copia del DNI.<\/div>\n<p>[\/vc_column_text][\/vc_column][\/vc_row][vc_row][vc_column][vc_raw_html]JTNDc3R5bGUlM0UlMEEubWVudS1pdGVtLTI2NSUyMGElMjAubWVudS1pdGVtLXRleHQlMjAubWVudS10ZXh0JTIwJTdCJTBBJTIwJTIwJTIwJTIwY29sb3IlM0ElMjAlMjMwMGE4YjQlMjAlMjFpbXBvcnRhbnQlM0IlMEElN0QlMEEubW9yaXR6JTIwJTdCdmlzaWJpbGl0eSUzQSUyMHZpc2libGUlM0IlMjAlMjFpbXBvcnRhbnQlM0IlN0QlMEElM0MlMkZzdHlsZSUzRQ==[\/vc_raw_html][\/vc_column][\/vc_row]<\/p>\n<\/div>","protected":false},"excerpt":{"rendered":"<p>[vc_row type=\u00bbvc_default\u00bb full_width=\u00bbstretch_row\u00bb content_placement=\u00bbmiddle\u00bb][vc_column][vc_single_image image=\u00bb226&#8243; img_size=\u00bbfull\u00bb alignment=\u00bbcenter\u00bb image_hovers=\u00bbfalse\u00bb][\/vc_column][\/vc_row][vc_row type=\u00bbvc_default\u00bb full_width=\u00bbstretch_row\u00bb content_placement=\u00bbmiddle\u00bb][vc_column][vc_column_text el_class=\u00bbtitu-negre\u00bb] Pendientes de los libros relevantes sobre innovaci\u00f3n [\/vc_column_text][vc_column_text] El IND+I Club es una red de reflexi\u00f3n e intercambio participativo entre personas interesadas en el \u00e1mbito de la industria y la innovaci\u00f3n. Est\u00e1 abierto a todos y da continuidad al encuentro anual IND+I que&hellip;<\/p>\n","protected":false},"author":1,"featured_media":0,"parent":1402,"menu_order":0,"comment_status":"closed","ping_status":"closed","template":"","meta":{"footnotes":""},"class_list":["post-111677","page","type-page","status-publish","hentry","description-off"],"yoast_head":"<!-- This site is optimized with the Yoast SEO plugin v27.5 - https:\/\/yoast.com\/product\/yoast-seo-wordpress\/ -->\n<title>IND+I Club - Edici\u00f3n 2024 - IND+I 2025<\/title>\n<meta name=\"robots\" content=\"index, follow, max-snippet:-1, max-image-preview:large, max-video-preview:-1\" \/>\n<link rel=\"canonical\" href=\"https:\/\/indi.cat\/es\/club3\/indi-club-edicion-2024\/\" \/>\n<meta property=\"og:locale\" content=\"es_ES\" \/>\n<meta property=\"og:type\" content=\"article\" \/>\n<meta property=\"og:title\" content=\"IND+I Club - Edici\u00f3n 2024 - IND+I 2025\" \/>\n<meta property=\"og:description\" content=\"[vc_row type=\u00bbvc_default\u00bb full_width=\u00bbstretch_row\u00bb content_placement=\u00bbmiddle\u00bb][vc_column][vc_single_image image=\u00bb226&#8243; img_size=\u00bbfull\u00bb alignment=\u00bbcenter\u00bb image_hovers=\u00bbfalse\u00bb][\/vc_column][\/vc_row][vc_row type=\u00bbvc_default\u00bb full_width=\u00bbstretch_row\u00bb content_placement=\u00bbmiddle\u00bb][vc_column][vc_column_text el_class=\u00bbtitu-negre\u00bb] Pendientes de los libros relevantes sobre innovaci\u00f3n [\/vc_column_text][vc_column_text] El IND+I Club es una red de reflexi\u00f3n e intercambio participativo entre personas interesadas en el \u00e1mbito de la industria y la innovaci\u00f3n. Est\u00e1 abierto a todos y da continuidad al encuentro anual IND+I que&hellip;\" \/>\n<meta property=\"og:url\" content=\"https:\/\/indi.cat\/es\/club3\/indi-club-edicion-2024\/\" \/>\n<meta property=\"og:site_name\" content=\"IND+I 2025\" \/>\n<meta property=\"article:modified_time\" content=\"2025-03-31T11:06:33+00:00\" \/>\n<meta name=\"twitter:card\" content=\"summary_large_image\" \/>\n<meta name=\"twitter:site\" content=\"@INDI_viladecans\" \/>\n<script type=\"application\/ld+json\" class=\"yoast-schema-graph\">{\"@context\":\"https:\\\/\\\/schema.org\",\"@graph\":[{\"@type\":\"WebPage\",\"@id\":\"https:\\\/\\\/indi.cat\\\/es\\\/club3\\\/indi-club-edicion-2024\\\/\",\"url\":\"https:\\\/\\\/indi.cat\\\/es\\\/club3\\\/indi-club-edicion-2024\\\/\",\"name\":\"IND+I Club - Edici\u00f3n 2024 - IND+I 2025\",\"isPartOf\":{\"@id\":\"https:\\\/\\\/indi.cat\\\/#website\"},\"datePublished\":\"2025-01-17T13:25:57+00:00\",\"dateModified\":\"2025-03-31T11:06:33+00:00\",\"breadcrumb\":{\"@id\":\"https:\\\/\\\/indi.cat\\\/es\\\/club3\\\/indi-club-edicion-2024\\\/#breadcrumb\"},\"inLanguage\":\"es\",\"potentialAction\":[{\"@type\":\"ReadAction\",\"target\":[\"https:\\\/\\\/indi.cat\\\/es\\\/club3\\\/indi-club-edicion-2024\\\/\"]}]},{\"@type\":\"BreadcrumbList\",\"@id\":\"https:\\\/\\\/indi.cat\\\/es\\\/club3\\\/indi-club-edicion-2024\\\/#breadcrumb\",\"itemListElement\":[{\"@type\":\"ListItem\",\"position\":1,\"name\":\"Home\",\"item\":\"https:\\\/\\\/indi.cat\\\/es\\\/\"},{\"@type\":\"ListItem\",\"position\":2,\"name\":\"Club3\",\"item\":\"https:\\\/\\\/indi.cat\\\/es\\\/club3\\\/\"},{\"@type\":\"ListItem\",\"position\":3,\"name\":\"IND+I Club &#8211; Edici\u00f3n 2024\"}]},{\"@type\":\"WebSite\",\"@id\":\"https:\\\/\\\/indi.cat\\\/#website\",\"url\":\"https:\\\/\\\/indi.cat\\\/\",\"name\":\"IND+I 2025\",\"description\":\"Viladecans\",\"potentialAction\":[{\"@type\":\"SearchAction\",\"target\":{\"@type\":\"EntryPoint\",\"urlTemplate\":\"https:\\\/\\\/indi.cat\\\/?s={search_term_string}\"},\"query-input\":{\"@type\":\"PropertyValueSpecification\",\"valueRequired\":true,\"valueName\":\"search_term_string\"}}],\"inLanguage\":\"es\"}]}<\/script>\n<!-- \/ Yoast SEO plugin. -->","yoast_head_json":{"title":"IND+I Club - Edici\u00f3n 2024 - IND+I 2025","robots":{"index":"index","follow":"follow","max-snippet":"max-snippet:-1","max-image-preview":"max-image-preview:large","max-video-preview":"max-video-preview:-1"},"canonical":"https:\/\/indi.cat\/es\/club3\/indi-club-edicion-2024\/","og_locale":"es_ES","og_type":"article","og_title":"IND+I Club - Edici\u00f3n 2024 - IND+I 2025","og_description":"[vc_row type=\u00bbvc_default\u00bb full_width=\u00bbstretch_row\u00bb content_placement=\u00bbmiddle\u00bb][vc_column][vc_single_image image=\u00bb226&#8243; img_size=\u00bbfull\u00bb alignment=\u00bbcenter\u00bb image_hovers=\u00bbfalse\u00bb][\/vc_column][\/vc_row][vc_row type=\u00bbvc_default\u00bb full_width=\u00bbstretch_row\u00bb content_placement=\u00bbmiddle\u00bb][vc_column][vc_column_text el_class=\u00bbtitu-negre\u00bb] Pendientes de los libros relevantes sobre innovaci\u00f3n [\/vc_column_text][vc_column_text] El IND+I Club es una red de reflexi\u00f3n e intercambio participativo entre personas interesadas en el \u00e1mbito de la industria y la innovaci\u00f3n. Est\u00e1 abierto a todos y da continuidad al encuentro anual IND+I que&hellip;","og_url":"https:\/\/indi.cat\/es\/club3\/indi-club-edicion-2024\/","og_site_name":"IND+I 2025","article_modified_time":"2025-03-31T11:06:33+00:00","twitter_card":"summary_large_image","twitter_site":"@INDI_viladecans","schema":{"@context":"https:\/\/schema.org","@graph":[{"@type":"WebPage","@id":"https:\/\/indi.cat\/es\/club3\/indi-club-edicion-2024\/","url":"https:\/\/indi.cat\/es\/club3\/indi-club-edicion-2024\/","name":"IND+I Club - Edici\u00f3n 2024 - IND+I 2025","isPartOf":{"@id":"https:\/\/indi.cat\/#website"},"datePublished":"2025-01-17T13:25:57+00:00","dateModified":"2025-03-31T11:06:33+00:00","breadcrumb":{"@id":"https:\/\/indi.cat\/es\/club3\/indi-club-edicion-2024\/#breadcrumb"},"inLanguage":"es","potentialAction":[{"@type":"ReadAction","target":["https:\/\/indi.cat\/es\/club3\/indi-club-edicion-2024\/"]}]},{"@type":"BreadcrumbList","@id":"https:\/\/indi.cat\/es\/club3\/indi-club-edicion-2024\/#breadcrumb","itemListElement":[{"@type":"ListItem","position":1,"name":"Home","item":"https:\/\/indi.cat\/es\/"},{"@type":"ListItem","position":2,"name":"Club3","item":"https:\/\/indi.cat\/es\/club3\/"},{"@type":"ListItem","position":3,"name":"IND+I Club &#8211; Edici\u00f3n 2024"}]},{"@type":"WebSite","@id":"https:\/\/indi.cat\/#website","url":"https:\/\/indi.cat\/","name":"IND+I 2025","description":"Viladecans","potentialAction":[{"@type":"SearchAction","target":{"@type":"EntryPoint","urlTemplate":"https:\/\/indi.cat\/?s={search_term_string}"},"query-input":{"@type":"PropertyValueSpecification","valueRequired":true,"valueName":"search_term_string"}}],"inLanguage":"es"}]}},"_links":{"self":[{"href":"https:\/\/indi.cat\/es\/wp-json\/wp\/v2\/pages\/111677","targetHints":{"allow":["GET"]}}],"collection":[{"href":"https:\/\/indi.cat\/es\/wp-json\/wp\/v2\/pages"}],"about":[{"href":"https:\/\/indi.cat\/es\/wp-json\/wp\/v2\/types\/page"}],"author":[{"embeddable":true,"href":"https:\/\/indi.cat\/es\/wp-json\/wp\/v2\/users\/1"}],"replies":[{"embeddable":true,"href":"https:\/\/indi.cat\/es\/wp-json\/wp\/v2\/comments?post=111677"}],"version-history":[{"count":0,"href":"https:\/\/indi.cat\/es\/wp-json\/wp\/v2\/pages\/111677\/revisions"}],"up":[{"embeddable":true,"href":"https:\/\/indi.cat\/es\/wp-json\/wp\/v2\/pages\/1402"}],"wp:attachment":[{"href":"https:\/\/indi.cat\/es\/wp-json\/wp\/v2\/media?parent=111677"}],"curies":[{"name":"wp","href":"https:\/\/api.w.org\/{rel}","templated":true}]}}