{"id":110898,"date":"2022-01-31T18:19:18","date_gmt":"2022-01-31T18:19:18","guid":{"rendered":"https:\/\/indi.cat\/?page_id=110898"},"modified":"2023-11-10T11:40:06","modified_gmt":"2023-11-10T11:40:06","slug":"publicaciones","status":"publish","type":"page","link":"https:\/\/indi.cat\/es\/publicaciones\/","title":{"rendered":"Publicaciones"},"content":{"rendered":"<div class=\"wpb-content-wrapper\"><p>[vc_row][vc_column]<div id=\"ultimate-video-21346a096add4316b\" class=\"ult-video  ult-adjust-bottom-margin ultimate-video-21346a096add4316b ultv-1145 \"><div class=\"ultv-video ultv-aspect-ratio-16_9 ultv-subscribe-responsive-none\" data-videotype=\"uv_iframe\">\n\t\t\t\t\t\t<div class=\"ultv-video__outer-wrap\" data-autoplay=\"0\" data-device=\"false\"  data-iconbg=\"#3A3A3A\" data-overcolor=\"\" data-defaultbg=\"#1f1f1e\" data-defaultplay=\"defaulticon\"><div class=\"ultv-video__play\" data-src=\"https:\/\/www.youtube-nocookie.com\/embed\/RCwgY5kIzIg?rel=0&#038;start=0&#038;end&#038;controls=1&#038;mute=0&#038;modestbranding=1&#038;autoplay=1\">\n\t\t\t\t\t\t\t\t<img decoding=\"async\" class=\"ultv-video__thumb\" src=\"https:\/\/indi.cat\/wp-content\/uploads\/propuestas-thumb.jpg\"\/>\n\t\t\t\t\t\t\t\t<div class=\"ultv-video__play-icon  ultv-animation-none\" style=\"width:75px\"><svg height=\"100%\" version=\"1.1\" viewBox=\"0 0 68 48\" width=\"100%\"><path class=\"ultv-youtube-icon-bg\" d=\"m .66,37.62 c 0,0 .66,4.70 2.70,6.77 2.58,2.71 5.98,2.63 7.49,2.91 5.43,.52 23.10,.68 23.12,.68 .00,-1.3e-5 14.29,-0.02 23.81,-0.71 1.32,-0.15 4.22,-0.17 6.81,-2.89 2.03,-2.07 2.70,-6.77 2.70,-6.77 0,0 .67,-5.52 .67,-11.04 l 0,-5.17 c 0,-5.52 -0.67,-11.04 -0.67,-11.04 0,0 -0.66,-4.70 -2.70,-6.77 C 62.03,.86 59.13,.84 57.80,.69 48.28,0 34.00,0 34.00,0 33.97,0 19.69,0 10.18,.69 8.85,.84 5.95,.86 3.36,3.58 1.32,5.65 .66,10.35 .66,10.35 c 0,0 -0.55,4.50 -0.66,9.45 l 0,8.36 c .10,4.94 .66,9.45 .66,9.45 z\" fill=\"#1f1f1e\" ><\/path><path d=\"m 26.96,13.67 18.37,9.62 -18.37,9.55 -0.00,-19.17 z\" fill=\"#fff\"><\/path><path d=\"M 45.02,23.46 45.32,23.28 26.96,13.67 43.32,22.34 45.02,23.46 z\" fill=\"#ccc\"><\/path><\/svg><\/div> <\/div> <\/div><\/div><\/div>[vc_single_image image=\u00bb29&#8243; img_size=\u00bbfull\u00bb alignment=\u00bbcenter\u00bb][\/vc_column][\/vc_row][vc_row type=\u00bbvc_default\u00bb full_width=\u00bbstretch_row\u00bb css=\u00bb.vc_custom_1641943383093{background-color: #000000 !important;}\u00bb][vc_column][vc_row_inner css=\u00bb.vc_custom_1643653009068{padding-bottom: 2em !important;background-color: #000000 !important;}\u00bb][vc_column_inner][vc_column_text el_class=\u00bbtitu-blanc\u00bb]<\/p>\n<p style=\"text-align: center;\"><strong>PRESENTACI\u00d3N DEL DOCUMENTO<br \/>\nPROPUESTAS PARA NUEVAS POL\u00cdTICAS<br \/>\nDE INNOVACI\u00d3N EN ESPA\u00d1A 2023-2027<\/strong><\/p>\n<p>[\/vc_column_text][vc_column_text el_class=\u00bbblanc\u00bb]Recientemente, el Consejo IND+I, impulsado por el Ayuntamiento de Viladecans, junto con el Foro de Empresas Innovadoras, ha elaborado un documento con m\u00e1s de 100 propuestas de pol\u00edticas de innovaci\u00f3n para el periodo 2023-2027.<\/p>\n<p>El documento se presenta en colaboraci\u00f3n con el Pacto Industrial de la Regi\u00f3n Metropolitana de Barcelona, \u200b\u200bque tiene la misi\u00f3n de establecer una alianza estrat\u00e9gica entre administraciones p\u00fablicas, organizaciones empresariales y sindicatos para promover la competitividad de la industria, la creaci\u00f3n de empleo y mejorar la cohesi\u00f3n social y la sostenibilidad del \u00e1rea metropolitana.[\/vc_column_text][\/vc_column_inner][\/vc_row_inner][\/vc_column][\/vc_row][vc_row][vc_column]<div id=\"ultimate-video-92966a096add43615\" class=\"ult-video  ult-adjust-bottom-margin ultimate-video-92966a096add43615 ultv-7237 \"><div class=\"ultv-video ultv-aspect-ratio-16_9 ultv-subscribe-responsive-none\" data-videotype=\"uv_iframe\">\n\t\t\t\t\t\t<div class=\"ultv-video__outer-wrap\" data-autoplay=\"0\" data-device=\"false\"  data-iconbg=\"#3A3A3A\" data-overcolor=\"\" data-defaultbg=\"#1f1f1e\" data-defaultplay=\"defaulticon\"><div class=\"ultv-video__play\" data-src=\"https:\/\/www.youtube-nocookie.com\/embed\/ExihDpr0_RM?rel=0&#038;start=0&#038;end&#038;controls=1&#038;mute=0&#038;modestbranding=1&#038;autoplay=1\">\n\t\t\t\t\t\t\t\t<img decoding=\"async\" class=\"ultv-video__thumb\" src=\"https:\/\/indi.cat\/wp-content\/uploads\/soberania-thumb.jpg\"\/>\n\t\t\t\t\t\t\t\t<div class=\"ultv-video__play-icon  ultv-animation-none\" style=\"width:75px\"><svg height=\"100%\" version=\"1.1\" viewBox=\"0 0 68 48\" width=\"100%\"><path class=\"ultv-youtube-icon-bg\" d=\"m .66,37.62 c 0,0 .66,4.70 2.70,6.77 2.58,2.71 5.98,2.63 7.49,2.91 5.43,.52 23.10,.68 23.12,.68 .00,-1.3e-5 14.29,-0.02 23.81,-0.71 1.32,-0.15 4.22,-0.17 6.81,-2.89 2.03,-2.07 2.70,-6.77 2.70,-6.77 0,0 .67,-5.52 .67,-11.04 l 0,-5.17 c 0,-5.52 -0.67,-11.04 -0.67,-11.04 0,0 -0.66,-4.70 -2.70,-6.77 C 62.03,.86 59.13,.84 57.80,.69 48.28,0 34.00,0 34.00,0 33.97,0 19.69,0 10.18,.69 8.85,.84 5.95,.86 3.36,3.58 1.32,5.65 .66,10.35 .66,10.35 c 0,0 -0.55,4.50 -0.66,9.45 l 0,8.36 c .10,4.94 .66,9.45 .66,9.45 z\" fill=\"#1f1f1e\" ><\/path><path d=\"m 26.96,13.67 18.37,9.62 -18.37,9.55 -0.00,-19.17 z\" fill=\"#fff\"><\/path><path d=\"M 45.02,23.46 45.32,23.28 26.96,13.67 43.32,22.34 45.02,23.46 z\" fill=\"#ccc\"><\/path><\/svg><\/div> <\/div> <\/div><\/div><\/div>[vc_single_image image=\u00bb29&#8243; img_size=\u00bbfull\u00bb alignment=\u00bbcenter\u00bb][\/vc_column][\/vc_row][vc_row type=\u00bbvc_default\u00bb full_width=\u00bbstretch_row\u00bb css=\u00bb.vc_custom_1641943383093{background-color: #000000 !important;}\u00bb][vc_column][vc_row_inner css=\u00bb.vc_custom_1643653009068{padding-bottom: 2em !important;background-color: #000000 !important;}\u00bb][vc_column_inner][vc_column_text el_class=\u00bbtitu-blanc\u00bb]<\/p>\n<p style=\"text-align: center;\"><strong>PRESENTACI\u00d3N DEL DOCUMENTO<br \/>\nSOBERANIA TECNOL\u00d3GICA. Definici\u00f3n, dilemas y recomendaciones para Espa\u00f1a.<\/strong><\/p>\n<p>[\/vc_column_text][vc_column_text el_class=\u00bbsub-titu-blanc\u00bb]<\/p>\n<p style=\"text-align: center;\"><strong>Elaborado por lND+I y FEI en colaboraci\u00f3n<\/strong><\/p>\n<p>[\/vc_column_text][vc_column_text el_class=\u00bbblanc\u00bb]<\/p>\n<p style=\"text-align: center;\">Despu\u00e9s de la publicaci\u00f3n en 2020 del documento titulado <strong>\u201cLOS PILARES DEL FUTURO\u201d<\/strong> que demostr\u00f3 las capacidades de ambos colectivos para elaborar de forma colaborativa propuestas de valor, <strong>FEI e IND+I<\/strong> han emprendido durante este a\u00f1o 2021, otro reto, permanente pero acuciado, despu\u00e9s de la crisis que nos ha supuesto el virus y sus impactos en las sociedades avanzadas: <strong>\u201cLA SOBERAN\u00cdA TECNOL\u00d3GICA\u201d<\/strong>. Lo hemos enfrentado siguiendo las pautas de \u00e9xito de la primera publicaci\u00f3n: reunir a expertos de ambas partes para que den lo mejor de su conocimiento y experiencia, y resuman, de forma muy clara y breve, algunas reflexiones que sirvan para disponer de una base sobre la cual construir las propuestas que Espa\u00f1a y Europa deben acordar si quieren estar en el futuro industrial y de innovaci\u00f3n en las pr\u00f3ximas d\u00e9cadas.<\/p>\n<p>[\/vc_column_text][vc_btn title=\u00bbDescargar documento\u00bb style=\u00bbflat\u00bb shape=\u00bbsquare\u00bb color=\u00bbturquoise\u00bb size=\u00bblg\u00bb align=\u00bbcenter\u00bb i_icon_fontawesome=\u00bbfas fa-arrow-circle-down\u00bb add_icon=\u00bbtrue\u00bb link=\u00bburl:%2Fwp-content%2Fuploads%2F210728-Soberania_tecnologica_28jul_compressed-1.pdf|target:_blank|rel:nofollow\u00bb][\/vc_column_inner][\/vc_row_inner][\/vc_column][\/vc_row][vc_row][vc_column]<div id=\"ultimate-video-4026a096add43dbf\" class=\"ult-video  ult-adjust-bottom-margin ultimate-video-4026a096add43dbf ultv-5112 \"><div class=\"ultv-video ultv-aspect-ratio-16_9 ultv-subscribe-responsive-none\" data-videotype=\"uv_iframe\">\n\t\t\t\t\t\t<div class=\"ultv-video__outer-wrap\" data-autoplay=\"0\" data-device=\"false\"  data-iconbg=\"#3A3A3A\" data-overcolor=\"\" data-defaultbg=\"#1f1f1e\" data-defaultplay=\"defaulticon\"><div class=\"ultv-video__play\" data-src=\"https:\/\/www.youtube-nocookie.com\/embed\/nnZFKeUpM4g?rel=0&#038;start=0&#038;end&#038;controls=1&#038;mute=0&#038;modestbranding=1&#038;autoplay=1\">\n\t\t\t\t\t\t\t\t<img decoding=\"async\" class=\"ultv-video__thumb\" src=\"https:\/\/indi.cat\/wp-content\/uploads\/pilares-thumb.jpg\"\/>\n\t\t\t\t\t\t\t\t<div class=\"ultv-video__play-icon  ultv-animation-none\" style=\"width:75px\"><svg height=\"100%\" version=\"1.1\" viewBox=\"0 0 68 48\" width=\"100%\"><path class=\"ultv-youtube-icon-bg\" d=\"m .66,37.62 c 0,0 .66,4.70 2.70,6.77 2.58,2.71 5.98,2.63 7.49,2.91 5.43,.52 23.10,.68 23.12,.68 .00,-1.3e-5 14.29,-0.02 23.81,-0.71 1.32,-0.15 4.22,-0.17 6.81,-2.89 2.03,-2.07 2.70,-6.77 2.70,-6.77 0,0 .67,-5.52 .67,-11.04 l 0,-5.17 c 0,-5.52 -0.67,-11.04 -0.67,-11.04 0,0 -0.66,-4.70 -2.70,-6.77 C 62.03,.86 59.13,.84 57.80,.69 48.28,0 34.00,0 34.00,0 33.97,0 19.69,0 10.18,.69 8.85,.84 5.95,.86 3.36,3.58 1.32,5.65 .66,10.35 .66,10.35 c 0,0 -0.55,4.50 -0.66,9.45 l 0,8.36 c .10,4.94 .66,9.45 .66,9.45 z\" fill=\"#1f1f1e\" ><\/path><path d=\"m 26.96,13.67 18.37,9.62 -18.37,9.55 -0.00,-19.17 z\" fill=\"#fff\"><\/path><path d=\"M 45.02,23.46 45.32,23.28 26.96,13.67 43.32,22.34 45.02,23.46 z\" fill=\"#ccc\"><\/path><\/svg><\/div> <\/div> <\/div><\/div><\/div>[vc_single_image image=\u00bb29&#8243; img_size=\u00bbfull\u00bb alignment=\u00bbcenter\u00bb][\/vc_column][\/vc_row][vc_row type=\u00bbvc_default\u00bb full_width=\u00bbstretch_row\u00bb css=\u00bb.vc_custom_1641943383093{background-color: #000000 !important;}\u00bb][vc_column][vc_row_inner css=\u00bb.vc_custom_1643652656152{padding-bottom: 2em !important;background-color: #000000 !important;}\u00bb][vc_column_inner][vc_column_text el_class=\u00bbtitu-blanc\u00bb]<\/p>\n<p style=\"text-align: center;\"><strong>PRESENTACI\u00d3N DEL DOCUMENTO<br \/>\nLOS PILARES DE UN FUTURO M\u00c1S PR\u00d3SPERO Y SOSTENIBLE<br \/>\nEl desarrollo de Espa\u00f1a en el tiempo de despu\u00e9s<\/strong><\/p>\n<p>[\/vc_column_text][vc_column_text el_class=\u00bbsub-titu-blanc\u00bb]<\/p>\n<p style=\"text-align: center;\"><strong>Elaborado por lND+I y FEI en colaboraci\u00f3n<\/strong><\/p>\n<p>[\/vc_column_text][vc_column_text el_class=\u00bbblanc\u00bb]<\/p>\n<p style=\"text-align: center;\"><strong>El Foro de Empresas Innovadoras, FEI, y la Comunidad IND+I<\/strong>, dos plataformas de la sociedad civil, surgidas de Madrid y Barcelona, pero con representaci\u00f3n acad\u00e9mica, empresarial e institucional de todo el Estado, acordaron reflexionar conjuntamente sobre la naturaleza del camino de recuperaci\u00f3n post COVID-19, el cual entienden que necesariamente tiene que levantar los pilares de <strong>un nuevo modelo productivo m\u00e1s pr\u00f3spero y sostenible basado en la innovaci\u00f3n, la ciencia y la industria<\/strong>. Fruto de esta reflexi\u00f3n, surge este manifiesto que dibuja el tiempo de despu\u00e9s de la crisis sanitaria, econ\u00f3mica y social y que pretende inspirar a gobiernos, otros agentes sociales y econ\u00f3micos y a la sociedad en general.<\/p>\n<p>[\/vc_column_text][vc_btn title=\u00bbDescargar documento\u00bb style=\u00bbflat\u00bb shape=\u00bbsquare\u00bb color=\u00bbturquoise\u00bb size=\u00bblg\u00bb align=\u00bbcenter\u00bb i_icon_fontawesome=\u00bbfas fa-arrow-circle-down\u00bb add_icon=\u00bbtrue\u00bb link=\u00bburl:%2Fwp-content%2Fuploads%2F200521-DOCUMENTO-FEI-INDI-1.pdf|target:_blank|rel:nofollow\u00bb][\/vc_column_inner][\/vc_row_inner][\/vc_column][\/vc_row]<\/p>\n<\/div>","protected":false},"excerpt":{"rendered":"<p>[vc_row][vc_column][vc_single_image image=\u00bb29&#8243; img_size=\u00bbfull\u00bb alignment=\u00bbcenter\u00bb][\/vc_column][\/vc_row][vc_row type=\u00bbvc_default\u00bb full_width=\u00bbstretch_row\u00bb css=\u00bb.vc_custom_1641943383093{background-color: #000000 !important;}\u00bb][vc_column][vc_row_inner css=\u00bb.vc_custom_1643653009068{padding-bottom: 2em !important;background-color: #000000 !important;}\u00bb][vc_column_inner][vc_column_text el_class=\u00bbtitu-blanc\u00bb] PRESENTACI\u00d3N DEL DOCUMENTO PROPUESTAS PARA NUEVAS POL\u00cdTICAS DE INNOVACI\u00d3N EN ESPA\u00d1A 2023-2027 [\/vc_column_text][vc_column_text el_class=\u00bbblanc\u00bb]Recientemente, el Consejo IND+I, impulsado por el Ayuntamiento de Viladecans, junto con el Foro de Empresas Innovadoras, ha elaborado un documento con m\u00e1s de 100 propuestas de&hellip;<\/p>\n","protected":false},"author":1,"featured_media":0,"parent":0,"menu_order":0,"comment_status":"closed","ping_status":"closed","template":"","meta":{"footnotes":""},"class_list":["post-110898","page","type-page","status-publish","hentry","description-off"],"yoast_head":"<!-- This site is optimized with the Yoast SEO plugin v27.5 - https:\/\/yoast.com\/product\/yoast-seo-wordpress\/ -->\n<title>Publicaciones - IND+I 2025<\/title>\n<meta name=\"robots\" content=\"index, follow, max-snippet:-1, max-image-preview:large, max-video-preview:-1\" \/>\n<link rel=\"canonical\" href=\"https:\/\/indi.cat\/es\/publicaciones\/\" \/>\n<meta property=\"og:locale\" content=\"es_ES\" \/>\n<meta property=\"og:type\" content=\"article\" \/>\n<meta property=\"og:title\" content=\"Publicaciones - IND+I 2025\" \/>\n<meta property=\"og:description\" content=\"[vc_row][vc_column][vc_single_image image=\u00bb29&#8243; img_size=\u00bbfull\u00bb alignment=\u00bbcenter\u00bb][\/vc_column][\/vc_row][vc_row type=\u00bbvc_default\u00bb full_width=\u00bbstretch_row\u00bb css=\u00bb.vc_custom_1641943383093{background-color: #000000 !important;}\u00bb][vc_column][vc_row_inner css=\u00bb.vc_custom_1643653009068{padding-bottom: 2em !important;background-color: #000000 !important;}\u00bb][vc_column_inner][vc_column_text el_class=\u00bbtitu-blanc\u00bb] PRESENTACI\u00d3N DEL DOCUMENTO PROPUESTAS PARA NUEVAS POL\u00cdTICAS DE INNOVACI\u00d3N EN ESPA\u00d1A 2023-2027 [\/vc_column_text][vc_column_text el_class=\u00bbblanc\u00bb]Recientemente, el Consejo IND+I, impulsado por el Ayuntamiento de Viladecans, junto con el Foro de Empresas Innovadoras, ha elaborado un documento con m\u00e1s de 100 propuestas de&hellip;\" \/>\n<meta property=\"og:url\" content=\"https:\/\/indi.cat\/es\/publicaciones\/\" \/>\n<meta property=\"og:site_name\" content=\"IND+I 2025\" \/>\n<meta property=\"article:modified_time\" content=\"2023-11-10T11:40:06+00:00\" \/>\n<meta name=\"twitter:card\" content=\"summary_large_image\" \/>\n<meta name=\"twitter:site\" content=\"@INDI_viladecans\" \/>\n<script type=\"application\/ld+json\" class=\"yoast-schema-graph\">{\"@context\":\"https:\\\/\\\/schema.org\",\"@graph\":[{\"@type\":\"WebPage\",\"@id\":\"https:\\\/\\\/indi.cat\\\/es\\\/publicaciones\\\/\",\"url\":\"https:\\\/\\\/indi.cat\\\/es\\\/publicaciones\\\/\",\"name\":\"Publicaciones - IND+I 2025\",\"isPartOf\":{\"@id\":\"https:\\\/\\\/indi.cat\\\/#website\"},\"datePublished\":\"2022-01-31T18:19:18+00:00\",\"dateModified\":\"2023-11-10T11:40:06+00:00\",\"breadcrumb\":{\"@id\":\"https:\\\/\\\/indi.cat\\\/es\\\/publicaciones\\\/#breadcrumb\"},\"inLanguage\":\"es\",\"potentialAction\":[{\"@type\":\"ReadAction\",\"target\":[\"https:\\\/\\\/indi.cat\\\/es\\\/publicaciones\\\/\"]}]},{\"@type\":\"BreadcrumbList\",\"@id\":\"https:\\\/\\\/indi.cat\\\/es\\\/publicaciones\\\/#breadcrumb\",\"itemListElement\":[{\"@type\":\"ListItem\",\"position\":1,\"name\":\"Home\",\"item\":\"https:\\\/\\\/indi.cat\\\/es\\\/\"},{\"@type\":\"ListItem\",\"position\":2,\"name\":\"Publicaciones\"}]},{\"@type\":\"WebSite\",\"@id\":\"https:\\\/\\\/indi.cat\\\/#website\",\"url\":\"https:\\\/\\\/indi.cat\\\/\",\"name\":\"IND+I 2025\",\"description\":\"Viladecans\",\"potentialAction\":[{\"@type\":\"SearchAction\",\"target\":{\"@type\":\"EntryPoint\",\"urlTemplate\":\"https:\\\/\\\/indi.cat\\\/?s={search_term_string}\"},\"query-input\":{\"@type\":\"PropertyValueSpecification\",\"valueRequired\":true,\"valueName\":\"search_term_string\"}}],\"inLanguage\":\"es\"}]}<\/script>\n<!-- \/ Yoast SEO plugin. -->","yoast_head_json":{"title":"Publicaciones - IND+I 2025","robots":{"index":"index","follow":"follow","max-snippet":"max-snippet:-1","max-image-preview":"max-image-preview:large","max-video-preview":"max-video-preview:-1"},"canonical":"https:\/\/indi.cat\/es\/publicaciones\/","og_locale":"es_ES","og_type":"article","og_title":"Publicaciones - IND+I 2025","og_description":"[vc_row][vc_column][vc_single_image image=\u00bb29&#8243; img_size=\u00bbfull\u00bb alignment=\u00bbcenter\u00bb][\/vc_column][\/vc_row][vc_row type=\u00bbvc_default\u00bb full_width=\u00bbstretch_row\u00bb css=\u00bb.vc_custom_1641943383093{background-color: #000000 !important;}\u00bb][vc_column][vc_row_inner css=\u00bb.vc_custom_1643653009068{padding-bottom: 2em !important;background-color: #000000 !important;}\u00bb][vc_column_inner][vc_column_text el_class=\u00bbtitu-blanc\u00bb] PRESENTACI\u00d3N DEL DOCUMENTO PROPUESTAS PARA NUEVAS POL\u00cdTICAS DE INNOVACI\u00d3N EN ESPA\u00d1A 2023-2027 [\/vc_column_text][vc_column_text el_class=\u00bbblanc\u00bb]Recientemente, el Consejo IND+I, impulsado por el Ayuntamiento de Viladecans, junto con el Foro de Empresas Innovadoras, ha elaborado un documento con m\u00e1s de 100 propuestas de&hellip;","og_url":"https:\/\/indi.cat\/es\/publicaciones\/","og_site_name":"IND+I 2025","article_modified_time":"2023-11-10T11:40:06+00:00","twitter_card":"summary_large_image","twitter_site":"@INDI_viladecans","schema":{"@context":"https:\/\/schema.org","@graph":[{"@type":"WebPage","@id":"https:\/\/indi.cat\/es\/publicaciones\/","url":"https:\/\/indi.cat\/es\/publicaciones\/","name":"Publicaciones - IND+I 2025","isPartOf":{"@id":"https:\/\/indi.cat\/#website"},"datePublished":"2022-01-31T18:19:18+00:00","dateModified":"2023-11-10T11:40:06+00:00","breadcrumb":{"@id":"https:\/\/indi.cat\/es\/publicaciones\/#breadcrumb"},"inLanguage":"es","potentialAction":[{"@type":"ReadAction","target":["https:\/\/indi.cat\/es\/publicaciones\/"]}]},{"@type":"BreadcrumbList","@id":"https:\/\/indi.cat\/es\/publicaciones\/#breadcrumb","itemListElement":[{"@type":"ListItem","position":1,"name":"Home","item":"https:\/\/indi.cat\/es\/"},{"@type":"ListItem","position":2,"name":"Publicaciones"}]},{"@type":"WebSite","@id":"https:\/\/indi.cat\/#website","url":"https:\/\/indi.cat\/","name":"IND+I 2025","description":"Viladecans","potentialAction":[{"@type":"SearchAction","target":{"@type":"EntryPoint","urlTemplate":"https:\/\/indi.cat\/?s={search_term_string}"},"query-input":{"@type":"PropertyValueSpecification","valueRequired":true,"valueName":"search_term_string"}}],"inLanguage":"es"}]}},"_links":{"self":[{"href":"https:\/\/indi.cat\/es\/wp-json\/wp\/v2\/pages\/110898","targetHints":{"allow":["GET"]}}],"collection":[{"href":"https:\/\/indi.cat\/es\/wp-json\/wp\/v2\/pages"}],"about":[{"href":"https:\/\/indi.cat\/es\/wp-json\/wp\/v2\/types\/page"}],"author":[{"embeddable":true,"href":"https:\/\/indi.cat\/es\/wp-json\/wp\/v2\/users\/1"}],"replies":[{"embeddable":true,"href":"https:\/\/indi.cat\/es\/wp-json\/wp\/v2\/comments?post=110898"}],"version-history":[{"count":0,"href":"https:\/\/indi.cat\/es\/wp-json\/wp\/v2\/pages\/110898\/revisions"}],"wp:attachment":[{"href":"https:\/\/indi.cat\/es\/wp-json\/wp\/v2\/media?parent=110898"}],"curies":[{"name":"wp","href":"https:\/\/api.w.org\/{rel}","templated":true}]}}